{"id":729636,"date":"2025-08-27T20:59:58","date_gmt":"2025-08-27T17:59:58","guid":{"rendered":"https:\/\/roveyayinevi.com.tr\/index.php\/urun\/asi-yildiz\/"},"modified":"2026-04-16T02:37:14","modified_gmt":"2026-04-15T23:37:14","slug":"asi-yildiz","status":"publish","type":"product","link":"https:\/\/roveyayinevi.com.tr\/index.php\/urun\/asi-yildiz\/","title":{"rendered":"Asi Y\u0131ld\u0131z"},"content":{"rendered":"<p>\u201cBu heyecan verici, g\u00fczelce yaz\u0131lm\u0131\u015f kitap, sadece G\u00fcne\u015f&#8217;in i\u00e7 i\u015fleyi\u015finin ve bunun D\u00fcnya\u2019y\u0131 nas\u0131l etkiledi\u011finin de\u011fil, ayn\u0131 zamanda yerel y\u0131ld\u0131z\u0131m\u0131z\u0131n saf g\u00fcc\u00fcn\u00fcn nas\u0131l fark\u0131na vard\u0131\u011f\u0131m\u0131z\u0131n da bir hik\u00e2yesidir. Colin Stuart bu ak\u0131llara durgunluk veren ayr\u0131nt\u0131lar\u0131, kristal netli\u011fiyle a\u00e7\u0131kl\u0131yor.\u201d LEWIS DARTNELL   \u201cD\u00fcnya\u2019daki ya\u015fam i\u00e7in temel \u00f6nemine ra\u011fmen, nedense, G\u00fcne\u015f hep astronomik pop\u00fcler bilimin K\u00fclkedisi olmu\u015ftur. Dost canl\u0131s\u0131 mahalle y\u0131ld\u0131z\u0131m\u0131z\u0131n bu b\u00fcy\u00fcleyici ve derinlemesine ara\u015ft\u0131rmas\u0131nda, Colin Stuart, K\u00fclkedisi&#8217;nin baloya ula\u015fmas\u0131n\u0131 sa\u011fl\u0131yor.\u201d    BRIAN CLEGG   Her sabah dev bir n\u00fckleer reakt\u00f6r, D\u00fcnya&#8217;daki ya\u015fam\u0131m\u0131z\u0131 s\u00fcrd\u00fcrebilmemiz i\u00e7in gereken \u0131s\u0131 ve \u0131\u015f\u0131\u011f\u0131 bize bah\u015fetmek \u00fczere ufukta y\u00fckseliyor. Bu \u00e7ok tan\u0131d\u0131k bir manzara olmas\u0131na ra\u011fmen G\u00fcne\u015f\u2019in nas\u0131l \u00e7al\u0131\u015ft\u0131\u011f\u0131 hakk\u0131nda \u015fa\u015f\u0131rt\u0131c\u0131 derecede az \u015fey biliyoruz ve bu cehalet bizi \u00f6ng\u00f6r\u00fclemeyen G\u00fcne\u015f f\u0131rt\u0131nalar\u0131n\u0131n a\u015f\u0131r\u0131l\u0131klar\u0131na kar\u015f\u0131 savunmas\u0131z b\u0131rak\u0131yor.  Yeni bir G\u00fcne\u015f ke\u015fif \u00e7a\u011f\u0131 do\u011farken Asi Y\u0131ld\u0131z, g\u00fcne\u015f sistemimizin kalbindeki g\u00fc\u00e7 santrali hakk\u0131nda \u015fu ana kadar bildiklerimiz ve h\u00e2l\u00e2 \u00f6\u011frenece\u011fimiz hayati gizemleri i\u00e7eren ayd\u0131nlat\u0131c\u0131 bir genel bak\u0131\u015f sunuyor<\/p>\n","protected":false},"excerpt":{"rendered":"<p>\u201cBu heyecan verici, g\u00fczelce yaz\u0131lm\u0131\u015f kitap, sadece G\u00fcne\u015f&#8217;in i\u00e7 i\u015fleyi\u015finin ve bunun D\u00fcnya\u2019y\u0131 nas\u0131l etkiledi\u011finin de\u011fil, ayn\u0131 zamanda yerel y\u0131ld\u0131z\u0131m\u0131z\u0131n saf g\u00fcc\u00fcn\u00fcn nas\u0131l fark\u0131na vard\u0131\u011f\u0131m\u0131z\u0131n da<span class=\"excerpt-hellip\"> [\u2026]<\/span><\/p>\n","protected":false},"featured_media":0,"template":"","meta":{"_monsterinsights_skip_tracking":false,"_monsterinsights_sitenote_active":false,"_monsterinsights_sitenote_note":"","_monsterinsights_sitenote_category":0},"product_brand":[],"product_cat":[13005,13006],"product_tag":[],"class_list":{"0":"post-729636","1":"product","2":"type-product","3":"status-publish","5":"product_cat-bilim-muhendislik","6":"product_cat-populer-bilim","7":"pa_cilt-ciltsiz","8":"pa_tur-kitap","9":"pa_yayinevi-profil-kitap","10":"pa_yazar-colin-stuart","12":"first","13":"instock","14":"sale","15":"shipping-taxable","16":"purchasable","17":"product-type-simple"},"_links":{"self":[{"href":"https:\/\/roveyayinevi.com.tr\/index.php\/wp-json\/wp\/v2\/product\/729636","targetHints":{"allow":["GET"]}}],"collection":[{"href":"https:\/\/roveyayinevi.com.tr\/index.php\/wp-json\/wp\/v2\/product"}],"about":[{"href":"https:\/\/roveyayinevi.com.tr\/index.php\/wp-json\/wp\/v2\/types\/product"}],"wp:attachment":[{"href":"https:\/\/roveyayinevi.com.tr\/index.php\/wp-json\/wp\/v2\/media?parent=729636"}],"wp:term":[{"taxonomy":"product_brand","embeddable":true,"href":"https:\/\/roveyayinevi.com.tr\/index.php\/wp-json\/wp\/v2\/product_brand?post=729636"},{"taxonomy":"product_cat","embeddable":true,"href":"https:\/\/roveyayinevi.com.tr\/index.php\/wp-json\/wp\/v2\/product_cat?post=729636"},{"taxonomy":"product_tag","embeddable":true,"href":"https:\/\/roveyayinevi.com.tr\/index.php\/wp-json\/wp\/v2\/product_tag?post=729636"}],"curies":[{"name":"wp","href":"https:\/\/api.w.org\/{rel}","templated":true}]}}