{"id":729635,"date":"2025-08-27T20:59:58","date_gmt":"2025-08-27T17:59:58","guid":{"rendered":"https:\/\/roveyayinevi.com.tr\/index.php\/urun\/hulasa\/"},"modified":"2026-04-08T02:46:16","modified_gmt":"2026-04-07T23:46:16","slug":"hulasa","status":"publish","type":"product","link":"https:\/\/roveyayinevi.com.tr\/index.php\/urun\/hulasa\/","title":{"rendered":"H\u00fclasa"},"content":{"rendered":"<p>Hayat en iyi \u201ck\u0131saca\u201d anlat\u0131l\u0131r. H\u00fclasa tam anlam\u0131yla bunu yans\u0131tan bir ger\u00e7eklik. Hayat \u00fczerine sayfalarca yaz\u0131 yazmak yerine; onu a\u00e7\u0131klamak i\u00e7in en \u00f6z\u00fc, en k\u0131sas\u0131 yeterli ve iyidir. Hayat yolculu\u011funda sayfalarda mola vermek i\u00e7in, o sayfalardaki derinli\u011fi alg\u0131lamak i\u00e7in okumal\u0131 ve d\u00fc\u015f\u00fcnmeliyiz. Simay Ko\u00e7\u2019un her bir sat\u0131r\u0131nda hayattan ve kendinizden bir \u015feyler bulacak \u201cFark\u0131ndal\u0131k\u201d ile ba\u015flayan yolculu\u011funuzu \u201cSon Pi\u015fmanl\u0131k\u201d ile tamamlayacaks\u0131n\u0131z. Huzuru ancak kendi i\u00e7imize kap\u0131lar a\u00e7arak yakalar\u0131z. Birlikte bu kap\u0131lar\u0131 a\u00e7maya ne dersiniz? <\/p>\n","protected":false},"excerpt":{"rendered":"<p>Hayat en iyi \u201ck\u0131saca\u201d anlat\u0131l\u0131r. H\u00fclasa tam anlam\u0131yla bunu yans\u0131tan bir ger\u00e7eklik. Hayat \u00fczerine sayfalarca yaz\u0131 yazmak yerine; onu a\u00e7\u0131klamak i\u00e7in en \u00f6z\u00fc, en k\u0131sas\u0131 yeterli<span class=\"excerpt-hellip\"> [\u2026]<\/span><\/p>\n","protected":false},"featured_media":0,"template":"","meta":{"_monsterinsights_skip_tracking":false,"_monsterinsights_sitenote_active":false,"_monsterinsights_sitenote_note":"","_monsterinsights_sitenote_category":0},"product_brand":[],"product_cat":[12364,12376],"product_tag":[],"class_list":{"0":"post-729635","1":"product","2":"type-product","3":"status-publish","5":"product_cat-genel-konular","6":"product_cat-kisisel-gelisim","7":"pa_cilt-ciltsiz","8":"pa_tur-kitap","9":"pa_yayinevi-luna-yayinlari","10":"pa_yazar-simay-koc","12":"first","13":"instock","14":"sale","15":"shipping-taxable","16":"purchasable","17":"product-type-simple"},"_links":{"self":[{"href":"https:\/\/roveyayinevi.com.tr\/index.php\/wp-json\/wp\/v2\/product\/729635","targetHints":{"allow":["GET"]}}],"collection":[{"href":"https:\/\/roveyayinevi.com.tr\/index.php\/wp-json\/wp\/v2\/product"}],"about":[{"href":"https:\/\/roveyayinevi.com.tr\/index.php\/wp-json\/wp\/v2\/types\/product"}],"wp:attachment":[{"href":"https:\/\/roveyayinevi.com.tr\/index.php\/wp-json\/wp\/v2\/media?parent=729635"}],"wp:term":[{"taxonomy":"product_brand","embeddable":true,"href":"https:\/\/roveyayinevi.com.tr\/index.php\/wp-json\/wp\/v2\/product_brand?post=729635"},{"taxonomy":"product_cat","embeddable":true,"href":"https:\/\/roveyayinevi.com.tr\/index.php\/wp-json\/wp\/v2\/product_cat?post=729635"},{"taxonomy":"product_tag","embeddable":true,"href":"https:\/\/roveyayinevi.com.tr\/index.php\/wp-json\/wp\/v2\/product_tag?post=729635"}],"curies":[{"name":"wp","href":"https:\/\/api.w.org\/{rel}","templated":true}]}}