{"id":729629,"date":"2025-08-27T20:58:48","date_gmt":"2025-08-27T17:58:48","guid":{"rendered":"https:\/\/roveyayinevi.com.tr\/index.php\/urun\/haysiyet\/"},"modified":"2026-04-16T02:37:14","modified_gmt":"2026-04-15T23:37:14","slug":"haysiyet","status":"publish","type":"product","link":"https:\/\/roveyayinevi.com.tr\/index.php\/urun\/haysiyet\/","title":{"rendered":"Haysiyet"},"content":{"rendered":"<p>\u201cAdaletsizli\u011fi de\u011fi\u015ftiremezsiniz ama adaletsizlik kar\u015f\u0131s\u0131ndaki duru\u015funuzu de\u011fi\u015ftirebilirsiniz.\u201d Haysiyet k\u0131rg\u0131nl\u0131\u011f\u0131n\u0131n ayaklanmas\u0131, ruhun ayaklanmas\u0131d\u0131r. Ayaklanabilen bir ruhsa, insan\u0131n mucizesidir. \u0130nsan\u0131 insan yapan yeg\u00e2ne mucize&#8230; Ya\u015famaktaki efsun, insan ruhunun haysiyet okyanusuna dalmas\u0131yla bulunur ancak. Hakl\u0131, haks\u0131z\u0131n zorbal\u0131\u011f\u0131 kar\u015f\u0131s\u0131nda kendini kurban etmekten vazge\u00e7ti\u011fi g\u00fcn kaderin mak\u00fbs d\u00f6ng\u00fcs\u00fc de de\u011fi\u015fir. Kuzu, kurda av olmaktan b\u0131km\u0131\u015ft\u0131r art\u0131k. Boyun e\u011fmek yerine haysiyetini korumak yolunu se\u00e7mi\u015ftir. P\u0131nar\u0131n suyunda onun da kurt kadar hakk\u0131 vard\u0131r \u00e7\u00fcnk\u00fc. H\u0131rlayan kurdun keskin di\u015flerinden ve tehdidinden korkarak ya\u015famak da bir t\u00fcr intihard\u0131r ne de olsa&#8230; Kuzular, kurda av olduklar\u0131 masal\u0131n sonunu yeniden yazmak istiyor art\u0131k. <\/p>\n","protected":false},"excerpt":{"rendered":"<p>\u201cAdaletsizli\u011fi de\u011fi\u015ftiremezsiniz ama adaletsizlik kar\u015f\u0131s\u0131ndaki duru\u015funuzu de\u011fi\u015ftirebilirsiniz.\u201d Haysiyet k\u0131rg\u0131nl\u0131\u011f\u0131n\u0131n ayaklanmas\u0131, ruhun ayaklanmas\u0131d\u0131r. Ayaklanabilen bir ruhsa, insan\u0131n mucizesidir. \u0130nsan\u0131 insan yapan yeg\u00e2ne mucize&#8230; Ya\u015famaktaki efsun, insan ruhunun<span class=\"excerpt-hellip\"> [\u2026]<\/span><\/p>\n","protected":false},"featured_media":0,"template":"","meta":{"_monsterinsights_skip_tracking":false,"_monsterinsights_sitenote_active":false,"_monsterinsights_sitenote_note":"","_monsterinsights_sitenote_category":0},"product_brand":[],"product_cat":[31194,12337],"product_tag":[],"class_list":{"0":"post-729629","1":"product","2":"type-product","3":"status-publish","5":"product_cat-guncel-siyaset","6":"product_cat-politika-siyaset","7":"pa_cilt-ciltsiz","8":"pa_tur-kitap","9":"pa_yayinevi-destek-yayinlari","10":"pa_yazar-ece-uner","12":"first","13":"instock","14":"sale","15":"shipping-taxable","16":"purchasable","17":"product-type-simple"},"_links":{"self":[{"href":"https:\/\/roveyayinevi.com.tr\/index.php\/wp-json\/wp\/v2\/product\/729629","targetHints":{"allow":["GET"]}}],"collection":[{"href":"https:\/\/roveyayinevi.com.tr\/index.php\/wp-json\/wp\/v2\/product"}],"about":[{"href":"https:\/\/roveyayinevi.com.tr\/index.php\/wp-json\/wp\/v2\/types\/product"}],"wp:attachment":[{"href":"https:\/\/roveyayinevi.com.tr\/index.php\/wp-json\/wp\/v2\/media?parent=729629"}],"wp:term":[{"taxonomy":"product_brand","embeddable":true,"href":"https:\/\/roveyayinevi.com.tr\/index.php\/wp-json\/wp\/v2\/product_brand?post=729629"},{"taxonomy":"product_cat","embeddable":true,"href":"https:\/\/roveyayinevi.com.tr\/index.php\/wp-json\/wp\/v2\/product_cat?post=729629"},{"taxonomy":"product_tag","embeddable":true,"href":"https:\/\/roveyayinevi.com.tr\/index.php\/wp-json\/wp\/v2\/product_tag?post=729629"}],"curies":[{"name":"wp","href":"https:\/\/api.w.org\/{rel}","templated":true}]}}