{"id":729628,"date":"2025-08-27T20:58:47","date_gmt":"2025-08-27T17:58:47","guid":{"rendered":"https:\/\/roveyayinevi.com.tr\/index.php\/urun\/cozun-ipleri-sabahin-sahibine-gidiyoruz\/"},"modified":"2026-04-16T02:37:14","modified_gmt":"2026-04-15T23:37:14","slug":"cozun-ipleri-sabahin-sahibine-gidiyoruz","status":"publish","type":"product","link":"https:\/\/roveyayinevi.com.tr\/index.php\/urun\/cozun-ipleri-sabahin-sahibine-gidiyoruz\/","title":{"rendered":"\u00c7\u00f6z\u00fcn \u0130pleri Sabah\u0131n Sahibine Gidiyoruz"},"content":{"rendered":"<p>BU LUNAPARKTA HER \u015eEY GER\u00c7EK!   Elinizde tuttu\u011funuz bu kitapta, size oyunbozan Corona sebebiyle yar\u0131m b\u0131rak\u0131lan ya da b\u0131rakt\u0131r\u0131lan her \u015feyi cesaretle anlatt\u0131m. Tahmin etti\u011finiz gibi&#8230; Sizin de ya\u015fad\u0131\u011f\u0131n\u0131z gibi&#8230; Bir g\u00fcn bir oyunbozanla tan\u0131\u015ft\u0131m ve b\u00fct\u00fcn hayat\u0131m de\u011fi\u015fti.   Avukat ve sanat\u00e7\u0131 menajeri Burcu Mutlugil\u2019den i\u00e7inizi \u0131s\u0131tacak, zaman zaman \u015fa\u015f\u0131rtacak kulis, sahne, turne, sokak, se\u00e7im, \u015fehir ve biraz da d\u00f6nme dolap hik\u00e2yeleri&#8230;   \u201cEn ferah, en anla\u015f\u0131l\u0131r ve s\u0131cak \u015fekilde aktar\u0131yor yaz\u0131lar\u0131n\u0131, g\u00f6zlemlerini. Hem hukuk-adalet sosu var denemelerinde hem de edebiyat bah\u00e7esinde dola\u015f\u0131yor sat\u0131r aralar\u0131nda&#8230; Eline y\u00fcre\u011fine sa\u011fl\u0131k Burcu Mutlugil.\u201d \u2013 Nebil \u00d6zgent\u00fcrk   \u201cBiriktirdikleri aras\u0131ndan \u00f6zenle se\u00e7tiklerini bizimle payla\u015f\u0131yor Burcu. G\u00fczel g\u00f6r\u00fcyor diye de g\u00fczel anlat\u0131yor. Bize anlat\u0131rken bizi anlat\u0131yor.\u201d \u2013 Soner Sar\u0131kabaday\u0131   \u201cBurcu Mutlugil samimi anlat\u0131m\u0131yla sizi yak\u0131n\u0131na al\u0131yor, hik\u00e2yenin i\u00e7ine giriyorsunuz. \u00d6yk\u00fclerde Livaneli an\u0131lar\u0131 da yer buluyor&#8230;\u201d \u2013 Ferhat Livaneli   \u201cKalemiyle \u00e7izdi\u011fi doyumsuz portre, okuyucusunu hem gezdi\u011fi co\u011frafyalarda hem de fikir ve duygu d\u00fcnyas\u0131nda k\u0131y\u0131 bucak dola\u015ft\u0131r\u0131yor. Anekdotlar\u0131n\u0131n finalleri ise k\u00e2h bilindik konular\u0131n perde arkas\u0131ndan bilinmeyen notlar\u0131 k\u00e2h y\u00fcrek s\u0131zlatan duygusal ba\u011flant\u0131lar\u0131 ile ters k\u00f6\u015fe s\u00fcrprizler sunuyor okuyucusuna&#8230;\u201d \u2013 A\u015fk\u0131n Tuna <\/p>\n","protected":false},"excerpt":{"rendered":"<p>BU LUNAPARKTA HER \u015eEY GER\u00c7EK! Elinizde tuttu\u011funuz bu kitapta, size oyunbozan Corona sebebiyle yar\u0131m b\u0131rak\u0131lan ya da b\u0131rakt\u0131r\u0131lan her \u015feyi cesaretle anlatt\u0131m. Tahmin etti\u011finiz gibi&#8230; Sizin<span class=\"excerpt-hellip\"> [\u2026]<\/span><\/p>\n","protected":false},"featured_media":0,"template":"","meta":{"_monsterinsights_skip_tracking":false,"_monsterinsights_sitenote_active":false,"_monsterinsights_sitenote_note":"","_monsterinsights_sitenote_category":0},"product_brand":[],"product_cat":[12291,18202],"product_tag":[],"class_list":{"0":"post-729628","1":"product","2":"type-product","3":"status-publish","5":"product_cat-edebiyat","6":"product_cat-hikaye","7":"pa_cilt-ciltsiz","8":"pa_tur-kitap","9":"pa_yayinevi-destek-yayinlari","10":"pa_yazar-burcu-mutlugil","12":"first","13":"instock","14":"sale","15":"shipping-taxable","16":"purchasable","17":"product-type-simple"},"_links":{"self":[{"href":"https:\/\/roveyayinevi.com.tr\/index.php\/wp-json\/wp\/v2\/product\/729628","targetHints":{"allow":["GET"]}}],"collection":[{"href":"https:\/\/roveyayinevi.com.tr\/index.php\/wp-json\/wp\/v2\/product"}],"about":[{"href":"https:\/\/roveyayinevi.com.tr\/index.php\/wp-json\/wp\/v2\/types\/product"}],"wp:attachment":[{"href":"https:\/\/roveyayinevi.com.tr\/index.php\/wp-json\/wp\/v2\/media?parent=729628"}],"wp:term":[{"taxonomy":"product_brand","embeddable":true,"href":"https:\/\/roveyayinevi.com.tr\/index.php\/wp-json\/wp\/v2\/product_brand?post=729628"},{"taxonomy":"product_cat","embeddable":true,"href":"https:\/\/roveyayinevi.com.tr\/index.php\/wp-json\/wp\/v2\/product_cat?post=729628"},{"taxonomy":"product_tag","embeddable":true,"href":"https:\/\/roveyayinevi.com.tr\/index.php\/wp-json\/wp\/v2\/product_tag?post=729628"}],"curies":[{"name":"wp","href":"https:\/\/api.w.org\/{rel}","templated":true}]}}