{"id":729627,"date":"2025-08-27T20:58:47","date_gmt":"2025-08-27T17:58:47","guid":{"rendered":"https:\/\/roveyayinevi.com.tr\/index.php\/urun\/pusula-2\/"},"modified":"2026-04-16T02:37:14","modified_gmt":"2026-04-15T23:37:14","slug":"pusula-2","status":"publish","type":"product","link":"https:\/\/roveyayinevi.com.tr\/index.php\/urun\/pusula-2\/","title":{"rendered":"Pusula"},"content":{"rendered":"<p>\u0130nsan\u0131n g\u00fcvenebilece\u011fi en sa\u011flam pusula \u00f6zg\u00fcr ak\u0131ld\u0131r. Kant\u2019\u0131n ifadesiyle, \u201cakl\u0131n\u0131 kullanma cesaretini g\u00f6steren\u201d ayd\u0131nlanm\u0131\u015f insan kendi yolunu bulur. Bug\u00fcn T\u00fcrkiye\u2019de yak\u0131n tarih hi\u00e7 olmad\u0131\u011f\u0131 kadar \u00e7arp\u0131t\u0131lmakta ve bu \u00e7arp\u0131k tarih \u00fczerinden yeni bir ge\u00e7mi\u015f ve gelecek kurgulanmak istenmektedir. B\u00f6yle bir ortamda, yak\u0131n tarih konusunda yeterli bilgi birikime sahip olmayan insanlar\u0131n, \u00f6zellikle gen\u00e7 ku\u015faklar\u0131n yolunu kaybetmesi hi\u00e7 de zay\u0131f bir olas\u0131l\u0131k de\u011fildir. \u0130\u015fte \u201cYak\u0131n Tarih \u0130\u00e7in Pusula\u201d, belgelere dayal\u0131 ger\u00e7ek tarihi g\u00f6zler \u00f6n\u00fcne sererek yak\u0131n tarihte kaybolman\u0131z\u0131 engellemek; yalan, yanl\u0131\u015f ve \u00e7arp\u0131tma bombard\u0131man\u0131 aras\u0131nda g\u00fcvenle yolunuzu bulman\u0131za yard\u0131m etmek i\u00e7in yaz\u0131lm\u0131\u015ft\u0131r. <\/p>\n","protected":false},"excerpt":{"rendered":"<p>\u0130nsan\u0131n g\u00fcvenebilece\u011fi en sa\u011flam pusula \u00f6zg\u00fcr ak\u0131ld\u0131r. Kant\u2019\u0131n ifadesiyle, \u201cakl\u0131n\u0131 kullanma cesaretini g\u00f6steren\u201d ayd\u0131nlanm\u0131\u015f insan kendi yolunu bulur. Bug\u00fcn T\u00fcrkiye\u2019de yak\u0131n tarih hi\u00e7 olmad\u0131\u011f\u0131 kadar \u00e7arp\u0131t\u0131lmakta<span class=\"excerpt-hellip\"> [\u2026]<\/span><\/p>\n","protected":false},"featured_media":0,"template":"","meta":{"_monsterinsights_skip_tracking":false,"_monsterinsights_sitenote_active":false,"_monsterinsights_sitenote_note":"","_monsterinsights_sitenote_category":0},"product_brand":[],"product_cat":[12304,14128],"product_tag":[],"class_list":{"0":"post-729627","1":"product","2":"type-product","3":"status-publish","5":"product_cat-tarih","6":"product_cat-yakin-tarih","7":"pa_cilt-ciltsiz","8":"pa_tur-kitap","9":"pa_yayinevi-inkilap-kitabevi","10":"pa_yazar-sinan-meydan","12":"first","13":"instock","14":"sale","15":"shipping-taxable","16":"purchasable","17":"product-type-simple"},"_links":{"self":[{"href":"https:\/\/roveyayinevi.com.tr\/index.php\/wp-json\/wp\/v2\/product\/729627","targetHints":{"allow":["GET"]}}],"collection":[{"href":"https:\/\/roveyayinevi.com.tr\/index.php\/wp-json\/wp\/v2\/product"}],"about":[{"href":"https:\/\/roveyayinevi.com.tr\/index.php\/wp-json\/wp\/v2\/types\/product"}],"wp:attachment":[{"href":"https:\/\/roveyayinevi.com.tr\/index.php\/wp-json\/wp\/v2\/media?parent=729627"}],"wp:term":[{"taxonomy":"product_brand","embeddable":true,"href":"https:\/\/roveyayinevi.com.tr\/index.php\/wp-json\/wp\/v2\/product_brand?post=729627"},{"taxonomy":"product_cat","embeddable":true,"href":"https:\/\/roveyayinevi.com.tr\/index.php\/wp-json\/wp\/v2\/product_cat?post=729627"},{"taxonomy":"product_tag","embeddable":true,"href":"https:\/\/roveyayinevi.com.tr\/index.php\/wp-json\/wp\/v2\/product_tag?post=729627"}],"curies":[{"name":"wp","href":"https:\/\/api.w.org\/{rel}","templated":true}]}}