{"id":729626,"date":"2025-08-27T20:58:46","date_gmt":"2025-08-27T17:58:46","guid":{"rendered":"https:\/\/roveyayinevi.com.tr\/index.php\/urun\/matilda-ve-aydede-ciltli\/"},"modified":"2026-04-16T02:37:14","modified_gmt":"2026-04-15T23:37:14","slug":"matilda-ve-aydede-ciltli","status":"publish","type":"product","link":"https:\/\/roveyayinevi.com.tr\/index.php\/urun\/matilda-ve-aydede-ciltli\/","title":{"rendered":"Matilda ve Aydede (Ciltli)"},"content":{"rendered":"<p>Kendi k\u00fc\u00e7\u00fck, yapabilecekleri B\u00dcY\u00dcK bir \u00e7ocu\u011fun \u00f6yk\u00fcs\u00fc\u2026Justyna Chudzinska Ottino&#8217;nun yaz\u0131p resimledi\u011fi Matilda ve Aydede, kendisi ufac\u0131k ama y\u00fcre\u011fi kocaman bir k\u0131z \u00e7ocu\u011funun, heybetli bir armut a\u011fac\u0131n\u0131n dallar\u0131ndan gecelerin h\u00e2kimi Aydede&#8217;ye uzanan, cesaret ve kararl\u0131l\u0131kla \u00f6r\u00fcl\u00fc \u00f6yk\u00fcs\u00fc.Ba\u015far\u0131ya giden yolun \u00f6zg\u00fcvenden ge\u00e7ti\u011fini hat\u0131rlatan bu i\u00e7tenlikli kitap; t\u00fcrl\u00fc nedenlerle duygular\u0131 bast\u0131r\u0131lan, \u201cyapamazs\u0131n, edemezsin, ba\u015faramazs\u0131n,\u201d gibi s\u00f6zlerle hevesi ve azmi k\u0131r\u0131lan \u00e7ocuklar\u0131n d\u00fcnyas\u0131na umut \u0131\u015f\u0131\u011f\u0131 oluyor.\u201cB\u00fcy\u00fck\u201d ve \u201ck\u00fc\u00e7\u00fck\u201d kavramlar\u0131n\u0131, naif bir kendini ger\u00e7ekle\u015ftirme ser\u00fcveni e\u015fli\u011finde veren sanat\u00e7\u0131; hayat\u0131m\u0131z\u0131 s\u0131n\u0131rland\u0131ran, att\u0131\u011f\u0131m\u0131z ad\u0131mlar\u0131n \u00f6n\u00fcne g\u00f6r\u00fcnmez duvarlar \u00f6ren yersiz s\u0131fat ve tan\u0131mlamalar\u0131n hissettirdi\u011fi olumsuz duygulara da dikkat \u00e7ekiyor.Be\u015f ya\u015f\u0131ndaki Matilda, di\u011fer \u00e7ocuklardan daha \u201ck\u00fc\u00e7\u00fck\u201d bir \u00e7ocuktur. Ama bu, hayallerini k\u00fc\u00e7\u00fck tutmas\u0131na engel de\u011fildir. Ablas\u0131 Sofi&#8217;yle birlikte, tad\u0131 ek\u015fi olan \u015feyleri, vah\u015fi hayvanlar gibi giyinmeyi ve kendi etraflar\u0131nda d\u00f6nmeyi \u00e7ok sever. Sofi&#8217;nin her f\u0131rsatta ona \u201csen \u00e7ok k\u00fc\u00e7\u00fcks\u00fcn, yapamazs\u0131n!\u201d demesinden ise hi\u00e7 ho\u015flanmaz! Neyse ki can dostu Aydede vard\u0131r; her gece ona kulak veren biricik dinleyicisi&#8230; G\u00fcnlerden bir g\u00fcn, karde\u015fler \u00e7ok sevdikleri b\u00fcy\u00fck benekli topla bah\u00e7ede oynarlarken, toplar\u0131 havaya y\u00fckselir ve armut a\u011fac\u0131n\u0131n en tepesine tak\u0131l\u0131r. Matilda, ne yap\u0131p edip topu a\u015fa\u011f\u0131ya indirmelidir. Bu yolda att\u0131\u011f\u0131 cesur ad\u0131mlar, karanl\u0131klar\u0131 ayd\u0131nl\u0131\u011fa kavu\u015fturan \u201ctan\u0131d\u0131k\u201d bir dostla kar\u015f\u0131la\u015fmas\u0131na da vesile olacakt\u0131r&#8230;B\u00fcy\u00fcmeye dair y\u00fcrekleri sevgiyle saran bir \u00f6yk\u00fc anlatan Matilda ve Aydede; bazen, k\u00fc\u00e7\u00fckm\u00fc\u015f gibi g\u00f6r\u00fcnenlerin ard\u0131nda asl\u0131nda ne b\u00fcy\u00fck hazinelerin bulunabilece\u011fini g\u00f6steriyor.Hayallerin s\u0131n\u0131r tan\u0131mazl\u0131\u011f\u0131na de\u011finerek okurlar\u0131 hep daha fazlas\u0131n\u0131 d\u00fc\u015flemeye \u00e7a\u011f\u0131ran kitap; azmin ve inanc\u0131n g\u00fcc\u00fcyle, kar\u015f\u0131la\u015f\u0131lan her sorunun \u00fcstesinden gelinebilece\u011fini vurguluyor.Siz siz olun, birine \u201cSen \u00e7ok k\u00fc\u00e7\u00fcks\u00fcn, yapamazs\u0131n!\u201d demeden \u00f6nce bir kez daha d\u00fc\u015f\u00fcn\u00fcn&#8230;<\/p>\n","protected":false},"excerpt":{"rendered":"<p>Kendi k\u00fc\u00e7\u00fck, yapabilecekleri B\u00dcY\u00dcK bir \u00e7ocu\u011fun \u00f6yk\u00fcs\u00fc\u2026Justyna Chudzinska Ottino&#8217;nun yaz\u0131p resimledi\u011fi Matilda ve Aydede, kendisi ufac\u0131k ama y\u00fcre\u011fi kocaman bir k\u0131z \u00e7ocu\u011funun, heybetli bir armut a\u011fac\u0131n\u0131n<span class=\"excerpt-hellip\"> [\u2026]<\/span><\/p>\n","protected":false},"featured_media":0,"template":"","meta":{"_monsterinsights_skip_tracking":false,"_monsterinsights_sitenote_active":false,"_monsterinsights_sitenote_note":"","_monsterinsights_sitenote_category":0},"product_brand":[],"product_cat":[12913,12274],"product_tag":[],"class_list":{"0":"post-729626","1":"product","2":"type-product","3":"status-publish","5":"product_cat-3-6-yas-kitaplari","6":"product_cat-cocuk-ve-genclik-kitaplari","7":"pa_cilt-ciltli","8":"pa_tur-kitap","9":"pa_yayinevi-ucanbalik-yayincilik","10":"pa_yazar-justyna-chudzinska-ottino","12":"first","13":"instock","14":"sale","15":"shipping-taxable","16":"purchasable","17":"product-type-simple"},"_links":{"self":[{"href":"https:\/\/roveyayinevi.com.tr\/index.php\/wp-json\/wp\/v2\/product\/729626","targetHints":{"allow":["GET"]}}],"collection":[{"href":"https:\/\/roveyayinevi.com.tr\/index.php\/wp-json\/wp\/v2\/product"}],"about":[{"href":"https:\/\/roveyayinevi.com.tr\/index.php\/wp-json\/wp\/v2\/types\/product"}],"wp:attachment":[{"href":"https:\/\/roveyayinevi.com.tr\/index.php\/wp-json\/wp\/v2\/media?parent=729626"}],"wp:term":[{"taxonomy":"product_brand","embeddable":true,"href":"https:\/\/roveyayinevi.com.tr\/index.php\/wp-json\/wp\/v2\/product_brand?post=729626"},{"taxonomy":"product_cat","embeddable":true,"href":"https:\/\/roveyayinevi.com.tr\/index.php\/wp-json\/wp\/v2\/product_cat?post=729626"},{"taxonomy":"product_tag","embeddable":true,"href":"https:\/\/roveyayinevi.com.tr\/index.php\/wp-json\/wp\/v2\/product_tag?post=729626"}],"curies":[{"name":"wp","href":"https:\/\/api.w.org\/{rel}","templated":true}]}}