{"id":729625,"date":"2025-08-27T20:58:45","date_gmt":"2025-08-27T17:58:45","guid":{"rendered":"https:\/\/roveyayinevi.com.tr\/index.php\/urun\/izah-edilemeyen-erkek-kisirligi\/"},"modified":"2025-12-30T10:38:35","modified_gmt":"2025-12-30T07:38:35","slug":"izah-edilemeyen-erkek-kisirligi","status":"publish","type":"product","link":"https:\/\/roveyayinevi.com.tr\/index.php\/urun\/izah-edilemeyen-erkek-kisirligi\/","title":{"rendered":"\u0130zah Edilemeyen Erkek K\u0131s\u0131rl\u0131\u011f\u0131"},"content":{"rendered":"<p>Bu Kitap \u00e7ocu\u011fu olmayan (infertilite)\u00e7iftlere,a\u00e7\u0131klanamayan erkek infertilitesine farkl\u0131 bir g\u00f6r\u00fcn\u00fcm vermek i\u00e7in tasarlanm\u0131\u015ft\u0131r.Prof. Dr.Ali Ayy\u0131ld\u0131z,kendi klinik deneyimlerinden yola \u00e7\u0131karak ,sperm analizlerinizi nas\u0131l yorumlayaca\u011f\u0131n\u0131z\u0131,partnerinizin en iyi g\u00fcnlerini nas\u0131l anlayaca\u011f\u0131n\u0131z\u0131 ,ya\u015fam tarz\u0131 ve diyet de\u011fi\u015fiklerinin erkek do\u011fur\u011fanl\u0131\u011f\u0131na nas\u0131l etkili olabilece\u011fini ayr\u0131nt\u0131l\u0131 olarak anlat\u0131yor.Ayy\u0131ld\u0131z \u00e7al\u0131\u015fmas\u0131nda,k\u0131s\u0131rl\u0131\u011f\u0131 a\u015fmaya yard\u0131mc\u0131 olabilecek \u00f6zel olarak tasarlanm\u0131\u015f diyet \u00f6nerilerine \u00f6nem veriyor.<\/p>\n","protected":false},"excerpt":{"rendered":"<p>Bu Kitap \u00e7ocu\u011fu olmayan (infertilite)\u00e7iftlere,a\u00e7\u0131klanamayan erkek infertilitesine farkl\u0131 bir g\u00f6r\u00fcn\u00fcm vermek i\u00e7in tasarlanm\u0131\u015ft\u0131r.Prof. Dr.Ali Ayy\u0131ld\u0131z,kendi klinik deneyimlerinden yola \u00e7\u0131karak ,sperm analizlerinizi nas\u0131l yorumlayaca\u011f\u0131n\u0131z\u0131,partnerinizin en iyi g\u00fcnlerini<span class=\"excerpt-hellip\"> [\u2026]<\/span><\/p>\n","protected":false},"featured_media":0,"template":"","meta":{"_monsterinsights_skip_tracking":false,"_monsterinsights_sitenote_active":false,"_monsterinsights_sitenote_note":"","_monsterinsights_sitenote_category":0},"product_brand":[],"product_cat":[24520,13365],"product_tag":[],"class_list":{"0":"post-729625","1":"product","2":"type-product","3":"status-publish","5":"product_cat-aile-sagligi","6":"product_cat-saglik","7":"pa_cilt-ciltsiz","8":"pa_tur-kitap","9":"pa_yayinevi-kitapol-yayinlari","10":"pa_yazar-ali-ayyildiz","12":"first","13":"instock","14":"sale","15":"shipping-taxable","16":"purchasable","17":"product-type-simple"},"_links":{"self":[{"href":"https:\/\/roveyayinevi.com.tr\/index.php\/wp-json\/wp\/v2\/product\/729625","targetHints":{"allow":["GET"]}}],"collection":[{"href":"https:\/\/roveyayinevi.com.tr\/index.php\/wp-json\/wp\/v2\/product"}],"about":[{"href":"https:\/\/roveyayinevi.com.tr\/index.php\/wp-json\/wp\/v2\/types\/product"}],"wp:attachment":[{"href":"https:\/\/roveyayinevi.com.tr\/index.php\/wp-json\/wp\/v2\/media?parent=729625"}],"wp:term":[{"taxonomy":"product_brand","embeddable":true,"href":"https:\/\/roveyayinevi.com.tr\/index.php\/wp-json\/wp\/v2\/product_brand?post=729625"},{"taxonomy":"product_cat","embeddable":true,"href":"https:\/\/roveyayinevi.com.tr\/index.php\/wp-json\/wp\/v2\/product_cat?post=729625"},{"taxonomy":"product_tag","embeddable":true,"href":"https:\/\/roveyayinevi.com.tr\/index.php\/wp-json\/wp\/v2\/product_tag?post=729625"}],"curies":[{"name":"wp","href":"https:\/\/api.w.org\/{rel}","templated":true}]}}