{"id":729624,"date":"2025-08-27T20:58:44","date_gmt":"2025-08-27T17:58:44","guid":{"rendered":"https:\/\/roveyayinevi.com.tr\/index.php\/urun\/sungerbob-uzayda\/"},"modified":"2026-04-16T02:37:14","modified_gmt":"2026-04-15T23:37:14","slug":"sungerbob-uzayda","status":"publish","type":"product","link":"https:\/\/roveyayinevi.com.tr\/index.php\/urun\/sungerbob-uzayda\/","title":{"rendered":"S\u00fcngerBob Uzayda!"},"content":{"rendered":"<p>Sandy, roketiyle Ay\u2019a yapaca\u011f\u0131 uzay yolculu\u011funa S\u00fcngerBob\u2019un da kat\u0131lmas\u0131na izin vermi\u015fti. S\u00fcngerBob uzayl\u0131lar\u0131 g\u00f6rmek, yeni gezegenleri cesurca ke\u015ffetmek i\u00e7in sab\u0131rs\u0131zlan\u0131yordu! Patrick\u2019le birlikte roketi incelerken yanl\u0131\u015f bir d\u00fc\u011fmeye bas\u0131nca kendilerini bir anda uzayda s\u00fcz\u00fcl\u00fcrken buldular. Roket sonunda ini\u015f yapt\u0131\u011f\u0131ndaysa \u00e7e\u015fitli uzayl\u0131larla dolu bir yerdeydiler! Peki ama&#8230; bu uzayl\u0131lar neden Bikini Kasabas\u0131 sakinlerine bu kadar \u00e7ok benziyordu? Bol k\u0131k\u0131rdamal\u0131, e\u011flenceli bir uzay maceras\u0131na haz\u0131r olun! <\/p>\n","protected":false},"excerpt":{"rendered":"<p>Sandy, roketiyle Ay\u2019a yapaca\u011f\u0131 uzay yolculu\u011funa S\u00fcngerBob\u2019un da kat\u0131lmas\u0131na izin vermi\u015fti. S\u00fcngerBob uzayl\u0131lar\u0131 g\u00f6rmek, yeni gezegenleri cesurca ke\u015ffetmek i\u00e7in sab\u0131rs\u0131zlan\u0131yordu! Patrick\u2019le birlikte roketi incelerken yanl\u0131\u015f bir<span class=\"excerpt-hellip\"> [\u2026]<\/span><\/p>\n","protected":false},"featured_media":0,"template":"","meta":{"_monsterinsights_skip_tracking":false,"_monsterinsights_sitenote_active":false,"_monsterinsights_sitenote_note":"","_monsterinsights_sitenote_category":0},"product_brand":[],"product_cat":[12913,12274],"product_tag":[],"class_list":{"0":"post-729624","1":"product","2":"type-product","3":"status-publish","5":"product_cat-3-6-yas-kitaplari","6":"product_cat-cocuk-ve-genclik-kitaplari","7":"pa_cilt-ciltsiz","8":"pa_tur-kitap","9":"pa_yayinevi-ithaki-yayinlari","10":"pa_yazar-geof-smith","12":"first","13":"instock","14":"sale","15":"shipping-taxable","16":"purchasable","17":"product-type-simple"},"_links":{"self":[{"href":"https:\/\/roveyayinevi.com.tr\/index.php\/wp-json\/wp\/v2\/product\/729624","targetHints":{"allow":["GET"]}}],"collection":[{"href":"https:\/\/roveyayinevi.com.tr\/index.php\/wp-json\/wp\/v2\/product"}],"about":[{"href":"https:\/\/roveyayinevi.com.tr\/index.php\/wp-json\/wp\/v2\/types\/product"}],"wp:attachment":[{"href":"https:\/\/roveyayinevi.com.tr\/index.php\/wp-json\/wp\/v2\/media?parent=729624"}],"wp:term":[{"taxonomy":"product_brand","embeddable":true,"href":"https:\/\/roveyayinevi.com.tr\/index.php\/wp-json\/wp\/v2\/product_brand?post=729624"},{"taxonomy":"product_cat","embeddable":true,"href":"https:\/\/roveyayinevi.com.tr\/index.php\/wp-json\/wp\/v2\/product_cat?post=729624"},{"taxonomy":"product_tag","embeddable":true,"href":"https:\/\/roveyayinevi.com.tr\/index.php\/wp-json\/wp\/v2\/product_tag?post=729624"}],"curies":[{"name":"wp","href":"https:\/\/api.w.org\/{rel}","templated":true}]}}