{"id":729623,"date":"2025-08-27T20:58:43","date_gmt":"2025-08-27T17:58:43","guid":{"rendered":"https:\/\/roveyayinevi.com.tr\/index.php\/urun\/sungerbob-dedektifpantolon-kayip-spatula-vakasi\/"},"modified":"2026-02-03T02:53:27","modified_gmt":"2026-02-02T23:53:27","slug":"sungerbob-dedektifpantolon-kayip-spatula-vakasi","status":"publish","type":"product","link":"https:\/\/roveyayinevi.com.tr\/index.php\/urun\/sungerbob-dedektifpantolon-kayip-spatula-vakasi\/","title":{"rendered":"S\u00fcngerBob DedektifPantolon &#8211; Kay\u0131p Spatula Vakas\u0131"},"content":{"rendered":"<p>S\u00fcngerBob KarePantolon, bu g\u00fczel g\u00fcnde Yenge\u00e7 Restoran\u2019daki muhte\u015fem i\u015fine gidip Yenge\u00e7 Burgerler pi\u015firece\u011fi i\u00e7in \u00e7ok heyecanl\u0131yd\u0131. Ancak, en sevdi\u011fi spatulas\u0131 Flipper\u2019\u0131n ortadan kayboldu\u011funu anlad\u0131\u011f\u0131nda, onu kimin ald\u0131\u011f\u0131n\u0131 bulana kadar bir daha asla yemek pi\u015firmemeye karar verdi! Acaba S\u00fcngerBob bir daha Yenge\u00e7 Burger yapabilecek miydi?<\/p>\n","protected":false},"excerpt":{"rendered":"<p>S\u00fcngerBob KarePantolon, bu g\u00fczel g\u00fcnde Yenge\u00e7 Restoran\u2019daki muhte\u015fem i\u015fine gidip Yenge\u00e7 Burgerler pi\u015firece\u011fi i\u00e7in \u00e7ok heyecanl\u0131yd\u0131. Ancak, en sevdi\u011fi spatulas\u0131 Flipper\u2019\u0131n ortadan kayboldu\u011funu anlad\u0131\u011f\u0131nda, onu kimin<span class=\"excerpt-hellip\"> [\u2026]<\/span><\/p>\n","protected":false},"featured_media":0,"template":"","meta":{"_monsterinsights_skip_tracking":false,"_monsterinsights_sitenote_active":false,"_monsterinsights_sitenote_note":"","_monsterinsights_sitenote_category":0},"product_brand":[],"product_cat":[12913,12274],"product_tag":[],"class_list":{"0":"post-729623","1":"product","2":"type-product","3":"status-publish","5":"product_cat-3-6-yas-kitaplari","6":"product_cat-cocuk-ve-genclik-kitaplari","7":"pa_cilt-ciltsiz","8":"pa_tur-kitap","9":"pa_yayinevi-ithaki-yayinlari","10":"pa_yazar-david-lewman","12":"first","13":"instock","14":"sale","15":"shipping-taxable","16":"purchasable","17":"product-type-simple"},"_links":{"self":[{"href":"https:\/\/roveyayinevi.com.tr\/index.php\/wp-json\/wp\/v2\/product\/729623","targetHints":{"allow":["GET"]}}],"collection":[{"href":"https:\/\/roveyayinevi.com.tr\/index.php\/wp-json\/wp\/v2\/product"}],"about":[{"href":"https:\/\/roveyayinevi.com.tr\/index.php\/wp-json\/wp\/v2\/types\/product"}],"wp:attachment":[{"href":"https:\/\/roveyayinevi.com.tr\/index.php\/wp-json\/wp\/v2\/media?parent=729623"}],"wp:term":[{"taxonomy":"product_brand","embeddable":true,"href":"https:\/\/roveyayinevi.com.tr\/index.php\/wp-json\/wp\/v2\/product_brand?post=729623"},{"taxonomy":"product_cat","embeddable":true,"href":"https:\/\/roveyayinevi.com.tr\/index.php\/wp-json\/wp\/v2\/product_cat?post=729623"},{"taxonomy":"product_tag","embeddable":true,"href":"https:\/\/roveyayinevi.com.tr\/index.php\/wp-json\/wp\/v2\/product_tag?post=729623"}],"curies":[{"name":"wp","href":"https:\/\/api.w.org\/{rel}","templated":true}]}}