{"id":729622,"date":"2025-08-27T20:58:42","date_gmt":"2025-08-27T17:58:42","guid":{"rendered":"https:\/\/roveyayinevi.com.tr\/index.php\/urun\/sungerbob-dedektifpantolon-parcalanmis-tabela-vakasi\/"},"modified":"2025-12-30T10:38:35","modified_gmt":"2025-12-30T07:38:35","slug":"sungerbob-dedektifpantolon-parcalanmis-tabela-vakasi","status":"publish","type":"product","link":"https:\/\/roveyayinevi.com.tr\/index.php\/urun\/sungerbob-dedektifpantolon-parcalanmis-tabela-vakasi\/","title":{"rendered":"S\u00fcngerBob DedektifPantolon Par\u00e7alanm\u0131\u015f Tabela Vakas\u0131"},"content":{"rendered":"<p>S\u00fcngerBob bir sabah Yenge\u00e7 Restoran\u2019\u0131n tabelas\u0131n\u0131n parampar\u00e7a oldu\u011funu g\u00f6r\u00fcnce hemen dedektif kimli\u011fine b\u00fcr\u00fcnmeye karar verdi! En sevdi\u011fi yard\u0131mc\u0131s\u0131 Patrick ile birlikte, bunu yapan ki\u015fiyi bulmaya \u00e7al\u0131\u015facaklard\u0131! Par\u00e7alar\u0131n izini s\u00fcrerken edindikleri bilgiler, onlar\u0131 hi\u00e7 tahmin etmedikleri bir sonuca ula\u015ft\u0131rmak \u00fczereydi&#8230; Hadi onlara kat\u0131l\u0131n ve Yenge\u00e7 Restoran tabelas\u0131n\u0131n ba\u015f\u0131na ne geldi\u011fini \u00f6\u011frenin! <\/p>\n","protected":false},"excerpt":{"rendered":"<p>S\u00fcngerBob bir sabah Yenge\u00e7 Restoran\u2019\u0131n tabelas\u0131n\u0131n parampar\u00e7a oldu\u011funu g\u00f6r\u00fcnce hemen dedektif kimli\u011fine b\u00fcr\u00fcnmeye karar verdi! En sevdi\u011fi yard\u0131mc\u0131s\u0131 Patrick ile birlikte, bunu yapan ki\u015fiyi bulmaya \u00e7al\u0131\u015facaklard\u0131!<span class=\"excerpt-hellip\"> [\u2026]<\/span><\/p>\n","protected":false},"featured_media":0,"template":"","meta":{"_monsterinsights_skip_tracking":false,"_monsterinsights_sitenote_active":false,"_monsterinsights_sitenote_note":"","_monsterinsights_sitenote_category":0},"product_brand":[],"product_cat":[12913,12274],"product_tag":[],"class_list":{"0":"post-729622","1":"product","2":"type-product","3":"status-publish","5":"product_cat-3-6-yas-kitaplari","6":"product_cat-cocuk-ve-genclik-kitaplari","7":"pa_cilt-ciltsiz","8":"pa_tur-kitap","9":"pa_yayinevi-ithaki-yayinlari","10":"pa_yazar-maggie-testa","12":"first","13":"instock","14":"sale","15":"shipping-taxable","16":"purchasable","17":"product-type-simple"},"_links":{"self":[{"href":"https:\/\/roveyayinevi.com.tr\/index.php\/wp-json\/wp\/v2\/product\/729622","targetHints":{"allow":["GET"]}}],"collection":[{"href":"https:\/\/roveyayinevi.com.tr\/index.php\/wp-json\/wp\/v2\/product"}],"about":[{"href":"https:\/\/roveyayinevi.com.tr\/index.php\/wp-json\/wp\/v2\/types\/product"}],"wp:attachment":[{"href":"https:\/\/roveyayinevi.com.tr\/index.php\/wp-json\/wp\/v2\/media?parent=729622"}],"wp:term":[{"taxonomy":"product_brand","embeddable":true,"href":"https:\/\/roveyayinevi.com.tr\/index.php\/wp-json\/wp\/v2\/product_brand?post=729622"},{"taxonomy":"product_cat","embeddable":true,"href":"https:\/\/roveyayinevi.com.tr\/index.php\/wp-json\/wp\/v2\/product_cat?post=729622"},{"taxonomy":"product_tag","embeddable":true,"href":"https:\/\/roveyayinevi.com.tr\/index.php\/wp-json\/wp\/v2\/product_tag?post=729622"}],"curies":[{"name":"wp","href":"https:\/\/api.w.org\/{rel}","templated":true}]}}