{"id":729619,"date":"2025-08-27T20:58:39","date_gmt":"2025-08-27T17:58:39","guid":{"rendered":"https:\/\/roveyayinevi.com.tr\/index.php\/urun\/puyoaya-jigsaw-puzzle-to-go-london\/"},"modified":"2026-04-16T02:37:14","modified_gmt":"2026-04-15T23:37:14","slug":"puyoaya-jigsaw-puzzle-to-go-london","status":"publish","type":"product","link":"https:\/\/roveyayinevi.com.tr\/index.php\/urun\/puyoaya-jigsaw-puzzle-to-go-london\/","title":{"rendered":"Puyo&amp;Aya Jigsaw Puzzle to go London"},"content":{"rendered":"<p>Puyo&amp;Aya\u2019n\u0131n \u00f6zenle haz\u0131rlad\u0131\u011f\u0131, bez \u00e7antas\u0131 ile ta\u015f\u0131ma kolayl\u0131\u011f\u0131 sa\u011flayan 35 par\u00e7al\u0131k puzzle serisinin ilki: \u00e7ocuklar\u0131 ve aileleri Londra \u015fehrinde hem \u00f6\u011fretici hem de keyifli bir gezintiye davet ediyor.Bez saklama ve ta\u015f\u0131ma \u00e7antas\u0131 i\u00e7inde yer almaktad\u0131r. <\/p>\n","protected":false},"excerpt":{"rendered":"<p>Puyo&amp;Aya\u2019n\u0131n \u00f6zenle haz\u0131rlad\u0131\u011f\u0131, bez \u00e7antas\u0131 ile ta\u015f\u0131ma kolayl\u0131\u011f\u0131 sa\u011flayan 35 par\u00e7al\u0131k puzzle serisinin ilki: \u00e7ocuklar\u0131 ve aileleri Londra \u015fehrinde hem \u00f6\u011fretici hem de keyifli bir gezintiye<span class=\"excerpt-hellip\"> [\u2026]<\/span><\/p>\n","protected":false},"featured_media":0,"template":"","meta":{"_monsterinsights_skip_tracking":false,"_monsterinsights_sitenote_active":false,"_monsterinsights_sitenote_note":"","_monsterinsights_sitenote_category":0},"product_brand":[],"product_cat":[12274,12649],"product_tag":[],"class_list":{"0":"post-729619","1":"product","2":"type-product","3":"status-publish","5":"product_cat-cocuk-ve-genclik-kitaplari","6":"product_cat-hobi-muzik","7":"pa_cilt-ciltsiz","8":"pa_tur-kitap20","9":"pa_yayinevi-puyoandaya","10":"pa_yazar-puyoandaya-kolektif","12":"first","13":"instock","14":"sale","15":"shipping-taxable","16":"purchasable","17":"product-type-simple"},"_links":{"self":[{"href":"https:\/\/roveyayinevi.com.tr\/index.php\/wp-json\/wp\/v2\/product\/729619","targetHints":{"allow":["GET"]}}],"collection":[{"href":"https:\/\/roveyayinevi.com.tr\/index.php\/wp-json\/wp\/v2\/product"}],"about":[{"href":"https:\/\/roveyayinevi.com.tr\/index.php\/wp-json\/wp\/v2\/types\/product"}],"wp:attachment":[{"href":"https:\/\/roveyayinevi.com.tr\/index.php\/wp-json\/wp\/v2\/media?parent=729619"}],"wp:term":[{"taxonomy":"product_brand","embeddable":true,"href":"https:\/\/roveyayinevi.com.tr\/index.php\/wp-json\/wp\/v2\/product_brand?post=729619"},{"taxonomy":"product_cat","embeddable":true,"href":"https:\/\/roveyayinevi.com.tr\/index.php\/wp-json\/wp\/v2\/product_cat?post=729619"},{"taxonomy":"product_tag","embeddable":true,"href":"https:\/\/roveyayinevi.com.tr\/index.php\/wp-json\/wp\/v2\/product_tag?post=729619"}],"curies":[{"name":"wp","href":"https:\/\/api.w.org\/{rel}","templated":true}]}}