{"id":729618,"date":"2025-08-27T20:58:39","date_gmt":"2025-08-27T17:58:39","guid":{"rendered":"https:\/\/roveyayinevi.com.tr\/index.php\/urun\/nadir-x\/"},"modified":"2026-04-16T02:37:14","modified_gmt":"2026-04-15T23:37:14","slug":"nadir-x","status":"publish","type":"product","link":"https:\/\/roveyayinevi.com.tr\/index.php\/urun\/nadir-x\/","title":{"rendered":"Nadir-X"},"content":{"rendered":"<p>Gece g\u00fcnd\u00fczden, g\u00fcnd\u00fcz de geceden farkl\u0131d\u0131r. T\u0131pk\u0131 her birimizin farkl\u0131 ama gece ve g\u00fcnd\u00fcz kadar uyumlu olmas\u0131 gibi&#8230;Nadir yanlar\u0131m\u0131z\u0131n bizi g\u00fc\u00e7lendirdi\u011fine inan\u0131yoruz. Bu sebeple nadir hastal\u0131klarla sava\u015fan, bedenleri k\u00fc\u00e7\u00fck ama kalpleri kocaman \u00fc\u00e7 \u00e7ocu\u011fun \u00f6yk\u00fcleriyle Nadir-X \u00e7izgi roman\u0131nda sizlerle bulu\u015fmu\u015ftuk. \u015eimdi serinin ikinci kitab\u0131 Nadir-X 2\u2019de d\u00f6rt farkl\u0131 nadir kahraman\u0131m\u0131zla kar\u015f\u0131n\u0131zday\u0131z.Nadir-X 2\u2019de neler mi anlat\u0131l\u0131yor? Nadir g\u00fcc\u00fc gezegene yeniden hayat vermek olan Spinal Musk\u00fcler Atrofi (SMA) hastas\u0131 Uzay \u00c7ocuk Ata\u2019n\u0131n, enerjiyi y\u00f6nlendirebilen s\u00fcper g\u00fc\u00e7leriyle Wilson hastas\u0131 Y\u0131ld\u0131r\u0131m K\u0131zlar \u0130klim ve Melisa karde\u015flerin, k\u00f6peklerle konu\u015fabilen Mukopolisakkaridoz (MPS) hastas\u0131 Ses \u00c7ocuk Cem\u2019in s\u00fcrprizlerle dolu maceralar\u0131 sizleri bekliyor. \u00c7izer Erhan Candan\u2019\u0131n kalemi ve yine onun \u00e7izimleri Nadir-X 2\u2019yi hayata ge\u00e7irdi.\u00c7ocuklar\u0131m\u0131z ve aileleri, be\u015f y\u00fcz farkl\u0131 nadir hastal\u0131\u011fa kar\u015f\u0131 amans\u0131z bir m\u00fccadele veriyor. Toplumda yayg\u0131n g\u00f6r\u00fclmedi\u011fi i\u00e7in kamuoyunda yeteri kadar g\u00fcndeme gelmemesi, bu s\u00fcre\u00e7lerin ne denli \u00e7etin ya\u015fand\u0131\u011f\u0131 ger\u00e7e\u011fini asla de\u011fi\u015ftirmiyor. Nadir hastal\u0131klar i\u00e7in fark\u0131ndal\u0131k olu\u015fturmak amac\u0131yla, GEN\u2019in ko\u015fulsuz deste\u011fiyle yola \u00e7\u0131k\u0131lan Nadir-X projesi sayesinde hem toplumun bilin\u00e7lenmesi hem de bu hastal\u0131klarla m\u00fccadele edenlere destek olunmas\u0131 ama\u00e7lan\u0131yor.Siz de kitapl\u0131\u011f\u0131n\u0131zda Nadir-X \u00e7izgi romanlar\u0131na yer vererek bu k\u0131ymetli fark\u0131ndal\u0131k yolculu\u011fumuzun y\u0131lmaz destek\u00e7ilerinden biri olabilirsiniz.Alaca\u011f\u0131n\u0131z her \u00e7izgi romanla SMA Hastal\u0131\u011f\u0131 ile M\u00fccadele Derne\u011fi ve Mukopolisakkaridoz (MPS) ve Benzeri Lizozomal Depo Hastal\u0131klar\u0131 Derne\u011fine ba\u011f\u0131\u015fta bulunmu\u015f olacaks\u0131n\u0131z. <\/p>\n","protected":false},"excerpt":{"rendered":"<p>Gece g\u00fcnd\u00fczden, g\u00fcnd\u00fcz de geceden farkl\u0131d\u0131r. T\u0131pk\u0131 her birimizin farkl\u0131 ama gece ve g\u00fcnd\u00fcz kadar uyumlu olmas\u0131 gibi&#8230;Nadir yanlar\u0131m\u0131z\u0131n bizi g\u00fc\u00e7lendirdi\u011fine inan\u0131yoruz. Bu sebeple nadir hastal\u0131klarla<span class=\"excerpt-hellip\"> [\u2026]<\/span><\/p>\n","protected":false},"featured_media":0,"template":"","meta":{"_monsterinsights_skip_tracking":false,"_monsterinsights_sitenote_active":false,"_monsterinsights_sitenote_note":"","_monsterinsights_sitenote_category":0},"product_brand":[],"product_cat":[12689,12274],"product_tag":[],"class_list":{"0":"post-729618","1":"product","2":"type-product","3":"status-publish","5":"product_cat-cizgi-roman-cocuk-ve-genclik-kitaplari","6":"product_cat-cocuk-ve-genclik-kitaplari","7":"pa_cilt-ciltsiz","8":"pa_tur-kitap","9":"pa_yayinevi-altin-kitaplar","10":"pa_yazar-erhan-candan","12":"first","13":"instock","14":"sale","15":"shipping-taxable","16":"purchasable","17":"product-type-simple"},"_links":{"self":[{"href":"https:\/\/roveyayinevi.com.tr\/index.php\/wp-json\/wp\/v2\/product\/729618","targetHints":{"allow":["GET"]}}],"collection":[{"href":"https:\/\/roveyayinevi.com.tr\/index.php\/wp-json\/wp\/v2\/product"}],"about":[{"href":"https:\/\/roveyayinevi.com.tr\/index.php\/wp-json\/wp\/v2\/types\/product"}],"wp:attachment":[{"href":"https:\/\/roveyayinevi.com.tr\/index.php\/wp-json\/wp\/v2\/media?parent=729618"}],"wp:term":[{"taxonomy":"product_brand","embeddable":true,"href":"https:\/\/roveyayinevi.com.tr\/index.php\/wp-json\/wp\/v2\/product_brand?post=729618"},{"taxonomy":"product_cat","embeddable":true,"href":"https:\/\/roveyayinevi.com.tr\/index.php\/wp-json\/wp\/v2\/product_cat?post=729618"},{"taxonomy":"product_tag","embeddable":true,"href":"https:\/\/roveyayinevi.com.tr\/index.php\/wp-json\/wp\/v2\/product_tag?post=729618"}],"curies":[{"name":"wp","href":"https:\/\/api.w.org\/{rel}","templated":true}]}}