{"id":729616,"date":"2025-08-27T20:58:37","date_gmt":"2025-08-27T17:58:37","guid":{"rendered":"https:\/\/roveyayinevi.com.tr\/index.php\/urun\/kadinlar-alemi\/"},"modified":"2026-04-16T02:37:14","modified_gmt":"2026-04-15T23:37:14","slug":"kadinlar-alemi","status":"publish","type":"product","link":"https:\/\/roveyayinevi.com.tr\/index.php\/urun\/kadinlar-alemi\/","title":{"rendered":"Kad\u0131nlar Alemi"},"content":{"rendered":"<p>Genetik bir anomali y\u00fcz\u00fcnden erkeklerin nesli t\u00fckenmi\u015f ve Do\u011fa Ana modern d\u00fcnyay\u0131 yerle bir etmi\u015fti. Bu k\u0131yamet sonras\u0131 d\u00fcnyada hayatta kalmay\u0131 ba\u015faran kad\u0131nlar \u00f6nce kendilerini sonra da toplumu k\u00fcllerinden do\u011furacaklard\u0131. \u00c7oktan tarihe g\u00f6m\u00fclm\u00fc\u015f g\u00fc\u00e7 sembolleri, hadsiz espriler ve y\u00fczy\u0131llard\u0131r s\u00fcregelen beklentiler tamamen ortadan kalkt\u0131\u011f\u0131nda birlik olmak asl\u0131nda o kadar da zor de\u011fildi.   \u201cDaha komik, daha yarat\u0131c\u0131 bir \u00e7\u0131k\u0131\u015f kitab\u0131 d\u00fc\u015f\u00fcn\u00fclemez.\u201d \u2014Library Journal, starred review   \u201cBu korkusuz, yarat\u0131c\u0131 ve benzersiz karakterler k\u0131yamete kafa tutuyor. Hem de bunu sevgiden, kahkahadan ya da ya\u015famaktan vazge\u00e7meden yap\u0131yorlar.\u201d \u2014Publishers Weekly   \u201cErkeklerin olmad\u0131\u011f\u0131 bir d\u00fcnya hayal edebiliyor musunuz? Merak etmeyin, Aminder Dhaliwal bunu sizin i\u00e7in yapm\u0131\u015f.\u201d \u2014NYLON   \u201cKad\u0131nlar \u00c2lemi, kad\u0131nlar\u0131n aras\u0131ndaki karma\u015f\u0131k ve s\u0131cac\u0131k ili\u015fkiye dair espri dolu bir bak\u0131\u015f a\u00e7\u0131s\u0131 sunuyor. Her sahne bana, insan\u0131n varolu\u015fun dram\u0131na ra\u011fmen d\u00fcnya i\u00e7in iyi bir \u015feyler yapma arzusunun paradoksunu hat\u0131rlatt\u0131.\u201d \u2014APARNA NANCHERLA   \u201cG\u00f6r\u00fcn\u00fc\u015fe bak\u0131l\u0131rsa, erkeksiz bir d\u00fcnya olduk\u00e7a e\u011flenceli.\u201d \u2014TIG NOTARO   \u201cAtaerkilli\u011fin muzip bir ele\u015ftrisi.\u201d \u2014NPR   \u201cKesinlikle feminist ve inan\u0131lmaz komik.\u201d \u2014EVAN NARCISSE <\/p>\n","protected":false},"excerpt":{"rendered":"<p>Genetik bir anomali y\u00fcz\u00fcnden erkeklerin nesli t\u00fckenmi\u015f ve Do\u011fa Ana modern d\u00fcnyay\u0131 yerle bir etmi\u015fti. Bu k\u0131yamet sonras\u0131 d\u00fcnyada hayatta kalmay\u0131 ba\u015faran kad\u0131nlar \u00f6nce kendilerini sonra<span class=\"excerpt-hellip\"> [\u2026]<\/span><\/p>\n","protected":false},"featured_media":0,"template":"","meta":{"_monsterinsights_skip_tracking":false,"_monsterinsights_sitenote_active":false,"_monsterinsights_sitenote_note":"","_monsterinsights_sitenote_category":0},"product_brand":[],"product_cat":[12416,12291],"product_tag":[],"class_list":{"0":"post-729616","1":"product","2":"type-product","3":"status-publish","5":"product_cat-cizgi-roman","6":"product_cat-edebiyat","7":"pa_cilt-ciltsiz","8":"pa_tur-kitap","9":"pa_yayinevi-yabanci-yayinevi","10":"pa_yazar-aminder-dhaliwal","12":"first","13":"instock","14":"sale","15":"shipping-taxable","16":"purchasable","17":"product-type-simple"},"_links":{"self":[{"href":"https:\/\/roveyayinevi.com.tr\/index.php\/wp-json\/wp\/v2\/product\/729616","targetHints":{"allow":["GET"]}}],"collection":[{"href":"https:\/\/roveyayinevi.com.tr\/index.php\/wp-json\/wp\/v2\/product"}],"about":[{"href":"https:\/\/roveyayinevi.com.tr\/index.php\/wp-json\/wp\/v2\/types\/product"}],"wp:attachment":[{"href":"https:\/\/roveyayinevi.com.tr\/index.php\/wp-json\/wp\/v2\/media?parent=729616"}],"wp:term":[{"taxonomy":"product_brand","embeddable":true,"href":"https:\/\/roveyayinevi.com.tr\/index.php\/wp-json\/wp\/v2\/product_brand?post=729616"},{"taxonomy":"product_cat","embeddable":true,"href":"https:\/\/roveyayinevi.com.tr\/index.php\/wp-json\/wp\/v2\/product_cat?post=729616"},{"taxonomy":"product_tag","embeddable":true,"href":"https:\/\/roveyayinevi.com.tr\/index.php\/wp-json\/wp\/v2\/product_tag?post=729616"}],"curies":[{"name":"wp","href":"https:\/\/api.w.org\/{rel}","templated":true}]}}