{"id":729614,"date":"2025-08-27T20:58:34","date_gmt":"2025-08-27T17:58:34","guid":{"rendered":"https:\/\/roveyayinevi.com.tr\/index.php\/urun\/osmanli-tarihine-ait-takvimler\/"},"modified":"2026-04-16T02:37:14","modified_gmt":"2026-04-15T23:37:14","slug":"osmanli-tarihine-ait-takvimler","status":"publish","type":"product","link":"https:\/\/roveyayinevi.com.tr\/index.php\/urun\/osmanli-tarihine-ait-takvimler\/","title":{"rendered":"Osmanl\u0131 Tarihine Ait Takvimler"},"content":{"rendered":"<p>Ats\u0131z\u2019\u0131n Osmanl\u0131 tarih\u00e7ili\u011fi alan\u0131nda en \u00f6nemli \u00e7al\u0131\u015fmalar\u0131ndan say\u0131labilecek Takvimler, onun tan\u0131mlad\u0131\u011f\u0131 \u015fekilde, umumiyetle m\u00fcneccimler taraf\u0131ndan padi\u015fahlara takdim olunup o y\u0131l neler olaca\u011f\u0131n\u0131, y\u0131ld\u0131zlar\u0131n tesirini, se\u011firmelerin m\u00e2n\u00e2s\u0131n\u0131 bildiren eserlerdir. Bu arada bir de tarih b\u00f6l\u00fcm\u00fc i\u00e7erirler ki bu b\u00f6l\u00fcmler d\u00fcnyan\u0131n veya \u00c2dem\u2019in yarat\u0131l\u0131\u015f\u0131ndan ba\u015flayarak takvimin tertip olundu\u011fu y\u0131l\u0131n hemen yak\u0131n\u0131na kadar gelmektedir. \u00c7engiz ve H\u00fcleg\u00fc gibi \u0130slam ve Osmanl\u0131 tarih\u00e7ili\u011finde lanetle an\u0131lan isimlerin, yine Osmanl\u0131larla has\u0131m olan Karaman beylerinin sayg\u0131l\u0131 bir dille yad edildi\u011fi Takvimler, Ats\u0131z a\u00e7\u0131s\u0131ndan, 15. as\u0131r Anadolu T\u00fcrklerindeki tarih telakkisini g\u00f6stermesi noktas\u0131nda \u00f6nem arz etmektedir. Latin literat\u00fcr\u00fcndeki fasti ve annales tarz\u0131 kay\u0131t tutma faaliyetinin ve evrensel tarih gelene\u011finin bir par\u00e7as\u0131 say\u0131lmalar\u0131 da m\u00fcmk\u00fcn olan ve bizdeki \u00f6rnekleri Osmanl\u0131 tarih yaz\u0131c\u0131l\u0131\u011f\u0131n\u0131n erken d\u00f6nemleri i\u00e7in kaynak vazifesi de g\u00f6ren bu t\u00fcr takvimlerin bir k\u0131sm\u0131 Prof. Dr. Osman Turan taraf\u0131ndan yay\u0131mlanm\u0131\u015ft\u0131. Elinizdeki kitap ise, bu sahaya Ats\u0131z taraf\u0131ndan yap\u0131lan katk\u0131lar\u0131n tamam\u0131n\u0131 i\u00e7ermektedir. Kitapta, Ats\u0131z\u2019\u0131n, 1961 y\u0131l\u0131nda ne\u015fredilen Osmanl\u0131 Tarihine Ait Takvimler I: 824, 835, 843 tarihli takvimlerba\u015fl\u0131kl\u0131 m\u00fcstakil \u00e7al\u0131\u015fmas\u0131 ile Sel\u00e7uklu Ara\u015ft\u0131rmalar\u0131 Dergisi\u2019nin 4. say\u0131s\u0131nda ne\u015fretti\u011fi \u201cHicr\u00ee 858 Y\u0131l\u0131na Ait Takvim\u201d ve \u0130stanbul Enstit\u00fcs\u00fc Dergisi\u2019nin 3. say\u0131s\u0131nda ne\u015fretti\u011fi \u201cFatih Sultan Mehmed\u2019e Sunulmu\u015f Tarih\u00ee Bir Takvim\u201d ba\u015fl\u0131kl\u0131 makalelerinin bir araya getirilmesiyle olu\u015fturulmu\u015ftur. Ayr\u0131ca \u201cFatih Sultan Mehmed\u2019e Sunulmu\u015f Tarih\u00ee Bir Takvim\u201de, bir \u0130simler Cetveli de ilave edilmi\u015ftir.<\/p>\n","protected":false},"excerpt":{"rendered":"<p>Ats\u0131z\u2019\u0131n Osmanl\u0131 tarih\u00e7ili\u011fi alan\u0131nda en \u00f6nemli \u00e7al\u0131\u015fmalar\u0131ndan say\u0131labilecek Takvimler, onun tan\u0131mlad\u0131\u011f\u0131 \u015fekilde, umumiyetle m\u00fcneccimler taraf\u0131ndan padi\u015fahlara takdim olunup o y\u0131l neler olaca\u011f\u0131n\u0131, y\u0131ld\u0131zlar\u0131n tesirini, se\u011firmelerin m\u00e2n\u00e2s\u0131n\u0131<span class=\"excerpt-hellip\"> [\u2026]<\/span><\/p>\n","protected":false},"featured_media":0,"template":"","meta":{"_monsterinsights_skip_tracking":false,"_monsterinsights_sitenote_active":false,"_monsterinsights_sitenote_note":"","_monsterinsights_sitenote_category":0},"product_brand":[],"product_cat":[13072,12291],"product_tag":[],"class_list":{"0":"post-729614","1":"product","2":"type-product","3":"status-publish","5":"product_cat-arastirma-inceleme-referans","6":"product_cat-edebiyat","7":"pa_cilt-ciltsiz","8":"pa_tur-kitap","9":"pa_yayinevi-otuken-nesriyat","10":"pa_yazar-huseyin-nihal-atsiz","12":"first","13":"instock","14":"sale","15":"shipping-taxable","16":"purchasable","17":"product-type-simple"},"_links":{"self":[{"href":"https:\/\/roveyayinevi.com.tr\/index.php\/wp-json\/wp\/v2\/product\/729614","targetHints":{"allow":["GET"]}}],"collection":[{"href":"https:\/\/roveyayinevi.com.tr\/index.php\/wp-json\/wp\/v2\/product"}],"about":[{"href":"https:\/\/roveyayinevi.com.tr\/index.php\/wp-json\/wp\/v2\/types\/product"}],"wp:attachment":[{"href":"https:\/\/roveyayinevi.com.tr\/index.php\/wp-json\/wp\/v2\/media?parent=729614"}],"wp:term":[{"taxonomy":"product_brand","embeddable":true,"href":"https:\/\/roveyayinevi.com.tr\/index.php\/wp-json\/wp\/v2\/product_brand?post=729614"},{"taxonomy":"product_cat","embeddable":true,"href":"https:\/\/roveyayinevi.com.tr\/index.php\/wp-json\/wp\/v2\/product_cat?post=729614"},{"taxonomy":"product_tag","embeddable":true,"href":"https:\/\/roveyayinevi.com.tr\/index.php\/wp-json\/wp\/v2\/product_tag?post=729614"}],"curies":[{"name":"wp","href":"https:\/\/api.w.org\/{rel}","templated":true}]}}