{"id":729612,"date":"2025-08-27T20:58:32","date_gmt":"2025-08-27T17:58:32","guid":{"rendered":"https:\/\/roveyayinevi.com.tr\/index.php\/urun\/sonsuzluk-carki-aradunya-3-ciltli\/"},"modified":"2026-04-16T02:37:14","modified_gmt":"2026-04-15T23:37:14","slug":"sonsuzluk-carki-aradunya-3-ciltli","status":"publish","type":"product","link":"https:\/\/roveyayinevi.com.tr\/index.php\/urun\/sonsuzluk-carki-aradunya-3-ciltli\/","title":{"rendered":"Sonsuzluk \u00c7ark\u0131: Arad\u00fcnya 3 (Ciltli)"},"content":{"rendered":"<p>Joey Harker bir liderdi.   HEX\u2019e kar\u015f\u0131 verdikleri m\u00fccadele s\u0131ras\u0131nda kaybolan tek yolda\u015f\u0131 \u2013gizemli Zaman Ajan\u0131\u2013 Acacia Jones\u2019la birlikte geride bir tek Joey kalm\u0131\u015ft\u0131. Yaral\u0131 ve yaln\u0131z ba\u015f\u0131na olmas\u0131na ra\u011fmen pes etmeyi reddediyordu. T\u00fcm d\u00fcnyalar\u0131n kaderi ona ba\u011fl\u0131yken nas\u0131l pes edebilirdi ki?   Ayazl\u0131Gece tehlikesi giderek yakla\u015f\u0131rken Joey, Altiverse\u2019te daha \u00e7ok Y\u00fcr\u00fcy\u00fc\u015f\u00e7\u00fc arkada\u015f\u0131n\u0131 bulmak i\u00e7in \u00e7abal\u0131yor ve onlar\u0131 h\u0131zl\u0131ca e\u011fitirken ayn\u0131 zamanda Ara D\u00fcnya \u00dcs Kenti\u2019nin izini s\u00fcr\u00fcyordu.    Joey lider olmay\u0131 hi\u00e7bir zaman istememi\u015fti. Ama art\u0131k herkes onun eline bak\u0131yordu ve Ara D\u00fcnya\u2019y\u0131, Multiverse\u2019\u00fc ve aradaki her \u015feyi kurtarmak istiyorsa inisiyatif almak zorundayd\u0131.    Sonsuzluk \u00c7ark\u0131, Ara D\u00fcnya \u00fc\u00e7lemesinin zaman ve mek\u00e2n yolculuklar\u0131yla, b\u00fcy\u00fcyle ve bilimle dolu, heyecanl\u0131 finali. <\/p>\n","protected":false},"excerpt":{"rendered":"<p>Joey Harker bir liderdi. HEX\u2019e kar\u015f\u0131 verdikleri m\u00fccadele s\u0131ras\u0131nda kaybolan tek yolda\u015f\u0131 \u2013gizemli Zaman Ajan\u0131\u2013 Acacia Jones\u2019la birlikte geride bir tek Joey kalm\u0131\u015ft\u0131. Yaral\u0131 ve yaln\u0131z<span class=\"excerpt-hellip\"> [\u2026]<\/span><\/p>\n","protected":false},"featured_media":0,"template":"","meta":{"_monsterinsights_skip_tracking":false,"_monsterinsights_sitenote_active":false,"_monsterinsights_sitenote_note":"","_monsterinsights_sitenote_category":0},"product_brand":[],"product_cat":[12540,12291],"product_tag":[],"class_list":{"0":"post-729612","1":"product","2":"type-product","3":"status-publish","5":"product_cat-bilim-kurgu","6":"product_cat-edebiyat","7":"pa_cilt-ciltli","8":"pa_tur-kitap","9":"pa_yayinevi-ithaki-yayinlari","10":"pa_yazar-ithaki-yayinlari-kolektif","12":"first","13":"instock","14":"sale","15":"shipping-taxable","16":"purchasable","17":"product-type-simple"},"_links":{"self":[{"href":"https:\/\/roveyayinevi.com.tr\/index.php\/wp-json\/wp\/v2\/product\/729612","targetHints":{"allow":["GET"]}}],"collection":[{"href":"https:\/\/roveyayinevi.com.tr\/index.php\/wp-json\/wp\/v2\/product"}],"about":[{"href":"https:\/\/roveyayinevi.com.tr\/index.php\/wp-json\/wp\/v2\/types\/product"}],"wp:attachment":[{"href":"https:\/\/roveyayinevi.com.tr\/index.php\/wp-json\/wp\/v2\/media?parent=729612"}],"wp:term":[{"taxonomy":"product_brand","embeddable":true,"href":"https:\/\/roveyayinevi.com.tr\/index.php\/wp-json\/wp\/v2\/product_brand?post=729612"},{"taxonomy":"product_cat","embeddable":true,"href":"https:\/\/roveyayinevi.com.tr\/index.php\/wp-json\/wp\/v2\/product_cat?post=729612"},{"taxonomy":"product_tag","embeddable":true,"href":"https:\/\/roveyayinevi.com.tr\/index.php\/wp-json\/wp\/v2\/product_tag?post=729612"}],"curies":[{"name":"wp","href":"https:\/\/api.w.org\/{rel}","templated":true}]}}