{"id":729611,"date":"2025-08-27T20:58:31","date_gmt":"2025-08-27T17:58:31","guid":{"rendered":"https:\/\/roveyayinevi.com.tr\/index.php\/urun\/hoca-baba-amca-ben\/"},"modified":"2026-04-16T02:37:14","modified_gmt":"2026-04-15T23:37:14","slug":"hoca-baba-amca-ben","status":"publish","type":"product","link":"https:\/\/roveyayinevi.com.tr\/index.php\/urun\/hoca-baba-amca-ben\/","title":{"rendered":"Hoca, Baba, Amca, Ben"},"content":{"rendered":"<p>Bir sabah, uykunun en tatl\u0131 yerindeyken, kap\u0131 zili ac\u0131 ac\u0131 \u00f6tt\u00fc. B\u00fclb\u00fcl zillerdendi, bana \u00e7ocuklu\u011fumun ge\u00e7ti\u011fi Ayd\u0131n\u2019daki aile evini, o evdeki mutsuzlu\u011fu ve yoksullu\u011fu hat\u0131rlatt\u0131\u011f\u0131 i\u00e7in sevmezdim, ama de\u011fi\u015ftirmeye de cesaret edemiyordum, maziyle iyi k\u00f6t\u00fc bir ba\u011fd\u0131 neticede. Kalkt\u0131m. Dedim herhalde ev arkada\u015flar\u0131mdan biridir. Anahtar\u0131n\u0131 falan unutmu\u015ftur. A\u00e7t\u0131m kap\u0131y\u0131, hoca, babam ve amcam kar\u015f\u0131mda duruyordu. Sabah\u0131n daha o saatinde sallan\u0131yorlard\u0131 i\u00e7kiden. Babam\u0131n elinde b\u00fcy\u00fck\u00e7e bir bavul vard\u0131. Hoca, Baba, Amca, Ben, Murat Uyurkulak\u2019\u0131n 2017-2020 aras\u0131 yazd\u0131\u011f\u0131 \u00f6yk\u00fcleri bir araya getiriyor. Kitaba ad\u0131n\u0131 veren ilk b\u00f6l\u00fcmde d\u00f6rt karakter \u00fczerinden anlat\u0131lan hik\u00e2yeler var. Bu karakterlerden \u00fc\u00e7\u00fc, anar\u015fistlikten kom\u00fcnistli\u011fe uzanan muhtelif muhalif tonlar\u0131 olan \u00fc\u00e7 alkolik. Gururlu, d\u00fcr\u00fcst, yoksul, d\u0131\u015far\u0131dan bak\u0131ld\u0131\u011f\u0131nda \u201ckaybeden\u201d diyebilece\u011finiz, ama kendilerini asla kaybetmi\u015f g\u00f6rmeyen, hayat, memleket, d\u00fcnya ve insanlar hakk\u0131nda s\u00f6yleyecek bolca s\u00f6zleri olan, entelekt\u00fcel karakterler. Rak\u0131lar\u0131, muhabbetleri, \u015fehirleri ve ufaktan ya\u015fad\u0131klar\u0131 g\u00f6n\u00fcl maceralar\u0131yla her \u015feye ra\u011fmen kendileriyle bar\u0131\u015f\u0131k ve e\u011flenceli insanlar. Onlar\u0131n d\u00fc\u015f\u00fcncelerini ve hik\u00e2yelerini ise \u201co\u011ful, ye\u011fen ve \u00f6\u011frenci\u201d olan, ortalar\u0131ndaki \u201cBen\u201d karakteri sayesinde okuyoruz. \u0130kinci b\u00f6l\u00fcm \u201cTuhaf \u015eah\u0131slar Alb\u00fcm\u00fc\u201dndeyse ilgin\u00e7 kar\u015f\u0131la\u015fmalar, hayata g\u00f6lgesini ya da \u0131\u015f\u0131\u011f\u0131n\u0131 d\u00fc\u015f\u00fcren anekdot ile an\u0131lar ve kimini okurlar\u0131n yak\u0131ndan tan\u0131d\u0131\u011f\u0131 \u00e7e\u015fitli fig\u00fcrlerin ustal\u0131kla hik\u00e2yele\u015ftirilmi\u015f dokunakl\u0131 portreleri yer al\u0131yor. <\/p>\n","protected":false},"excerpt":{"rendered":"<p>Bir sabah, uykunun en tatl\u0131 yerindeyken, kap\u0131 zili ac\u0131 ac\u0131 \u00f6tt\u00fc. B\u00fclb\u00fcl zillerdendi, bana \u00e7ocuklu\u011fumun ge\u00e7ti\u011fi Ayd\u0131n\u2019daki aile evini, o evdeki mutsuzlu\u011fu ve yoksullu\u011fu hat\u0131rlatt\u0131\u011f\u0131 i\u00e7in<span class=\"excerpt-hellip\"> [\u2026]<\/span><\/p>\n","protected":false},"featured_media":0,"template":"","meta":{"_monsterinsights_skip_tracking":false,"_monsterinsights_sitenote_active":false,"_monsterinsights_sitenote_note":"","_monsterinsights_sitenote_category":0},"product_brand":[],"product_cat":[12291,12711],"product_tag":[],"class_list":{"0":"post-729611","1":"product","2":"type-product","3":"status-publish","5":"product_cat-edebiyat","6":"product_cat-roman-oyku","7":"pa_cilt-ciltsiz","8":"pa_tur-kitap","9":"pa_yayinevi-can-yayinlari","10":"pa_yazar-murat-uyurkulak","12":"first","13":"instock","14":"sale","15":"shipping-taxable","16":"purchasable","17":"product-type-simple"},"_links":{"self":[{"href":"https:\/\/roveyayinevi.com.tr\/index.php\/wp-json\/wp\/v2\/product\/729611","targetHints":{"allow":["GET"]}}],"collection":[{"href":"https:\/\/roveyayinevi.com.tr\/index.php\/wp-json\/wp\/v2\/product"}],"about":[{"href":"https:\/\/roveyayinevi.com.tr\/index.php\/wp-json\/wp\/v2\/types\/product"}],"wp:attachment":[{"href":"https:\/\/roveyayinevi.com.tr\/index.php\/wp-json\/wp\/v2\/media?parent=729611"}],"wp:term":[{"taxonomy":"product_brand","embeddable":true,"href":"https:\/\/roveyayinevi.com.tr\/index.php\/wp-json\/wp\/v2\/product_brand?post=729611"},{"taxonomy":"product_cat","embeddable":true,"href":"https:\/\/roveyayinevi.com.tr\/index.php\/wp-json\/wp\/v2\/product_cat?post=729611"},{"taxonomy":"product_tag","embeddable":true,"href":"https:\/\/roveyayinevi.com.tr\/index.php\/wp-json\/wp\/v2\/product_tag?post=729611"}],"curies":[{"name":"wp","href":"https:\/\/api.w.org\/{rel}","templated":true}]}}