{"id":729608,"date":"2025-08-27T20:58:28","date_gmt":"2025-08-27T17:58:28","guid":{"rendered":"https:\/\/roveyayinevi.com.tr\/index.php\/urun\/kirmizi-saatler\/"},"modified":"2026-04-16T02:37:14","modified_gmt":"2026-04-15T23:37:14","slug":"kirmizi-saatler","status":"publish","type":"product","link":"https:\/\/roveyayinevi.com.tr\/index.php\/urun\/kirmizi-saatler\/","title":{"rendered":"K\u0131rm\u0131z\u0131 Saatler"},"content":{"rendered":"<p>Ken Kesey Edebiyat \u00d6d\u00fcl\u00fc Kazanan\u0131 \/ Orwell Politik Kurgu \u00d6d\u00fcl\u00fc Finalisti   Bu kitaptaki her \u015fey hayal \u00fcr\u00fcn\u00fcd\u00fcr\u2026 Evet, bu yalan\u0131 s\u00f6ylemeye devam edin.   Yak\u0131n bir gelecek. Ro, 19. y\u00fczy\u0131l kad\u0131n k\u00e2\u015fifi Eiv\u00f8r\u2019un biyografisini yazan ve anne olmaya \u00e7abalayan bek\u00e2r bir lise \u00f6\u011fretmeni. Ancak t\u00fcp bebek art\u0131k yasak, keza k\u00fcrtaj da. Tek \u00e7\u00f6z\u00fcm, yasad\u0131\u015f\u0131 yollar. Sebebi ise basit: Aile kurumunun itibar\u0131n\u0131, g\u00fcc\u00fcn\u00fc ve refah\u0131n\u0131 onarmak.   Ro\u2019nun en yak\u0131n arkada\u015f\u0131 Susan, iki \u00e7ocu\u011fuyla birlikte k\u00f6t\u00fcye giden bir evlilikte s\u0131k\u0131\u015fm\u0131\u015f vaziyette; en parlak \u00f6\u011frencilerinden Mattie, planlamad\u0131\u011f\u0131 bir hamilelikle kar\u015f\u0131 kar\u015f\u0131ya ve kimden yard\u0131m isteyece\u011fini bilemiyor; kad\u0131nlara do\u011fal \u00e7areler sunan \u015fifac\u0131 Gin ise, modern bir cad\u0131 av\u0131n\u0131n odak noktas\u0131.   Peki anne olmak, olmamak ya da olamamak bir kad\u0131n\u0131 tan\u0131mlar m\u0131?   Margaret Atwood ve Dam\u0131zl\u0131k K\u0131z\u0131n \u00d6yk\u00fcs\u00fc\u2019n\u00fcn ad\u0131mlar\u0131n\u0131 takip eden K\u0131rm\u0131z\u0131 Saatler, \u00f6zg\u00fcrl\u00fck, kimlik, kad\u0131nl\u0131k ve annelik \u00fczerine heyecan dolu fikirler sunmakla kalmay\u0131p okuru yak\u0131n gelecekteki g\u00fcn\u00fcm\u00fczdeki tehlikelere kar\u015f\u0131 uyaran, \u00e7arp\u0131c\u0131 bir distopya.   \u201cLeni Zumas bu kitab\u0131yla neler yapabilece\u011fini kan\u0131tl\u0131yor. K\u0131rm\u0131z\u0131 Saatler e\u011flenceli, dokunakl\u0131, \u015fatafatl\u0131, politik, \u015fairane, korkutucu, ilham verici. Edebiyat i\u00e7in yeni bir basamak.\u201d \u2013Maggie Nelson, Argonautlar\u2019\u0131n yazar\u0131   \u201cKad\u0131nlar\u0131n hayat\u0131n\u0131n heyecanl\u0131 ve g\u00fczelce g\u00f6zlemlenmi\u015f bir yans\u0131mas\u0131. Son derece s\u00fcr\u00fckleyici.\u201d \u2013Naomi Alderman, G\u00fc\u00e7\u2019\u00fcn yazar\u0131   \u201cTuhaf, sevgi dolu ve \u0131\u015f\u0131l \u0131\u015f\u0131l. K\u0131rm\u0131z\u0131 Saatler\u2019i t\u00fcm y\u00fcre\u011fimle sevdim.\u201d \u2013Kelly Link, Belaya Bula\u015f\u2019\u0131n yazar\u0131 <\/p>\n","protected":false},"excerpt":{"rendered":"<p>Ken Kesey Edebiyat \u00d6d\u00fcl\u00fc Kazanan\u0131 \/ Orwell Politik Kurgu \u00d6d\u00fcl\u00fc Finalisti Bu kitaptaki her \u015fey hayal \u00fcr\u00fcn\u00fcd\u00fcr\u2026 Evet, bu yalan\u0131 s\u00f6ylemeye devam edin. Yak\u0131n bir gelecek.<span class=\"excerpt-hellip\"> [\u2026]<\/span><\/p>\n","protected":false},"featured_media":0,"template":"","meta":{"_monsterinsights_skip_tracking":false,"_monsterinsights_sitenote_active":false,"_monsterinsights_sitenote_note":"","_monsterinsights_sitenote_category":0},"product_brand":[],"product_cat":[12540,12291],"product_tag":[],"class_list":{"0":"post-729608","1":"product","2":"type-product","3":"status-publish","5":"product_cat-bilim-kurgu","6":"product_cat-edebiyat","7":"pa_cilt-ciltsiz","8":"pa_tur-kitap","9":"pa_yayinevi-ithaki-yayinlari","10":"pa_yazar-leni-zumas","12":"first","13":"instock","14":"sale","15":"shipping-taxable","16":"purchasable","17":"product-type-simple"},"_links":{"self":[{"href":"https:\/\/roveyayinevi.com.tr\/index.php\/wp-json\/wp\/v2\/product\/729608","targetHints":{"allow":["GET"]}}],"collection":[{"href":"https:\/\/roveyayinevi.com.tr\/index.php\/wp-json\/wp\/v2\/product"}],"about":[{"href":"https:\/\/roveyayinevi.com.tr\/index.php\/wp-json\/wp\/v2\/types\/product"}],"wp:attachment":[{"href":"https:\/\/roveyayinevi.com.tr\/index.php\/wp-json\/wp\/v2\/media?parent=729608"}],"wp:term":[{"taxonomy":"product_brand","embeddable":true,"href":"https:\/\/roveyayinevi.com.tr\/index.php\/wp-json\/wp\/v2\/product_brand?post=729608"},{"taxonomy":"product_cat","embeddable":true,"href":"https:\/\/roveyayinevi.com.tr\/index.php\/wp-json\/wp\/v2\/product_cat?post=729608"},{"taxonomy":"product_tag","embeddable":true,"href":"https:\/\/roveyayinevi.com.tr\/index.php\/wp-json\/wp\/v2\/product_tag?post=729608"}],"curies":[{"name":"wp","href":"https:\/\/api.w.org\/{rel}","templated":true}]}}