{"id":729606,"date":"2025-08-27T20:58:26","date_gmt":"2025-08-27T17:58:26","guid":{"rendered":"https:\/\/roveyayinevi.com.tr\/index.php\/urun\/pibalu-gezegenine-donus\/"},"modified":"2026-04-16T02:37:14","modified_gmt":"2026-04-15T23:37:14","slug":"pibalu-gezegenine-donus","status":"publish","type":"product","link":"https:\/\/roveyayinevi.com.tr\/index.php\/urun\/pibalu-gezegenine-donus\/","title":{"rendered":"Pibalu Gezegeni&#8217;ne D\u00f6n\u00fc\u015f"},"content":{"rendered":"<p>Yerlerinizi al\u0131n, Pibalu Gezegeni\u2019ne d\u00f6n\u00fc\u015f yolculu\u011fu ba\u015fl\u0131yor!Birka\u00e7 milenyum sonras\u0131na ait Pibalu Gezegeni\u2019nde i\u015fler kar\u0131\u015f\u0131yor. Eray\u2019\u0131n gezegendeki arkada\u015f\u0131 P\u0131r\u0131lt\u0131 ondan yard\u0131m isteyince Eray yeniden gezegene gidiyor ve \u00fc\u00e7 farkl\u0131 sorunla kar\u015f\u0131la\u015f\u0131yor. Acaba Eray gezegen sakinlerinin bu sorunlar\u0131 \u00e7\u00f6zmesine yard\u0131m edebilecek mi?\u00d6d\u00fcll\u00fc yazar \u00e7izer Emre \u015eim\u015fek&#8217;in \u00e7ok sevilen Pibalu Gezegeni&#8217;ne Yolculuk kitab\u0131n\u0131n devam\u0131 niteli\u011findeki Pibalu Gezegeni&#8217;ne D\u00f6n\u00fc\u015f, ekran ba\u011f\u0131ml\u0131l\u0131\u011f\u0131, emek harcamak, ba\u011f kurmak gibi temalara odaklanan maceral\u0131 bir \u00f6yk\u00fc sunuyor okurlara.<\/p>\n","protected":false},"excerpt":{"rendered":"<p>Yerlerinizi al\u0131n, Pibalu Gezegeni\u2019ne d\u00f6n\u00fc\u015f yolculu\u011fu ba\u015fl\u0131yor!Birka\u00e7 milenyum sonras\u0131na ait Pibalu Gezegeni\u2019nde i\u015fler kar\u0131\u015f\u0131yor. Eray\u2019\u0131n gezegendeki arkada\u015f\u0131 P\u0131r\u0131lt\u0131 ondan yard\u0131m isteyince Eray yeniden gezegene gidiyor ve<span class=\"excerpt-hellip\"> [\u2026]<\/span><\/p>\n","protected":false},"featured_media":0,"template":"","meta":{"_monsterinsights_skip_tracking":false,"_monsterinsights_sitenote_active":false,"_monsterinsights_sitenote_note":"","_monsterinsights_sitenote_category":0},"product_brand":[],"product_cat":[12275,12274],"product_tag":[],"class_list":{"0":"post-729606","1":"product","2":"type-product","3":"status-publish","5":"product_cat-6-12-yas-kitaplari","6":"product_cat-cocuk-ve-genclik-kitaplari","7":"pa_cilt-ciltsiz","8":"pa_tur-kitap","9":"pa_yayinevi-redhouse-kidz-yayinlari","10":"pa_yazar-emre-simsek","12":"first","13":"instock","14":"sale","15":"shipping-taxable","16":"purchasable","17":"product-type-simple"},"_links":{"self":[{"href":"https:\/\/roveyayinevi.com.tr\/index.php\/wp-json\/wp\/v2\/product\/729606","targetHints":{"allow":["GET"]}}],"collection":[{"href":"https:\/\/roveyayinevi.com.tr\/index.php\/wp-json\/wp\/v2\/product"}],"about":[{"href":"https:\/\/roveyayinevi.com.tr\/index.php\/wp-json\/wp\/v2\/types\/product"}],"wp:attachment":[{"href":"https:\/\/roveyayinevi.com.tr\/index.php\/wp-json\/wp\/v2\/media?parent=729606"}],"wp:term":[{"taxonomy":"product_brand","embeddable":true,"href":"https:\/\/roveyayinevi.com.tr\/index.php\/wp-json\/wp\/v2\/product_brand?post=729606"},{"taxonomy":"product_cat","embeddable":true,"href":"https:\/\/roveyayinevi.com.tr\/index.php\/wp-json\/wp\/v2\/product_cat?post=729606"},{"taxonomy":"product_tag","embeddable":true,"href":"https:\/\/roveyayinevi.com.tr\/index.php\/wp-json\/wp\/v2\/product_tag?post=729606"}],"curies":[{"name":"wp","href":"https:\/\/api.w.org\/{rel}","templated":true}]}}