{"id":729604,"date":"2025-08-27T20:58:24","date_gmt":"2025-08-27T17:58:24","guid":{"rendered":"https:\/\/roveyayinevi.com.tr\/index.php\/urun\/merhume\/"},"modified":"2026-04-16T02:37:14","modified_gmt":"2026-04-15T23:37:14","slug":"merhume","status":"publish","type":"product","link":"https:\/\/roveyayinevi.com.tr\/index.php\/urun\/merhume\/","title":{"rendered":"Merhume"},"content":{"rendered":"<p>Elde \u015eu Ki\u015filer Var:Evren Tunga: M\u00fcstakbel mevta&#8230; \u00d6lmeden \u00f6ncesevdiklerini kurtarmaya \u00e7al\u0131\u015f\u0131yor&#8230;Hilmi \u015eerbet: Huysuz bir hafiye&#8230; Zengin olmak istiyor&#8230;Davut Vahdet: Hilmi \u015eerbet\u2019in yak\u0131\u015f\u0131kl\u0131 orta\u011f\u0131&#8230; \u00c2\u015f\u0131k oluyor&#8230;Alper Kenan Kald\u0131ran: Evren Tunga\u2019n\u0131n abisi veyahut babas\u0131&#8230; Suna\u2019y\u0131 \u00e7ok \u00f6zl\u00fcyor&#8230;Suna Kald\u0131ran: Alper Kenan\u2019\u0131n g\u00fczel kar\u0131s\u0131&#8230; Kay\u0131p&#8230;G\u00fcls\u00fcm Tunga: Evren Tunga\u2019n\u0131n annesi&#8230;Bir vakitlerin naml\u0131 fahi\u015fesi&#8230;\u015eevket Kara: \u015eerbet ile Davut\u2019un dilsiz badisi&#8230;Cinsiyet de\u011fi\u015ftirmek istiyor&#8230;Kader Atmaca: Evren Tunga\u2019n\u0131n gen\u00e7 sevgilisi..Dans\u00f6zl\u00fck ve falc\u0131l\u0131kta mahir&#8230;Yusuf Serto\u011flu: Eski yazar, yeni ayya\u015f&#8230; On bin lira bekliyor&#8230;Elde \u015fu ipu\u00e7lar\u0131 var:Evren Tunga\u2019n\u0131n doldurdu\u011fu on d\u00f6rt adet kaset&#8230; Yusuf Serto\u011flu\u2019nun yazd\u0131\u011f\u0131 d\u00f6rt adet not defteri&#8230; \u015eevket Kara\u2019n\u0131n tuttu\u011fu bir adet g\u00fcnl\u00fck&#8230;Elde \u015eu Soru Var:Yani, siz, hepiniz?Murat Uyurkulak\u2019\u0131n 2017 tarihli eseri Merhume, kahramanlar\u0131 yok say\u0131lanlar, ezilenler, kenardakiler, katli m\u00fcnasip say\u0131lanlar olan, ele ald\u0131\u011f\u0131 a\u011f\u0131r mevzulara kar\u015f\u0131n g\u00fcr\u00fcl g\u00fcr\u00fcl akan \u00e7ok renkli, \u00e7ok sesli bir roman. Bu toplumunun harc\u0131n\u0131 karm\u0131\u015f erkekli\u011fi, militarizmi, darbeleri, \u015fiddet ve k\u0131r\u0131m\u0131 e\u015felerken \u00e7okk\u00fclt\u00fcrl\u00fcl\u00fckten, cinsel \u00f6zg\u00fcrl\u00fckten, duyarl\u0131l\u0131ktan yana koyuyor tavr\u0131n\u0131; yani bizi dert ediniyor, hepimizi\u2026<\/p>\n","protected":false},"excerpt":{"rendered":"<p>Elde \u015eu Ki\u015filer Var:Evren Tunga: M\u00fcstakbel mevta&#8230; \u00d6lmeden \u00f6ncesevdiklerini kurtarmaya \u00e7al\u0131\u015f\u0131yor&#8230;Hilmi \u015eerbet: Huysuz bir hafiye&#8230; Zengin olmak istiyor&#8230;Davut Vahdet: Hilmi \u015eerbet\u2019in yak\u0131\u015f\u0131kl\u0131 orta\u011f\u0131&#8230; \u00c2\u015f\u0131k oluyor&#8230;Alper Kenan<span class=\"excerpt-hellip\"> [\u2026]<\/span><\/p>\n","protected":false},"featured_media":0,"template":"","meta":{"_monsterinsights_skip_tracking":false,"_monsterinsights_sitenote_active":false,"_monsterinsights_sitenote_note":"","_monsterinsights_sitenote_category":0},"product_brand":[],"product_cat":[12291,12711],"product_tag":[],"class_list":{"0":"post-729604","1":"product","2":"type-product","3":"status-publish","5":"product_cat-edebiyat","6":"product_cat-roman-oyku","7":"pa_cilt-ciltsiz","8":"pa_tur-kitap","9":"pa_yayinevi-can-yayinlari","10":"pa_yazar-murat-uyurkulak","12":"first","13":"instock","14":"sale","15":"shipping-taxable","16":"purchasable","17":"product-type-simple"},"_links":{"self":[{"href":"https:\/\/roveyayinevi.com.tr\/index.php\/wp-json\/wp\/v2\/product\/729604","targetHints":{"allow":["GET"]}}],"collection":[{"href":"https:\/\/roveyayinevi.com.tr\/index.php\/wp-json\/wp\/v2\/product"}],"about":[{"href":"https:\/\/roveyayinevi.com.tr\/index.php\/wp-json\/wp\/v2\/types\/product"}],"wp:attachment":[{"href":"https:\/\/roveyayinevi.com.tr\/index.php\/wp-json\/wp\/v2\/media?parent=729604"}],"wp:term":[{"taxonomy":"product_brand","embeddable":true,"href":"https:\/\/roveyayinevi.com.tr\/index.php\/wp-json\/wp\/v2\/product_brand?post=729604"},{"taxonomy":"product_cat","embeddable":true,"href":"https:\/\/roveyayinevi.com.tr\/index.php\/wp-json\/wp\/v2\/product_cat?post=729604"},{"taxonomy":"product_tag","embeddable":true,"href":"https:\/\/roveyayinevi.com.tr\/index.php\/wp-json\/wp\/v2\/product_tag?post=729604"}],"curies":[{"name":"wp","href":"https:\/\/api.w.org\/{rel}","templated":true}]}}