{"id":729600,"date":"2025-08-27T20:58:21","date_gmt":"2025-08-27T17:58:21","guid":{"rendered":"https:\/\/roveyayinevi.com.tr\/index.php\/urun\/il-ve-ilcelerde-mulki-idarenin-koordinasyon-kapasitesi\/"},"modified":"2026-04-16T02:37:13","modified_gmt":"2026-04-15T23:37:13","slug":"il-ve-ilcelerde-mulki-idarenin-koordinasyon-kapasitesi","status":"publish","type":"product","link":"https:\/\/roveyayinevi.com.tr\/index.php\/urun\/il-ve-ilcelerde-mulki-idarenin-koordinasyon-kapasitesi\/","title":{"rendered":"\u0130l ve il\u00e7elerde M\u00fclki \u0130darenin Koordinasyon Kapasitesi"},"content":{"rendered":"<p>Uzun bir tarihsel ge\u00e7mi\u015ften gelen m\u00fclki idare sistemi, devlet ile birlikte tarihsel a\u015famalarda yeniden bi\u00e7imlenerek Cumhuriyet D\u00f6nemi\u2019nde de \u00fclke topraklar\u0131n\u0131n y\u00f6netiminin belkemi\u011fini olu\u015fturmu\u015ftur. 1949 y\u0131l\u0131nda yasala\u015fan 5442 say\u0131l\u0131 \u0130l \u0130daresi Kanunu, ge\u00e7mi\u015fte de bir\u00e7ok yasal d\u00fczenlemeye konu olan m\u00fclki idare sisteminin temel yasas\u0131 olmu\u015ftur. 5442 say\u0131l\u0131 \u0130l \u0130daresi Kanunu 20 ve hatta 21. y\u00fczy\u0131l\u0131n ko\u015fullar\u0131na uygun de\u011fi\u015fiklikler ile birlikte halen varl\u0131\u011f\u0131n\u0131 devam ettirmektedir. Bu ba\u011flamda, m\u00fclki idare \u00fclkemizde 2018 y\u0131l\u0131nda ge\u00e7ilen Cumhurba\u015fkanl\u0131\u011f\u0131 H\u00fck\u00fcmet Sistemi\u2019nin asli ve stratejik bir unsuru olarak \u00f6ne \u00e7\u0131kmaktad\u0131r. \u0130l ve il\u00e7eden olu\u015fan iki kademeli m\u00fclki idare sisteminde, merkezi idarenin temsilcisi olarak bu birimlerin ba\u015f\u0131nda stratejik bir konumda bulunan m\u00fclki idare amirlerinden beklenen \u00e7ok say\u0131da hizmet bulunmaktad\u0131r. Ancak bu hizmetlerin etkili ve verimli bi\u00e7imde yerine getirilmesine y\u00f6nelik, m\u00fclki idareden beklenen en temel i\u015flev olarak koordinasyon \u00f6ne \u00e7\u0131kmaktad\u0131r. Hatta bu anlamda koordinasyon sihirli bir g\u00f6r\u00fcn\u00fcme b\u00fcr\u00fcnmektedir. Bu do\u011frultuda, m\u00fclki idarenin ta\u015frada Devlet ad\u0131na koordinasyon ve denetimi sa\u011flayabilecek yeg\u00e2ne kamu g\u00f6revlileri oldu\u011fu ger\u00e7e\u011finden hareketle bu \u00e7al\u0131\u015fma ortaya \u00e7\u0131km\u0131\u015ft\u0131r. <\/p>\n","protected":false},"excerpt":{"rendered":"<p>Uzun bir tarihsel ge\u00e7mi\u015ften gelen m\u00fclki idare sistemi, devlet ile birlikte tarihsel a\u015famalarda yeniden bi\u00e7imlenerek Cumhuriyet D\u00f6nemi\u2019nde de \u00fclke topraklar\u0131n\u0131n y\u00f6netiminin belkemi\u011fini olu\u015fturmu\u015ftur. 1949 y\u0131l\u0131nda yasala\u015fan<span class=\"excerpt-hellip\"> [\u2026]<\/span><\/p>\n","protected":false},"featured_media":0,"template":"","meta":{"_monsterinsights_skip_tracking":false,"_monsterinsights_sitenote_active":false,"_monsterinsights_sitenote_note":"","_monsterinsights_sitenote_category":0},"product_brand":[],"product_cat":[13043,19008],"product_tag":[],"class_list":{"0":"post-729600","1":"product","2":"type-product","3":"status-publish","5":"product_cat-ekonomi","6":"product_cat-yonetim","7":"pa_cilt-ciltsiz","8":"pa_tur-kitap","9":"pa_yayinevi-tiav","10":"pa_yazar-doc-dr-selim-capar-mehmet-koca","12":"first","13":"instock","14":"sale","15":"shipping-taxable","16":"purchasable","17":"product-type-simple"},"_links":{"self":[{"href":"https:\/\/roveyayinevi.com.tr\/index.php\/wp-json\/wp\/v2\/product\/729600","targetHints":{"allow":["GET"]}}],"collection":[{"href":"https:\/\/roveyayinevi.com.tr\/index.php\/wp-json\/wp\/v2\/product"}],"about":[{"href":"https:\/\/roveyayinevi.com.tr\/index.php\/wp-json\/wp\/v2\/types\/product"}],"wp:attachment":[{"href":"https:\/\/roveyayinevi.com.tr\/index.php\/wp-json\/wp\/v2\/media?parent=729600"}],"wp:term":[{"taxonomy":"product_brand","embeddable":true,"href":"https:\/\/roveyayinevi.com.tr\/index.php\/wp-json\/wp\/v2\/product_brand?post=729600"},{"taxonomy":"product_cat","embeddable":true,"href":"https:\/\/roveyayinevi.com.tr\/index.php\/wp-json\/wp\/v2\/product_cat?post=729600"},{"taxonomy":"product_tag","embeddable":true,"href":"https:\/\/roveyayinevi.com.tr\/index.php\/wp-json\/wp\/v2\/product_tag?post=729600"}],"curies":[{"name":"wp","href":"https:\/\/api.w.org\/{rel}","templated":true}]}}