{"id":729597,"date":"2025-08-27T20:58:18","date_gmt":"2025-08-27T17:58:18","guid":{"rendered":"https:\/\/roveyayinevi.com.tr\/index.php\/urun\/ask-olumden-uyanistir\/"},"modified":"2026-04-16T02:37:13","modified_gmt":"2026-04-15T23:37:13","slug":"ask-olumden-uyanistir","status":"publish","type":"product","link":"https:\/\/roveyayinevi.com.tr\/index.php\/urun\/ask-olumden-uyanistir\/","title":{"rendered":"A\u015fk \u00d6l\u00fcmden Uyan\u0131\u015ft\u0131r"},"content":{"rendered":"<p>Nina Cormier, nik\u00e2h g\u00fcn\u00fc terk edilip kilisede bir ba\u015f\u0131na kald\u0131\u011f\u0131nda hayat\u0131n\u0131n en k\u00f6t\u00fc g\u00fcn\u00fc ge\u00e7irdi\u011fini d\u00fc\u015f\u00fcn\u00fcyordu; bu talihsizli\u011fin ger\u00e7ekte hayat\u0131n\u0131 kurtard\u0131\u011f\u0131n\u0131 de\u011fil. \u0130lk patlamadan saatler sonra bir kez daha \u00f6l\u00fcmle burun buruna kal\u0131nca ya\u015fad\u0131klar\u0131n\u0131n tesad\u00fcf olmad\u0131\u011f\u0131n\u0131 anlayacakt\u0131.   Fakat can\u0131na kimin ve neden kastetti\u011fini, steril hayat\u0131n\u0131n kimi rahats\u0131z etti\u011fini anlamak i\u00e7in eksantrik dedektif Sam Navarro\u2019nun yard\u0131m\u0131na ihtiyac\u0131 vard\u0131.    \u0130kisinin birbirlerine g\u00fcvenmesi ise her patlamaya imzas\u0131n\u0131 atan bombac\u0131y\u0131 bulmaktan daha g\u00fc\u00e7 olacakt\u0131.   Ba\u015f\u0131ndan itibaren temposu hi\u00e7 d\u00fc\u015fmeyen A\u015fk \u00d6l\u00fcmden Uyan\u0131\u015ft\u0131r, Tess Gerritsen\u2019in sade fakat derin olay \u00f6rg\u00fclerinin en etkileyici \u00f6rneklerinden biri\u2026 <\/p>\n","protected":false},"excerpt":{"rendered":"<p>Nina Cormier, nik\u00e2h g\u00fcn\u00fc terk edilip kilisede bir ba\u015f\u0131na kald\u0131\u011f\u0131nda hayat\u0131n\u0131n en k\u00f6t\u00fc g\u00fcn\u00fc ge\u00e7irdi\u011fini d\u00fc\u015f\u00fcn\u00fcyordu; bu talihsizli\u011fin ger\u00e7ekte hayat\u0131n\u0131 kurtard\u0131\u011f\u0131n\u0131 de\u011fil. \u0130lk patlamadan saatler sonra<span class=\"excerpt-hellip\"> [\u2026]<\/span><\/p>\n","protected":false},"featured_media":0,"template":"","meta":{"_monsterinsights_skip_tracking":false,"_monsterinsights_sitenote_active":false,"_monsterinsights_sitenote_note":"","_monsterinsights_sitenote_category":0},"product_brand":[],"product_cat":[12291,17033],"product_tag":[],"class_list":{"0":"post-729597","1":"product","2":"type-product","3":"status-publish","5":"product_cat-edebiyat","6":"product_cat-korku-gerilim","7":"pa_cilt-ciltsiz","8":"pa_tur-kitap","9":"pa_yayinevi-dogan-kitap","10":"pa_yazar-tess-gerritsen","12":"first","13":"instock","14":"sale","15":"shipping-taxable","16":"purchasable","17":"product-type-simple"},"_links":{"self":[{"href":"https:\/\/roveyayinevi.com.tr\/index.php\/wp-json\/wp\/v2\/product\/729597","targetHints":{"allow":["GET"]}}],"collection":[{"href":"https:\/\/roveyayinevi.com.tr\/index.php\/wp-json\/wp\/v2\/product"}],"about":[{"href":"https:\/\/roveyayinevi.com.tr\/index.php\/wp-json\/wp\/v2\/types\/product"}],"wp:attachment":[{"href":"https:\/\/roveyayinevi.com.tr\/index.php\/wp-json\/wp\/v2\/media?parent=729597"}],"wp:term":[{"taxonomy":"product_brand","embeddable":true,"href":"https:\/\/roveyayinevi.com.tr\/index.php\/wp-json\/wp\/v2\/product_brand?post=729597"},{"taxonomy":"product_cat","embeddable":true,"href":"https:\/\/roveyayinevi.com.tr\/index.php\/wp-json\/wp\/v2\/product_cat?post=729597"},{"taxonomy":"product_tag","embeddable":true,"href":"https:\/\/roveyayinevi.com.tr\/index.php\/wp-json\/wp\/v2\/product_tag?post=729597"}],"curies":[{"name":"wp","href":"https:\/\/api.w.org\/{rel}","templated":true}]}}