{"id":729595,"date":"2025-08-27T20:58:16","date_gmt":"2025-08-27T17:58:16","guid":{"rendered":"https:\/\/roveyayinevi.com.tr\/index.php\/urun\/proje-olumcul-virus\/"},"modified":"2026-04-16T02:37:13","modified_gmt":"2026-04-15T23:37:13","slug":"proje-olumcul-virus","status":"publish","type":"product","link":"https:\/\/roveyayinevi.com.tr\/index.php\/urun\/proje-olumcul-virus\/","title":{"rendered":"Proje: \u00d6l\u00fcmc\u00fcl Vir\u00fcs"},"content":{"rendered":"<p>Victor Holland isimli yabanc\u0131, omzunda bir kur\u015fun yaras\u0131yla gecenin bir yar\u0131s\u0131 yoluna \u00e7\u0131kt\u0131\u011f\u0131nda Catherine Weaver\u2019\u0131n akl\u0131nda sadece eski bir dostu ziyaret etmek ve hayat\u0131nda yapmak istedi\u011fi k\u00f6kl\u00fc de\u011fi\u015fiklikleri konu\u015fmak vard\u0131.  Bu korkutucu kar\u015f\u0131la\u015fman\u0131n bir k\u0131r\u0131lma an\u0131 oldu\u011funu, kendisini \u00f6l\u00fcmc\u00fcl bir vir\u00fcs\u00fc on y\u0131llarca s\u00fcren uykusundan uyand\u0131r\u0131p yaymak \u00fczere olan bir \u00e7eteye kar\u015f\u0131 sava\u015fan bir avu\u00e7 bilim insan\u0131n\u0131n aras\u0131nda bulaca\u011f\u0131n\u0131 bilemezdi.   Ve d\u00fcnyay\u0131 vir\u00fcs tehdidinden kurtarmak i\u00e7in bu \u00e7ekici yabanc\u0131yla birlikte hareket etmesi gerekti\u011fini&#8230; Tess Gerritsen, avc\u0131 ile av\u0131n s\u00fcrekli yer de\u011fi\u015ftirdi\u011fi bu amans\u0131z kovalamacada okuru da zamana kar\u015f\u0131 verilen yar\u0131\u015f\u0131n i\u00e7ine \u00e7ekiyor. <\/p>\n","protected":false},"excerpt":{"rendered":"<p>Victor Holland isimli yabanc\u0131, omzunda bir kur\u015fun yaras\u0131yla gecenin bir yar\u0131s\u0131 yoluna \u00e7\u0131kt\u0131\u011f\u0131nda Catherine Weaver\u2019\u0131n akl\u0131nda sadece eski bir dostu ziyaret etmek ve hayat\u0131nda yapmak istedi\u011fi<span class=\"excerpt-hellip\"> [\u2026]<\/span><\/p>\n","protected":false},"featured_media":0,"template":"","meta":{"_monsterinsights_skip_tracking":false,"_monsterinsights_sitenote_active":false,"_monsterinsights_sitenote_note":"","_monsterinsights_sitenote_category":0},"product_brand":[],"product_cat":[12291,17033],"product_tag":[],"class_list":{"0":"post-729595","1":"product","2":"type-product","3":"status-publish","5":"product_cat-edebiyat","6":"product_cat-korku-gerilim","7":"pa_cilt-ciltsiz","8":"pa_tur-kitap","9":"pa_yayinevi-dogan-kitap","10":"pa_yazar-tess-gerritsen","12":"first","13":"instock","14":"sale","15":"shipping-taxable","16":"purchasable","17":"product-type-simple"},"_links":{"self":[{"href":"https:\/\/roveyayinevi.com.tr\/index.php\/wp-json\/wp\/v2\/product\/729595","targetHints":{"allow":["GET"]}}],"collection":[{"href":"https:\/\/roveyayinevi.com.tr\/index.php\/wp-json\/wp\/v2\/product"}],"about":[{"href":"https:\/\/roveyayinevi.com.tr\/index.php\/wp-json\/wp\/v2\/types\/product"}],"wp:attachment":[{"href":"https:\/\/roveyayinevi.com.tr\/index.php\/wp-json\/wp\/v2\/media?parent=729595"}],"wp:term":[{"taxonomy":"product_brand","embeddable":true,"href":"https:\/\/roveyayinevi.com.tr\/index.php\/wp-json\/wp\/v2\/product_brand?post=729595"},{"taxonomy":"product_cat","embeddable":true,"href":"https:\/\/roveyayinevi.com.tr\/index.php\/wp-json\/wp\/v2\/product_cat?post=729595"},{"taxonomy":"product_tag","embeddable":true,"href":"https:\/\/roveyayinevi.com.tr\/index.php\/wp-json\/wp\/v2\/product_tag?post=729595"}],"curies":[{"name":"wp","href":"https:\/\/api.w.org\/{rel}","templated":true}]}}