{"id":729594,"date":"2025-08-27T20:58:15","date_gmt":"2025-08-27T17:58:15","guid":{"rendered":"https:\/\/roveyayinevi.com.tr\/index.php\/urun\/dusunce-gucuyle-genclesme\/"},"modified":"2025-11-19T18:42:11","modified_gmt":"2025-11-19T15:42:11","slug":"dusunce-gucuyle-genclesme","status":"publish","type":"product","link":"https:\/\/roveyayinevi.com.tr\/index.php\/urun\/dusunce-gucuyle-genclesme\/","title":{"rendered":"D\u00fc\u015f\u00fcnce G\u00fcc\u00fcyle Gen\u00e7le\u015fme"},"content":{"rendered":"<p>Yeniden gen\u00e7le\u015fmeye haz\u0131r m\u0131s\u0131n\u0131z? \u00c7ok s\u0131ra d\u0131\u015f\u0131 bir kitab\u0131 elinizde tutuyorsunuz \u015fu an!   D\u00fc\u015f\u00fcnce G\u00fcc\u00fcyle Gen\u00e7le\u015fme kitab\u0131n\u0131n hik\u00e2yesini onu yazan \u201cmucize\u201d doktor Georgiy Sytin\u2019in hik\u00e2yesinden ayr\u0131 d\u00fc\u015f\u00fcnmek olmaz. Her \u015fey Sytin\u2019in 20 ya\u015f\u0131nda gen\u00e7 bir delikanl\u0131yken \u0130kinci D\u00fcnya Sava\u015f\u0131\u2019na kat\u0131lmas\u0131yla ba\u015fl\u0131yor. Sekiz kez yaralan\u0131p bedeni enkaza d\u00f6n\u00fc\u015fen gen\u00e7 askere herkes g\u00fcnleri say\u0131l\u0131 g\u00f6z\u00fcyle bak\u0131yor. \u0130la\u00e7lar ac\u0131lar\u0131n\u0131 dindirmeye yetmiyor. \u0130\u015fte o anda bir mucize oluyor. Umutsuzluk i\u00e7inde yatarken birden bir ilham geliyor ve bu gen\u00e7 adam kendi kendine iyile\u015fme telkinleri yapmaya ba\u015fl\u0131yor. Bir y\u0131l sonra ise sapasa\u011flam bi\u00e7imde yeniden orduya \u00e7a\u011fr\u0131l\u0131yor.   Kendi yaratt\u0131\u011f\u0131 tekni\u011fin bizzat canl\u0131 kan\u0131t\u0131 olan Sytin, felsefesini geni\u015f kitlelere yaymak i\u00e7in 1948\u2019de Moskova T\u0131p Fak\u00fcltesi\u2019ne giriyor. T\u0131p d\u0131\u015f\u0131nda psikoloji ve fizyoloji okuyor. O zamanlarki ad\u0131yla SSCB y\u00f6netimi, bu tekni\u011fin geni\u015f \u00e7apta kullan\u0131lmas\u0131na karar vererek Moskova\u2019n\u0131n merkezinde \u201cSytin Psikolojik Destek Merkezi\u201dni a\u00e7\u0131yor. Derken Sytin\u2019in \u00fcn\u00fc Amerika\u2019dan Avrupa\u2019ya kadar bir\u00e7ok \u00fclkeye yay\u0131l\u0131yor, uluslararas\u0131 \u00f6d\u00fcl ve ni\u015fanlar al\u0131yor ve art\u0131k herkes ondan \u201cmucize doktor\u201d olarak s\u00f6z etmeye ba\u015fl\u0131yor.   75 ya\u015f\u0131ndayken girdi\u011fi testlerde beden ya\u015f\u0131 40 olarak kay\u0131tlara ge\u00e7en, 68 ve 70 ya\u015flar\u0131nda baba olan, 150\u2019den fazla eser kaleme alan Sytin, bu kitapta yarat\u0131c\u0131 d\u00fc\u015f\u00fcncenin g\u00fcc\u00fcyle gen\u00e7le\u015fme ve iyile\u015fme yollar\u0131n\u0131 anlat\u0131yor. \u201cD\u00fczenlemeler\u201d ad\u0131n\u0131 verdi\u011fi kendi kendine telkin y\u00f6ntemi, ona g\u00f6re mutlak yarat\u0131c\u0131 g\u00fcc\u00fcn, ilahi olan\u0131n benzersiz enerjisini ve bilgisini ta\u015f\u0131yor. Ve bu bilgiyle bedenimiz ve ruhumuz iyile\u015fiyor, gen\u00e7le\u015fiyor. Kendimizi yeniden 17 ya\u015f\u0131nda hissetmeye ba\u015fl\u0131yoruz!   Siz de d\u00fc\u015f\u00fcnce g\u00fcc\u00fcyle gen\u00e7le\u015fmeye var m\u0131s\u0131n\u0131z?   <\/p>\n","protected":false},"excerpt":{"rendered":"<p>Yeniden gen\u00e7le\u015fmeye haz\u0131r m\u0131s\u0131n\u0131z? \u00c7ok s\u0131ra d\u0131\u015f\u0131 bir kitab\u0131 elinizde tutuyorsunuz \u015fu an! D\u00fc\u015f\u00fcnce G\u00fcc\u00fcyle Gen\u00e7le\u015fme kitab\u0131n\u0131n hik\u00e2yesini onu yazan \u201cmucize\u201d doktor Georgiy Sytin\u2019in hik\u00e2yesinden ayr\u0131<span class=\"excerpt-hellip\"> [\u2026]<\/span><\/p>\n","protected":false},"featured_media":0,"template":"","meta":{"_monsterinsights_skip_tracking":false,"_monsterinsights_sitenote_active":false,"_monsterinsights_sitenote_note":"","_monsterinsights_sitenote_category":0},"product_brand":[],"product_cat":[12364,12376],"product_tag":[],"class_list":{"0":"post-729594","1":"product","2":"type-product","3":"status-publish","5":"product_cat-genel-konular","6":"product_cat-kisisel-gelisim","7":"pa_cilt-ciltsiz","8":"pa_tur-kitap","9":"pa_yayinevi-dogan-novus","10":"pa_yazar-georgiy-sytin","12":"first","13":"instock","14":"sale","15":"shipping-taxable","16":"purchasable","17":"product-type-simple"},"_links":{"self":[{"href":"https:\/\/roveyayinevi.com.tr\/index.php\/wp-json\/wp\/v2\/product\/729594","targetHints":{"allow":["GET"]}}],"collection":[{"href":"https:\/\/roveyayinevi.com.tr\/index.php\/wp-json\/wp\/v2\/product"}],"about":[{"href":"https:\/\/roveyayinevi.com.tr\/index.php\/wp-json\/wp\/v2\/types\/product"}],"wp:attachment":[{"href":"https:\/\/roveyayinevi.com.tr\/index.php\/wp-json\/wp\/v2\/media?parent=729594"}],"wp:term":[{"taxonomy":"product_brand","embeddable":true,"href":"https:\/\/roveyayinevi.com.tr\/index.php\/wp-json\/wp\/v2\/product_brand?post=729594"},{"taxonomy":"product_cat","embeddable":true,"href":"https:\/\/roveyayinevi.com.tr\/index.php\/wp-json\/wp\/v2\/product_cat?post=729594"},{"taxonomy":"product_tag","embeddable":true,"href":"https:\/\/roveyayinevi.com.tr\/index.php\/wp-json\/wp\/v2\/product_tag?post=729594"}],"curies":[{"name":"wp","href":"https:\/\/api.w.org\/{rel}","templated":true}]}}