{"id":729593,"date":"2025-08-27T20:58:15","date_gmt":"2025-08-27T17:58:15","guid":{"rendered":"https:\/\/roveyayinevi.com.tr\/index.php\/urun\/degisime-liderlik-etmek\/"},"modified":"2026-03-16T02:41:11","modified_gmt":"2026-03-15T23:41:11","slug":"degisime-liderlik-etmek","status":"publish","type":"product","link":"https:\/\/roveyayinevi.com.tr\/index.php\/urun\/degisime-liderlik-etmek\/","title":{"rendered":"De\u011fi\u015fime Liderlik Etmek"},"content":{"rendered":"<p>Sadece \u00fcst y\u00f6netimin de\u011fil, daha \u00e7ok ki\u015finin liderlik etti\u011fi bir iklim.\u201d    Yay\u0131mland\u0131\u011f\u0131 g\u00fcnden bu yana, d\u00fcnyan\u0131n her yerinde milyonlarca okur, John Kotter\u2019\u0131n de\u011fi\u015fim y\u00f6netimi ve liderlik hakk\u0131ndaki fikirlerini okuyup benimsedi. Bug\u00fcn geni\u015f \u00f6l\u00e7ekli d\u00f6n\u00fc\u015f\u00fcmlerin \u015firketler i\u00e7in hem zorunlu hem de olanakl\u0131 oldu\u011funun art\u0131k bilincindeyiz. De\u011fi\u015fime Liderlik Etmek, sadece i\u015f d\u00fcnyas\u0131n\u0131 de\u011fil, k\u00fcresel h\u0131z\u0131n gerektirdi\u011fi kal\u0131c\u0131 de\u011fi\u015fimleri ger\u00e7ekle\u015ftirmeye \u00e7al\u0131\u015fan t\u00fcm kurumlar\u0131 ilgilendiriyor.    Gelmi\u015f ge\u00e7mi\u015f en iyi 25 i\u015f kitab\u0131ndan biri. Kotter\u2019\u0131n kitapta a\u00e7\u0131k\u00e7a g\u00f6sterdi\u011fi gibi, de\u011fi\u015fimi \u201cy\u00f6netmek\u201d de\u011fil, de\u011fi\u015fime \u201cliderlik\u201d etmek bir \u015firketi \u00f6ne ge\u00e7iriyor. \u2013 TIME <\/p>\n","protected":false},"excerpt":{"rendered":"<p>Sadece \u00fcst y\u00f6netimin de\u011fil, daha \u00e7ok ki\u015finin liderlik etti\u011fi bir iklim.\u201d Yay\u0131mland\u0131\u011f\u0131 g\u00fcnden bu yana, d\u00fcnyan\u0131n her yerinde milyonlarca okur, John Kotter\u2019\u0131n de\u011fi\u015fim y\u00f6netimi ve liderlik<span class=\"excerpt-hellip\"> [\u2026]<\/span><\/p>\n","protected":false},"featured_media":0,"template":"","meta":{"_monsterinsights_skip_tracking":false,"_monsterinsights_sitenote_active":false,"_monsterinsights_sitenote_note":"","_monsterinsights_sitenote_category":0},"product_brand":[],"product_cat":[13043,17647],"product_tag":[],"class_list":{"0":"post-729593","1":"product","2":"type-product","3":"status-publish","5":"product_cat-ekonomi","6":"product_cat-is-dunyasi","7":"pa_cilt-ciltsiz","8":"pa_tur-kitap","9":"pa_yayinevi-ceo-plus","10":"pa_yazar-john-p-kotter","12":"first","13":"instock","14":"sale","15":"shipping-taxable","16":"purchasable","17":"product-type-simple"},"_links":{"self":[{"href":"https:\/\/roveyayinevi.com.tr\/index.php\/wp-json\/wp\/v2\/product\/729593","targetHints":{"allow":["GET"]}}],"collection":[{"href":"https:\/\/roveyayinevi.com.tr\/index.php\/wp-json\/wp\/v2\/product"}],"about":[{"href":"https:\/\/roveyayinevi.com.tr\/index.php\/wp-json\/wp\/v2\/types\/product"}],"wp:attachment":[{"href":"https:\/\/roveyayinevi.com.tr\/index.php\/wp-json\/wp\/v2\/media?parent=729593"}],"wp:term":[{"taxonomy":"product_brand","embeddable":true,"href":"https:\/\/roveyayinevi.com.tr\/index.php\/wp-json\/wp\/v2\/product_brand?post=729593"},{"taxonomy":"product_cat","embeddable":true,"href":"https:\/\/roveyayinevi.com.tr\/index.php\/wp-json\/wp\/v2\/product_cat?post=729593"},{"taxonomy":"product_tag","embeddable":true,"href":"https:\/\/roveyayinevi.com.tr\/index.php\/wp-json\/wp\/v2\/product_tag?post=729593"}],"curies":[{"name":"wp","href":"https:\/\/api.w.org\/{rel}","templated":true}]}}