{"id":729592,"date":"2025-08-27T20:58:14","date_gmt":"2025-08-27T17:58:14","guid":{"rendered":"https:\/\/roveyayinevi.com.tr\/index.php\/urun\/ay-isigi-2\/"},"modified":"2026-04-16T02:37:13","modified_gmt":"2026-04-15T23:37:13","slug":"ay-isigi-2","status":"publish","type":"product","link":"https:\/\/roveyayinevi.com.tr\/index.php\/urun\/ay-isigi-2\/","title":{"rendered":"Ay I\u015f\u0131\u011f\u0131"},"content":{"rendered":"<p>Ay \u0131\u015f\u0131\u011f\u0131, zihinsel bir tutulman\u0131n ritmidir. Zamanda da\u011f\u0131lan belle\u011fin, co\u011frafyan\u0131n u\u011fultusu i\u00e7inde par\u00e7alanan benli\u011fin yolculu\u011fu. Ay\u0131n o tekinsiz par\u0131lt\u0131s\u0131 alt\u0131nda her \u015fey m\u00fcphem bir varolu\u015f halinde. Yakla\u015ft\u0131k\u00e7a \u015fekil de\u011fi\u015ftiren, g\u00f6r\u00fcnmez olan evrenin ortas\u0131nda b\u00fct\u00fcn s\u00f6zc\u00fckler aya s\u00f6yleniyor, b\u00fct\u00fcn d\u00fc\u015f\u00fcnceler ay\u0131n o bu\u011fulu halesine tak\u0131l\u0131yor. K\u00f6yleri, kasabalar\u0131, ya\u015fant\u0131lar\u0131, hik\u00e2yeleri, gidilecek ve d\u00f6n\u00fclecek yollar\u0131 ayn\u0131la\u015ft\u0131ran o anlams\u0131z beyazl\u0131kta, b\u00fct\u00fcn varolu\u015f ay\u0131n yan\u0131lsamas\u0131na tutulmu\u015f. <\/p>\n","protected":false},"excerpt":{"rendered":"<p>Ay \u0131\u015f\u0131\u011f\u0131, zihinsel bir tutulman\u0131n ritmidir. Zamanda da\u011f\u0131lan belle\u011fin, co\u011frafyan\u0131n u\u011fultusu i\u00e7inde par\u00e7alanan benli\u011fin yolculu\u011fu. Ay\u0131n o tekinsiz par\u0131lt\u0131s\u0131 alt\u0131nda her \u015fey m\u00fcphem bir varolu\u015f halinde.<span class=\"excerpt-hellip\"> [\u2026]<\/span><\/p>\n","protected":false},"featured_media":0,"template":"","meta":{"_monsterinsights_skip_tracking":false,"_monsterinsights_sitenote_active":false,"_monsterinsights_sitenote_note":"","_monsterinsights_sitenote_category":0},"product_brand":[],"product_cat":[12291,12711],"product_tag":[],"class_list":{"0":"post-729592","1":"product","2":"type-product","3":"status-publish","5":"product_cat-edebiyat","6":"product_cat-roman-oyku","7":"pa_cilt-ciltsiz","8":"pa_tur-kitap","9":"pa_yayinevi-dogan-kitap","10":"pa_yazar-akin-aksu","12":"first","13":"instock","14":"sale","15":"shipping-taxable","16":"purchasable","17":"product-type-simple"},"_links":{"self":[{"href":"https:\/\/roveyayinevi.com.tr\/index.php\/wp-json\/wp\/v2\/product\/729592","targetHints":{"allow":["GET"]}}],"collection":[{"href":"https:\/\/roveyayinevi.com.tr\/index.php\/wp-json\/wp\/v2\/product"}],"about":[{"href":"https:\/\/roveyayinevi.com.tr\/index.php\/wp-json\/wp\/v2\/types\/product"}],"wp:attachment":[{"href":"https:\/\/roveyayinevi.com.tr\/index.php\/wp-json\/wp\/v2\/media?parent=729592"}],"wp:term":[{"taxonomy":"product_brand","embeddable":true,"href":"https:\/\/roveyayinevi.com.tr\/index.php\/wp-json\/wp\/v2\/product_brand?post=729592"},{"taxonomy":"product_cat","embeddable":true,"href":"https:\/\/roveyayinevi.com.tr\/index.php\/wp-json\/wp\/v2\/product_cat?post=729592"},{"taxonomy":"product_tag","embeddable":true,"href":"https:\/\/roveyayinevi.com.tr\/index.php\/wp-json\/wp\/v2\/product_tag?post=729592"}],"curies":[{"name":"wp","href":"https:\/\/api.w.org\/{rel}","templated":true}]}}