{"id":729587,"date":"2025-08-27T20:58:09","date_gmt":"2025-08-27T17:58:09","guid":{"rendered":"https:\/\/roveyayinevi.com.tr\/index.php\/urun\/haneden-ev-haline\/"},"modified":"2026-04-16T02:37:13","modified_gmt":"2026-04-15T23:37:13","slug":"haneden-ev-haline","status":"publish","type":"product","link":"https:\/\/roveyayinevi.com.tr\/index.php\/urun\/haneden-ev-haline\/","title":{"rendered":"Haneden Ev Haline"},"content":{"rendered":"<p>\u201c\u0130ster bir apartman dairesinde ya\u015f\u0131yor olal\u0131m, ister bir k\u00f6y ya da da\u011f evinde, gu\u0308ndelik hayat\u0131m\u0131zdaki al\u0131\u015fkanl\u0131klar, mek\u00e2n\u0131 du\u0308zenleme ve de\u011ferlendirme bi\u00e7imleri, kulland\u0131\u011f\u0131m\u0131z e\u015fyalar ve onlarla ili\u015fkilerimizle, fark\u0131nda olarak veya olmayarak\u2026 bir du\u0308nya in\u015fa ederiz. Yeni ta\u015f\u0131nd\u0131\u011f\u0131m\u0131z bir ev ile kuraca\u011f\u0131m\u0131z ba\u011flarda, gelecekte bu mek\u00e2nda yapmak istediklerimize dair hayallerden \u00e7ok\u2026 ortakla\u015fa in\u015fa etti\u011fimiz bir mek\u00e2n ku\u0308ltu\u0308ru\u0308nu\u0308n kolektif haf\u0131zam\u0131zda b\u0131rakt\u0131\u011f\u0131 derin izlerin pay\u0131 vard\u0131r. Biz burada ikamet etmekten fazlas\u0131n\u0131 yapar\u0131z&#8230;\u201d   Ev, bar\u0131naktan \u00e7ok daha fazlas\u0131. Bir ev aleti, basit\u00e7e bir \u201calet\u201d olmaktan \u00f6te, bir yap\u0131p etme tarz\u0131n\u0131n bi\u00e7imlenmesine katk\u0131da bulunuyor. Mobilyalar, y\u0131llan\u0131rken, hat\u0131ralar\u0131n demirba\u015f\u0131na d\u00f6nu\u0308\u015fu\u0308yorlar. Her evin kendine has bir kokusu oluyor. Evin etraf\u0131nda \u015fekillenen mek\u00e2n ku\u0308ltu\u0308ru\u0308, tu\u0308m ku\u0308ltu\u0308re ve hayat tarz\u0131na damgas\u0131n\u0131 vuruyor.   Seyhan Kurt, bu mek\u00e2n ku\u0308ltu\u0308ru\u0308 bilinciyle, \u201cgeleneksel Tu\u0308rk evi\u201d denen imgenin sabit bir mimari form olmad\u0131\u011f\u0131n\u0131, gu\u0308ndelik hayat prati\u011fiyle i\u00e7 i\u00e7e su\u0308rekli d\u00f6nu\u0308\u015ftu\u0308\u011fu\u0308nu\u0308 g\u00f6steriyor. Bu d\u00f6nu\u0308\u015fu\u0308mu\u0308 anlamak i\u00e7in mutfak ve oturma odas\u0131n\u0131n veya balkonun \u201cmana ve ehemmiyetine\u201d bak\u0131yor, dikkatle. Geni\u015f haneden \u201c\u00e7ekirdekle\u015fen\u201d meskene, du\u0308\u011fu\u0308nden cenazeye, evin ve i\u015flevlerinin tarihsel de\u011fi\u015fimini kat ediyor.   Haneden Ev Haline, evle ili\u015fkimizin edebiyattaki yans\u0131malar\u0131 e\u015fli\u011finde, kendisi de edebi zevkle ve \u201cev sevgisiyle\u201d yaz\u0131lm\u0131\u015f bir kitap. <\/p>\n","protected":false},"excerpt":{"rendered":"<p>\u201c\u0130ster bir apartman dairesinde ya\u015f\u0131yor olal\u0131m, ister bir k\u00f6y ya da da\u011f evinde, gu\u0308ndelik hayat\u0131m\u0131zdaki al\u0131\u015fkanl\u0131klar, mek\u00e2n\u0131 du\u0308zenleme ve de\u011ferlendirme bi\u00e7imleri, kulland\u0131\u011f\u0131m\u0131z e\u015fyalar ve onlarla ili\u015fkilerimizle,<span class=\"excerpt-hellip\"> [\u2026]<\/span><\/p>\n","protected":false},"featured_media":0,"template":"","meta":{"_monsterinsights_skip_tracking":false,"_monsterinsights_sitenote_active":false,"_monsterinsights_sitenote_note":"","_monsterinsights_sitenote_category":0},"product_brand":[],"product_cat":[12370,12304],"product_tag":[],"class_list":{"0":"post-729587","1":"product","2":"type-product","3":"status-publish","5":"product_cat-arastirma-inceleme","6":"product_cat-tarih","7":"pa_cilt-ciltsiz","8":"pa_tur-kitap","9":"pa_yayinevi-iletisim-yayinlari","10":"pa_yazar-seyhan-kurt","12":"first","13":"instock","14":"sale","15":"shipping-taxable","16":"purchasable","17":"product-type-simple"},"_links":{"self":[{"href":"https:\/\/roveyayinevi.com.tr\/index.php\/wp-json\/wp\/v2\/product\/729587","targetHints":{"allow":["GET"]}}],"collection":[{"href":"https:\/\/roveyayinevi.com.tr\/index.php\/wp-json\/wp\/v2\/product"}],"about":[{"href":"https:\/\/roveyayinevi.com.tr\/index.php\/wp-json\/wp\/v2\/types\/product"}],"wp:attachment":[{"href":"https:\/\/roveyayinevi.com.tr\/index.php\/wp-json\/wp\/v2\/media?parent=729587"}],"wp:term":[{"taxonomy":"product_brand","embeddable":true,"href":"https:\/\/roveyayinevi.com.tr\/index.php\/wp-json\/wp\/v2\/product_brand?post=729587"},{"taxonomy":"product_cat","embeddable":true,"href":"https:\/\/roveyayinevi.com.tr\/index.php\/wp-json\/wp\/v2\/product_cat?post=729587"},{"taxonomy":"product_tag","embeddable":true,"href":"https:\/\/roveyayinevi.com.tr\/index.php\/wp-json\/wp\/v2\/product_tag?post=729587"}],"curies":[{"name":"wp","href":"https:\/\/api.w.org\/{rel}","templated":true}]}}