{"id":729585,"date":"2025-08-27T20:58:08","date_gmt":"2025-08-27T17:58:08","guid":{"rendered":"https:\/\/roveyayinevi.com.tr\/index.php\/urun\/cuntaciliktan-sivil-topluma-2\/"},"modified":"2026-04-16T02:37:13","modified_gmt":"2026-04-15T23:37:13","slug":"cuntaciliktan-sivil-topluma-2","status":"publish","type":"product","link":"https:\/\/roveyayinevi.com.tr\/index.php\/urun\/cuntaciliktan-sivil-topluma-2\/","title":{"rendered":"Cuntac\u0131l\u0131ktan Sivil Topluma"},"content":{"rendered":"<p>\u0130dris K\u00fc\u00e7\u00fck\u00f6mer\u2026 T\u00fcrkiye\u2019deki siyaset teorisine yeni bir bak\u0131\u015f a\u00e7\u0131s\u0131 getirmi\u015f \u00f6nemli iktisat\u00e7\u0131 d\u00fc\u015f\u00fcn\u00fcrlerimizden biri.Fikirleri, s\u0131kl\u0131kla vurguland\u0131\u011f\u0131 \u00fczere \u201cT\u00fcrkiye\u2019de sa\u011f sol, sol da sa\u011fd\u0131r\u201d gibi yaln\u0131zca tek bir c\u00fcmleye indirgenemeyecek kadar renkli ve zengin.Cuntac\u0131l\u0131ktan Sivil Topluma, 1960 y\u0131l\u0131ndan itibaren g\u00fcncel ekonomi politikalar\u0131 \u00fczerine Y\u00f6n ve Ant dergilerinde yazd\u0131\u011f\u0131 makalelerden olu\u015fuyor. \u0130dris K\u00fc\u00e7\u00fck\u00f6mer\u2019in, \u00f6zellikle sivil toplum, halkb\u00fcrokrasi ayr\u0131m\u0131, vatanda\u015f ve tebaa ili\u015fkisi \u00fczerine yapt\u0131\u011f\u0131 tart\u0131\u015fmalar kendi d\u00f6nemini de derinden etkiledi.Yaz\u0131lar\u0131nda daima sorgulayan, ele\u015ftiren, yeni siyaset bi\u00e7imleri \u00f6neren bir ton kulland\u0131. K\u00fc\u00e7\u00fck\u00f6mer, hep yeni sorular soran bir iktisat filozofu\u2026<\/p>\n","protected":false},"excerpt":{"rendered":"<p>\u0130dris K\u00fc\u00e7\u00fck\u00f6mer\u2026 T\u00fcrkiye\u2019deki siyaset teorisine yeni bir bak\u0131\u015f a\u00e7\u0131s\u0131 getirmi\u015f \u00f6nemli iktisat\u00e7\u0131 d\u00fc\u015f\u00fcn\u00fcrlerimizden biri.Fikirleri, s\u0131kl\u0131kla vurguland\u0131\u011f\u0131 \u00fczere \u201cT\u00fcrkiye\u2019de sa\u011f sol, sol da sa\u011fd\u0131r\u201d gibi yaln\u0131zca tek<span class=\"excerpt-hellip\"> [\u2026]<\/span><\/p>\n","protected":false},"featured_media":0,"template":"","meta":{"_monsterinsights_skip_tracking":false,"_monsterinsights_sitenote_active":false,"_monsterinsights_sitenote_note":"","_monsterinsights_sitenote_category":0},"product_brand":[],"product_cat":[13590,12337],"product_tag":[],"class_list":{"0":"post-729585","1":"product","2":"type-product","3":"status-publish","5":"product_cat-arastirma-inceleme-politika-siyaset","6":"product_cat-politika-siyaset","7":"pa_cilt-ciltsiz","8":"pa_tur-kitap","9":"pa_yayinevi-kapi-yayinlari","10":"pa_yazar-idris-kucukomer","12":"first","13":"instock","14":"sale","15":"shipping-taxable","16":"purchasable","17":"product-type-simple"},"_links":{"self":[{"href":"https:\/\/roveyayinevi.com.tr\/index.php\/wp-json\/wp\/v2\/product\/729585","targetHints":{"allow":["GET"]}}],"collection":[{"href":"https:\/\/roveyayinevi.com.tr\/index.php\/wp-json\/wp\/v2\/product"}],"about":[{"href":"https:\/\/roveyayinevi.com.tr\/index.php\/wp-json\/wp\/v2\/types\/product"}],"wp:attachment":[{"href":"https:\/\/roveyayinevi.com.tr\/index.php\/wp-json\/wp\/v2\/media?parent=729585"}],"wp:term":[{"taxonomy":"product_brand","embeddable":true,"href":"https:\/\/roveyayinevi.com.tr\/index.php\/wp-json\/wp\/v2\/product_brand?post=729585"},{"taxonomy":"product_cat","embeddable":true,"href":"https:\/\/roveyayinevi.com.tr\/index.php\/wp-json\/wp\/v2\/product_cat?post=729585"},{"taxonomy":"product_tag","embeddable":true,"href":"https:\/\/roveyayinevi.com.tr\/index.php\/wp-json\/wp\/v2\/product_tag?post=729585"}],"curies":[{"name":"wp","href":"https:\/\/api.w.org\/{rel}","templated":true}]}}