{"id":729584,"date":"2025-08-27T20:58:07","date_gmt":"2025-08-27T17:58:07","guid":{"rendered":"https:\/\/roveyayinevi.com.tr\/index.php\/urun\/intikam-mevsimi\/"},"modified":"2026-04-16T02:37:13","modified_gmt":"2026-04-15T23:37:13","slug":"intikam-mevsimi","status":"publish","type":"product","link":"https:\/\/roveyayinevi.com.tr\/index.php\/urun\/intikam-mevsimi\/","title":{"rendered":"\u0130ntikam Mevsimi"},"content":{"rendered":"<p>Sen mi kurtard\u0131n onu, diye sordu Silah Tanr\u0131s\u0131.Sen mi g\u00f6nderdin onu bana, diye sordu Uzay Baronu.Sen ya\u015fad\u0131\u011f\u0131n\u0131 biliyor muydun? Sen mi saklad\u0131n onu, diye sordu Devlet Ba\u015fkan\u0131.   D\u00fcnyan\u0131n en g\u00fc\u00e7l\u00fc ailelerinden olan Hamptonlar\u0131n hain bir planla \u00f6ld\u00fcr\u00fclmesi, geriye kalanlar aras\u0131nda ac\u0131mas\u0131z bir iktidar sava\u015f\u0131n\u0131n ba\u015flamas\u0131na neden olur. G\u00fc\u00e7 dengeleri birden de\u011fi\u015fir ve intikam ate\u015fiyle beslenen oyunlar planlan\u0131r. Ancak sava\u015f\u0131n g\u00f6lgesinde filizlenen tehlikeli bir a\u015fk, yak\u0131c\u0131 tutkusuyla her \u015feyi tehdit etmeye ba\u015flar.G\u00fcc\u00fcn sefaletini ve e\u015fitsizli\u011fin kefaretini tadanlar \u015fimdi \u00f6yle bir kav\u015fakta duruyor ki mutlak ile mu\u011flak, intikam ile adalet birbirine kar\u0131\u015f\u0131yor. \u0130ntikam Mevsimi insan\u0131n, evrimini tamamlayamam\u0131\u015f, varolu\u015fu gere\u011fi nefret ve h\u0131rs gibi olumsuz duygular\u0131 bar\u0131nd\u0131ran bir varl\u0131k oldu\u011funu anlat\u0131rken, g\u00fc\u00e7 u\u011fruna ne kadar ileri gidebilece\u011fini de sorgulat\u0131yor.   <\/p>\n","protected":false},"excerpt":{"rendered":"<p>Sen mi kurtard\u0131n onu, diye sordu Silah Tanr\u0131s\u0131.Sen mi g\u00f6nderdin onu bana, diye sordu Uzay Baronu.Sen ya\u015fad\u0131\u011f\u0131n\u0131 biliyor muydun? Sen mi saklad\u0131n onu, diye sordu Devlet<span class=\"excerpt-hellip\"> [\u2026]<\/span><\/p>\n","protected":false},"featured_media":0,"template":"","meta":{"_monsterinsights_skip_tracking":false,"_monsterinsights_sitenote_active":false,"_monsterinsights_sitenote_note":"","_monsterinsights_sitenote_category":0},"product_brand":[],"product_cat":[12291,12711],"product_tag":[],"class_list":{"0":"post-729584","1":"product","2":"type-product","3":"status-publish","5":"product_cat-edebiyat","6":"product_cat-roman-oyku","7":"pa_cilt-ciltsiz","8":"pa_tur-kitap","9":"pa_yayinevi-nemesis-kitap","10":"pa_yazar-a-yasemin-eren","12":"first","13":"instock","14":"sale","15":"shipping-taxable","16":"purchasable","17":"product-type-simple"},"_links":{"self":[{"href":"https:\/\/roveyayinevi.com.tr\/index.php\/wp-json\/wp\/v2\/product\/729584","targetHints":{"allow":["GET"]}}],"collection":[{"href":"https:\/\/roveyayinevi.com.tr\/index.php\/wp-json\/wp\/v2\/product"}],"about":[{"href":"https:\/\/roveyayinevi.com.tr\/index.php\/wp-json\/wp\/v2\/types\/product"}],"wp:attachment":[{"href":"https:\/\/roveyayinevi.com.tr\/index.php\/wp-json\/wp\/v2\/media?parent=729584"}],"wp:term":[{"taxonomy":"product_brand","embeddable":true,"href":"https:\/\/roveyayinevi.com.tr\/index.php\/wp-json\/wp\/v2\/product_brand?post=729584"},{"taxonomy":"product_cat","embeddable":true,"href":"https:\/\/roveyayinevi.com.tr\/index.php\/wp-json\/wp\/v2\/product_cat?post=729584"},{"taxonomy":"product_tag","embeddable":true,"href":"https:\/\/roveyayinevi.com.tr\/index.php\/wp-json\/wp\/v2\/product_tag?post=729584"}],"curies":[{"name":"wp","href":"https:\/\/api.w.org\/{rel}","templated":true}]}}