{"id":729580,"date":"2025-08-27T20:58:04","date_gmt":"2025-08-27T17:58:04","guid":{"rendered":"https:\/\/roveyayinevi.com.tr\/index.php\/urun\/makroiktisat\/"},"modified":"2026-04-16T02:37:13","modified_gmt":"2026-04-15T23:37:13","slug":"makroiktisat","status":"publish","type":"product","link":"https:\/\/roveyayinevi.com.tr\/index.php\/urun\/makroiktisat\/","title":{"rendered":"Makroiktisat"},"content":{"rendered":"<p>Makroiktisat, d\u00fcnyan\u0131n bug\u00fcn nas\u0131l i\u015fledi\u011fini kavrayabilmemiz i\u00e7in temel \u00f6neme sahip bir alan. Ancak bu alandaki kavray\u0131\u015f\u0131m\u0131z genelde ortodoks ve dogmatik \u00e7\u00f6z\u00fcmlemeleri esas al\u0131yor. Ben Fine ve Ourania Dimakou\u2019nun ezberleri bozan bu \u00e7al\u0131\u015fmas\u0131 ise makroiktisat kuram ve tarihte ana ak\u0131ma alternatif arayan okurlar i\u00e7in ayk\u0131r\u0131, \u00e7ekici ve ele\u015ftirel bir k\u0131lavuz sunuyor. Fine ve Dimakou klasik kuramdan Keynesci devrime, parasalc\u0131 kar\u015f\u0131devrimden Yeni Uzla\u015f\u0131 Makroiktisad\u0131na ana ak\u0131m iktisat\u00e7\u0131lar\u0131n kuramsal yakla\u015f\u0131mlar\u0131n\u0131 kapsaml\u0131 ve \u00f6zenli bir bi\u00e7imde sergilerken bu yakla\u015f\u0131mlar\u0131n olumlu olumsuz b\u00fct\u00fcn y\u00f6nlerini ortaya koyuyor. \u201cTarihsel\u201din ve \u201ctoplumsal\u201d\u0131n iktisad\u0131n d\u0131\u015f\u0131na itilmesine kar\u015f\u0131 bir itiraz da te\u015fkil eden Makroiktisat, ayn\u0131 do\u011frultudaki Mikroiktisat adl\u0131 \u00e7al\u0131\u015fmayla bir b\u00fct\u00fcnl\u00fck olu\u015fturuyor. Her iki kitab\u0131n T\u00fcrk\u00e7ede yay\u0131nlanma s\u00fcrecinde, \u00fcniversitelerimizden hukuk d\u0131\u015f\u0131 yollarla uzakla\u015ft\u0131r\u0131lan \u00f6\u011fretim elemanlar\u0131yla dayan\u0131\u015fma amac\u0131 g\u00f6zetildi\u011fini, kolektif bir \u00e7eviri ve yay\u0131na haz\u0131rlama \u00e7al\u0131\u015fmas\u0131 y\u00fcr\u00fct\u00fcld\u00fc\u011f\u00fcn\u00fc de okurlar\u0131m\u0131za duyurmak isteriz.  \u201cAna ak\u0131m iktisat i\u00e7in tam bir ba\u015f belas\u0131.\u201d \u2013 Steve Keen \u201cBir\u00e7ok iktisat hocas\u0131 ve \u00f6\u011frencisinin bekledi\u011fi t\u00fcrden bir ders kitab\u0131: mant\u0131kl\u0131, ele\u015ftirel, anla\u015f\u0131labilir, yararl\u0131.\u201d \u2013         Jayati Ghosh <\/p>\n","protected":false},"excerpt":{"rendered":"<p>Makroiktisat, d\u00fcnyan\u0131n bug\u00fcn nas\u0131l i\u015fledi\u011fini kavrayabilmemiz i\u00e7in temel \u00f6neme sahip bir alan. Ancak bu alandaki kavray\u0131\u015f\u0131m\u0131z genelde ortodoks ve dogmatik \u00e7\u00f6z\u00fcmlemeleri esas al\u0131yor. Ben Fine ve<span class=\"excerpt-hellip\"> [\u2026]<\/span><\/p>\n","protected":false},"featured_media":0,"template":"","meta":{"_monsterinsights_skip_tracking":false,"_monsterinsights_sitenote_active":false,"_monsterinsights_sitenote_note":"","_monsterinsights_sitenote_category":0},"product_brand":[],"product_cat":[14841,13043],"product_tag":[],"class_list":{"0":"post-729580","1":"product","2":"type-product","3":"status-publish","5":"product_cat-arastirma-inceleme-kuram","6":"product_cat-ekonomi","7":"pa_cilt-ciltsiz","8":"pa_tur-kitap","9":"pa_yayinevi-yordam-kitap","10":"pa_yazar-ben-fine-ourania-dimakou","12":"first","13":"instock","14":"sale","15":"shipping-taxable","16":"purchasable","17":"product-type-simple"},"_links":{"self":[{"href":"https:\/\/roveyayinevi.com.tr\/index.php\/wp-json\/wp\/v2\/product\/729580","targetHints":{"allow":["GET"]}}],"collection":[{"href":"https:\/\/roveyayinevi.com.tr\/index.php\/wp-json\/wp\/v2\/product"}],"about":[{"href":"https:\/\/roveyayinevi.com.tr\/index.php\/wp-json\/wp\/v2\/types\/product"}],"wp:attachment":[{"href":"https:\/\/roveyayinevi.com.tr\/index.php\/wp-json\/wp\/v2\/media?parent=729580"}],"wp:term":[{"taxonomy":"product_brand","embeddable":true,"href":"https:\/\/roveyayinevi.com.tr\/index.php\/wp-json\/wp\/v2\/product_brand?post=729580"},{"taxonomy":"product_cat","embeddable":true,"href":"https:\/\/roveyayinevi.com.tr\/index.php\/wp-json\/wp\/v2\/product_cat?post=729580"},{"taxonomy":"product_tag","embeddable":true,"href":"https:\/\/roveyayinevi.com.tr\/index.php\/wp-json\/wp\/v2\/product_tag?post=729580"}],"curies":[{"name":"wp","href":"https:\/\/api.w.org\/{rel}","templated":true}]}}