{"id":729579,"date":"2025-08-27T20:58:03","date_gmt":"2025-08-27T17:58:03","guid":{"rendered":"https:\/\/roveyayinevi.com.tr\/index.php\/urun\/mikroiktisat-2\/"},"modified":"2026-04-16T02:37:13","modified_gmt":"2026-04-15T23:37:13","slug":"mikroiktisat-2","status":"publish","type":"product","link":"https:\/\/roveyayinevi.com.tr\/index.php\/urun\/mikroiktisat-2\/","title":{"rendered":"Mikroiktisat"},"content":{"rendered":"<p>Bu kitap, iktisatla ilgilenen okurlar ve \u00f6\u011frenciler i\u00e7in, ana ak\u0131m mikroiktisad\u0131n alternatif bir perspektiften k\u0131sa ve a\u00e7\u0131k bir anlat\u0131m\u0131n\u0131 sunmaktad\u0131r. T\u00fcketici ve \u00fcretici kuramlar\u0131ndan genel denge kuram\u0131 ve tam rekabete, mikroiktisad\u0131n do\u011fu\u015fu ve geli\u015fimini hem tarihsel hem de disiplinleraras\u0131 bir ba\u011flama yerle\u015ftirmektedir. Ben Fine, iktisat e\u011fitimi ve ara\u015ft\u0131rma alan\u0131ndaki 40 y\u0131ll\u0131k birikimiyle bug\u00fcn egemenli\u011fini s\u00fcrd\u00fcren mikroekonomik modellerin kavramsal i\u00e7eriklerini ve metodolojilerini ele\u015ftirel bir bi\u00e7imde g\u00f6zler \u00f6n\u00fcne sererken, konunun teknik yap\u0131s\u0131 ve mimarisini de g\u00f6z ard\u0131 etmemekte, onun s\u0131n\u0131rl\u0131l\u0131klar\u0131n\u0131 ve kusurlar\u0131n\u0131 bilse de, okurlar\u0131 ve \u00f6\u011frencileri bu y\u00f6nde de bilgilendirmektedir. \u201cTarihsel\u201din ve \u201ctoplumsal\u201d\u0131n iktisad\u0131n d\u0131\u015f\u0131na itilmesine kar\u015f\u0131 bir itiraz da te\u015fkil eden Mikroiktisat, ayn\u0131 do\u011frultudaki Makroiktisat adl\u0131 \u00e7al\u0131\u015fmayla bir b\u00fct\u00fcnl\u00fck olu\u015fturuyor. Her iki kitab\u0131n T\u00fcrk\u00e7ede yay\u0131nlanma s\u00fcrecinde, \u00fcniversitelerimizden hukuk d\u0131\u015f\u0131 yollarla uzakla\u015ft\u0131r\u0131lan \u00f6\u011fretim elemanlar\u0131yla dayan\u0131\u015fma amac\u0131 g\u00f6zetildi\u011fini, kolektif bir \u00e7eviri ve yay\u0131na haz\u0131rlama \u00e7al\u0131\u015fmas\u0131 y\u00fcr\u00fct\u00fcld\u00fc\u011f\u00fcn\u00fc de okurlar\u0131m\u0131za duyurmak isteriz. \u201cBen Fine, y\u0131llar i\u00e7inde olu\u015fturdu\u011fu tecr\u00fcbesiyle, ele\u015ftirel ve yarat\u0131c\u0131 yakla\u015f\u0131mlar\u0131 takdir eden okurlar i\u00e7in zengin ve anla\u015f\u0131labilir bir kaynak sunuyor.\u201d \u2013 Stuart Birks \u201cMarjinalizmin geleneksel zehrine ve mikroiktisat alan\u0131ndaki genel denge kuram\u0131na, Say kanununa ve makroiktisat alan\u0131nda kriz ve \u00e7\u00f6k\u00fc\u015flerin ink\u00e2r edilmesine kar\u015f\u0131 paha bi\u00e7ilmez bir panzehir.\u201d \u2013 Michael Roberts <\/p>\n","protected":false},"excerpt":{"rendered":"<p>Bu kitap, iktisatla ilgilenen okurlar ve \u00f6\u011frenciler i\u00e7in, ana ak\u0131m mikroiktisad\u0131n alternatif bir perspektiften k\u0131sa ve a\u00e7\u0131k bir anlat\u0131m\u0131n\u0131 sunmaktad\u0131r. T\u00fcketici ve \u00fcretici kuramlar\u0131ndan genel denge<span class=\"excerpt-hellip\"> [\u2026]<\/span><\/p>\n","protected":false},"featured_media":0,"template":"","meta":{"_monsterinsights_skip_tracking":false,"_monsterinsights_sitenote_active":false,"_monsterinsights_sitenote_note":"","_monsterinsights_sitenote_category":0},"product_brand":[],"product_cat":[14841,13043],"product_tag":[],"class_list":{"0":"post-729579","1":"product","2":"type-product","3":"status-publish","5":"product_cat-arastirma-inceleme-kuram","6":"product_cat-ekonomi","7":"pa_cilt-ciltsiz","8":"pa_tur-kitap","9":"pa_yayinevi-yordam-kitap","10":"pa_yazar-ben-fine","12":"first","13":"instock","14":"sale","15":"shipping-taxable","16":"purchasable","17":"product-type-simple"},"_links":{"self":[{"href":"https:\/\/roveyayinevi.com.tr\/index.php\/wp-json\/wp\/v2\/product\/729579","targetHints":{"allow":["GET"]}}],"collection":[{"href":"https:\/\/roveyayinevi.com.tr\/index.php\/wp-json\/wp\/v2\/product"}],"about":[{"href":"https:\/\/roveyayinevi.com.tr\/index.php\/wp-json\/wp\/v2\/types\/product"}],"wp:attachment":[{"href":"https:\/\/roveyayinevi.com.tr\/index.php\/wp-json\/wp\/v2\/media?parent=729579"}],"wp:term":[{"taxonomy":"product_brand","embeddable":true,"href":"https:\/\/roveyayinevi.com.tr\/index.php\/wp-json\/wp\/v2\/product_brand?post=729579"},{"taxonomy":"product_cat","embeddable":true,"href":"https:\/\/roveyayinevi.com.tr\/index.php\/wp-json\/wp\/v2\/product_cat?post=729579"},{"taxonomy":"product_tag","embeddable":true,"href":"https:\/\/roveyayinevi.com.tr\/index.php\/wp-json\/wp\/v2\/product_tag?post=729579"}],"curies":[{"name":"wp","href":"https:\/\/api.w.org\/{rel}","templated":true}]}}