{"id":729578,"date":"2025-08-27T20:58:03","date_gmt":"2025-08-27T17:58:03","guid":{"rendered":"https:\/\/roveyayinevi.com.tr\/index.php\/urun\/1918-alman-devriminde-spartakistler\/"},"modified":"2026-04-16T02:37:13","modified_gmt":"2026-04-15T23:37:13","slug":"1918-alman-devriminde-spartakistler","status":"publish","type":"product","link":"https:\/\/roveyayinevi.com.tr\/index.php\/urun\/1918-alman-devriminde-spartakistler\/","title":{"rendered":"1918 Alman Devriminde Spartakistler"},"content":{"rendered":"<p>Birinci D\u00fcnya Sava\u015f\u0131\u2019n\u0131n ertesinde Almanya\u2019da \u00f6ne \u00e7\u0131kan toplumsal dinamikler nelerdi? Sosyal Demokrat Parti\u2019nin bile\u015fenleri bu dinamikler kar\u015f\u0131s\u0131nda nas\u0131l konumland\u0131? \u0130\u015f\u00e7iler, askerler ve toplumun farkl\u0131 kesimlerindeki huzursuzluklar nas\u0131l ba\u015f g\u00f6sterdi? Bar\u0131\u015f ve ekmek m\u00fccadelesi, grevler, genel grev \u00e7a\u011fr\u0131lar\u0131, propaganda faaliyetleri, konsey ya da sovyet tipi \u00f6rg\u00fctlenmeler bu s\u00fcre\u00e7te nas\u0131l bir rol oynad\u0131? Alman Devrimi nas\u0131l mayaland\u0131? Ve onun kar\u015f\u0131s\u0131na nas\u0131l oldu da bir kar\u015f\u0131devrim \u00e7\u0131kar\u0131ld\u0131? Rosa Luxemburg\u2019un do\u011fumunun 150. y\u0131l\u0131nda yay\u0131mlad\u0131\u011f\u0131m\u0131z bu \u00f6nemli kitap yukar\u0131daki sorular\u0131n yan\u0131tlar\u0131n\u0131 olu\u015ftururken, Luxemburg ve Liebknecht\u2019in ba\u015f\u0131n\u0131 \u00e7ekti\u011fi Spartakist hareketin \u00f6yk\u00fcs\u00fcne yo\u011funla\u015f\u0131yor. Bu da do\u011fal olarak sol i\u00e7i tart\u0131\u015fmalar\u0131 ve ayr\u0131\u015fmalar\u0131 \u00f6ne \u00e7\u0131kar\u0131yor: Sosyal Demokrat Parti (SPD) i\u00e7erisindeki sosyal demokratlar ve kom\u00fcnistler aras\u0131nda ba\u015flayan derin yar\u0131lma cumhuriyet m\u00fccadelesiyle nas\u0131l keskinle\u015fti? Bir s\u00fcre SPD\u2019den ayr\u0131lan Ba\u011f\u0131ms\u0131zlar (USPD) i\u00e7erisinde yer alan Spartakistler, bu kez 1918\u2019de onlardan neden ayr\u0131ld\u0131? Sosyal demokratlar bir burjuva cumhuriyeti ile yetinirken Spartakistler \u201csosyalist cumhuriyet\u201d i\u00e7in m\u00fccadeleyi nas\u0131l y\u00fckseltti? Spartakistlerin de \u00f6n ayak oldu\u011fu i\u015f\u00e7i ve asker konseyleri sosyalist cumhuriyetin n\u00fcvelerini olu\u015ftururken, sosyal demokratlar d\u00fczeni ve devlet ayg\u0131t\u0131n\u0131 korumak i\u00e7in kimlerle i\u015fbirli\u011fi yapt\u0131? Bu i\u015fbirli\u011finin neticesinde Spartakist \u00f6nderler nas\u0131l bo\u011fuldu, kalanlar neler yapt\u0131? Bir yanda Alman Devrimi\u2019nin ve yenilgisinin bize \u00f6\u011frettikleri ile y\u00fczy\u0131l \u00f6ncesinden bug\u00fcne uzanan tarih dersleri\u2026 di\u011fer yanda Rosa\u2019n\u0131n, Karl\u2019\u0131n ve Spartakistlerin iradesi! Bu kitap, Almanya\u2019da sosyalizm i\u00e7in aya\u011fa kalkan i\u015f\u00e7i s\u0131n\u0131f\u0131n\u0131n ve kom\u00fcnistlerin verdi\u011fi m\u00fccadelenin ve sosyal demokrasinin ihanetiyle bo\u011fulan devrimin hik\u00e2yesini tan\u0131kl\u0131klara ve belgelere dayanarak anlat\u0131rken, Hitler\u2019in 1933\u2019te iktidara gelmesini m\u00fcmk\u00fcn k\u0131lan tarihsel arka plana da \u0131\u015f\u0131k tutuyor. <\/p>\n","protected":false},"excerpt":{"rendered":"<p>Birinci D\u00fcnya Sava\u015f\u0131\u2019n\u0131n ertesinde Almanya\u2019da \u00f6ne \u00e7\u0131kan toplumsal dinamikler nelerdi? Sosyal Demokrat Parti\u2019nin bile\u015fenleri bu dinamikler kar\u015f\u0131s\u0131nda nas\u0131l konumland\u0131? \u0130\u015f\u00e7iler, askerler ve toplumun farkl\u0131 kesimlerindeki huzursuzluklar<span class=\"excerpt-hellip\"> [\u2026]<\/span><\/p>\n","protected":false},"featured_media":0,"template":"","meta":{"_monsterinsights_skip_tracking":false,"_monsterinsights_sitenote_active":false,"_monsterinsights_sitenote_note":"","_monsterinsights_sitenote_category":0},"product_brand":[],"product_cat":[13590,12337],"product_tag":[],"class_list":{"0":"post-729578","1":"product","2":"type-product","3":"status-publish","5":"product_cat-arastirma-inceleme-politika-siyaset","6":"product_cat-politika-siyaset","7":"pa_cilt-ciltsiz","8":"pa_tur-kitap","9":"pa_yayinevi-yordam-kitap","10":"pa_yazar-gilbert-badia","12":"first","13":"instock","14":"sale","15":"shipping-taxable","16":"purchasable","17":"product-type-simple"},"_links":{"self":[{"href":"https:\/\/roveyayinevi.com.tr\/index.php\/wp-json\/wp\/v2\/product\/729578","targetHints":{"allow":["GET"]}}],"collection":[{"href":"https:\/\/roveyayinevi.com.tr\/index.php\/wp-json\/wp\/v2\/product"}],"about":[{"href":"https:\/\/roveyayinevi.com.tr\/index.php\/wp-json\/wp\/v2\/types\/product"}],"wp:attachment":[{"href":"https:\/\/roveyayinevi.com.tr\/index.php\/wp-json\/wp\/v2\/media?parent=729578"}],"wp:term":[{"taxonomy":"product_brand","embeddable":true,"href":"https:\/\/roveyayinevi.com.tr\/index.php\/wp-json\/wp\/v2\/product_brand?post=729578"},{"taxonomy":"product_cat","embeddable":true,"href":"https:\/\/roveyayinevi.com.tr\/index.php\/wp-json\/wp\/v2\/product_cat?post=729578"},{"taxonomy":"product_tag","embeddable":true,"href":"https:\/\/roveyayinevi.com.tr\/index.php\/wp-json\/wp\/v2\/product_tag?post=729578"}],"curies":[{"name":"wp","href":"https:\/\/api.w.org\/{rel}","templated":true}]}}