{"id":729576,"date":"2025-08-27T20:58:01","date_gmt":"2025-08-27T17:58:01","guid":{"rendered":"https:\/\/roveyayinevi.com.tr\/index.php\/urun\/olgunlasmamis-ebeveynlerin-actigi-yaralari-iyilestirmek\/"},"modified":"2026-04-16T02:37:13","modified_gmt":"2026-04-15T23:37:13","slug":"olgunlasmamis-ebeveynlerin-actigi-yaralari-iyilestirmek","status":"publish","type":"product","link":"https:\/\/roveyayinevi.com.tr\/index.php\/urun\/olgunlasmamis-ebeveynlerin-actigi-yaralari-iyilestirmek\/","title":{"rendered":"Olgunla\u015fmam\u0131\u015f Ebeveynlerin A\u00e7t\u0131\u011f\u0131 Yaralar\u0131 \u0130yile\u015ftirmek"},"content":{"rendered":"<p>Duygusal y\u00f6nden olgunla\u015fmam\u0131\u015f ebeveynle b\u00fcy\u00fcmek; kendinizi yaln\u0131z, \u015fa\u015fk\u0131n ve ihmal edilmi\u015f hissetmenize neden olabilir. Bir yeti\u015fkin olarak ili\u015fkilerde s\u0131n\u0131rlar\u0131 belirlemekte, duygular\u0131n\u0131z\u0131 ifade etmekte ve ba\u015fkalar\u0131yla sa\u011fl\u0131kl\u0131 ili\u015fkiler kurmakta zorlanabilirsiniz.Duygular\u0131n\u0131zla alay edilmesi ve a\u015fa\u011f\u0131land\u0131\u011f\u0131n\u0131z\u0131 hissetmeniz \u00f6zerklik ve yeterlilik alg\u0131n\u0131z\u0131 olumsuz y\u00f6nde etkileyebilir. Ebeveyninizin bu davran\u0131\u015flar\u0131n\u0131n etkisinden nas\u0131l \u00f6zg\u00fcrle\u015febilir ve hayat\u0131n\u0131z\u0131n kontrol\u00fcn\u00fc hangi y\u00f6ntemlerle geri kazanabilirsiniz? Olgunla\u015fmam\u0131\u015f ve incitici davran\u0131\u015flara maruz kalmaya son vermek ve korkunun \u00fcstesinden gelmek ancak sizin sa\u011flam bir ad\u0131m atman\u0131zla m\u00fcmk\u00fcn olabilir.Psikiyatrist Dr. Lindsay C. Gibson, Olgunla\u015fmam\u0131\u015f Ebeveynlerin Yeti\u015fkin \u00c7ocuklar\u0131 kitab\u0131yla Amazon\u2019un en \u00e7ok satan yazar\u0131 haline gelmi\u015f ve kitaplar\u0131 14 dile \u00e7evrilmi\u015ftir. Kitaplar\u0131yla y\u00fczbinlerce insan\u0131n zararl\u0131 psikolojik miras\u0131n\u0131 tersine \u00e7evirmesine ve hayat\u0131n\u0131n kontrol\u00fcn\u00fc geri almas\u0131na yard\u0131mc\u0131 olmu\u015ftur. Dr. Gibson\u2019\u0131n psikoloji alan\u0131na katk\u0131s\u0131; dan\u0131\u015fanlar\u0131n\u0131n ya\u015fad\u0131\u011f\u0131 kayg\u0131, tak\u0131nt\u0131 ve depresyonun genellikle duygusal y\u00f6nden olgunla\u015fmam\u0131\u015f ebeveynler taraf\u0131ndan uyar\u0131lan \u00e7arp\u0131k inan\u00e7lar ve duygusal zorlamalardan kaynakland\u0131\u011f\u0131n\u0131 ileri s\u00fcrmesi ve fikrini kan\u0131tlarla desteklemi\u015f olmas\u0131d\u0131r.<\/p>\n","protected":false},"excerpt":{"rendered":"<p>Duygusal y\u00f6nden olgunla\u015fmam\u0131\u015f ebeveynle b\u00fcy\u00fcmek; kendinizi yaln\u0131z, \u015fa\u015fk\u0131n ve ihmal edilmi\u015f hissetmenize neden olabilir. Bir yeti\u015fkin olarak ili\u015fkilerde s\u0131n\u0131rlar\u0131 belirlemekte, duygular\u0131n\u0131z\u0131 ifade etmekte ve ba\u015fkalar\u0131yla sa\u011fl\u0131kl\u0131<span class=\"excerpt-hellip\"> [\u2026]<\/span><\/p>\n","protected":false},"featured_media":0,"template":"","meta":{"_monsterinsights_skip_tracking":false,"_monsterinsights_sitenote_active":false,"_monsterinsights_sitenote_note":"","_monsterinsights_sitenote_category":0},"product_brand":[],"product_cat":[12358,12357],"product_tag":[],"class_list":{"0":"post-729576","1":"product","2":"type-product","3":"status-publish","5":"product_cat-genel-psikoloji","6":"product_cat-psikoloji","7":"pa_cilt-ciltsiz","8":"pa_tur-kitap","9":"pa_yayinevi-sola-unitas","10":"pa_yazar-lindsay-c-gibson","12":"first","13":"instock","14":"sale","15":"shipping-taxable","16":"purchasable","17":"product-type-simple"},"_links":{"self":[{"href":"https:\/\/roveyayinevi.com.tr\/index.php\/wp-json\/wp\/v2\/product\/729576","targetHints":{"allow":["GET"]}}],"collection":[{"href":"https:\/\/roveyayinevi.com.tr\/index.php\/wp-json\/wp\/v2\/product"}],"about":[{"href":"https:\/\/roveyayinevi.com.tr\/index.php\/wp-json\/wp\/v2\/types\/product"}],"wp:attachment":[{"href":"https:\/\/roveyayinevi.com.tr\/index.php\/wp-json\/wp\/v2\/media?parent=729576"}],"wp:term":[{"taxonomy":"product_brand","embeddable":true,"href":"https:\/\/roveyayinevi.com.tr\/index.php\/wp-json\/wp\/v2\/product_brand?post=729576"},{"taxonomy":"product_cat","embeddable":true,"href":"https:\/\/roveyayinevi.com.tr\/index.php\/wp-json\/wp\/v2\/product_cat?post=729576"},{"taxonomy":"product_tag","embeddable":true,"href":"https:\/\/roveyayinevi.com.tr\/index.php\/wp-json\/wp\/v2\/product_tag?post=729576"}],"curies":[{"name":"wp","href":"https:\/\/api.w.org\/{rel}","templated":true}]}}