{"id":729571,"date":"2025-08-27T20:57:56","date_gmt":"2025-08-27T17:57:56","guid":{"rendered":"https:\/\/roveyayinevi.com.tr\/index.php\/urun\/mektup-asklari-ciltli\/"},"modified":"2026-04-16T02:37:13","modified_gmt":"2026-04-15T23:37:13","slug":"mektup-asklari-ciltli","status":"publish","type":"product","link":"https:\/\/roveyayinevi.com.tr\/index.php\/urun\/mektup-asklari-ciltli\/","title":{"rendered":"Mektup A\u015fklar\u0131 (Ciltli)"},"content":{"rendered":"<p>\u201cErbil\u2019in \u00e7e\u015fitli ki\u015filerin birbirlerine yazd\u0131klar\u0131 \u00f6zel ya\u015fam itiraflar\u0131yla dolu mektuplardan olu\u015fan bu roman\u0131 (yazar\u0131n ba\u015fka bir\u00e7ok roman\u0131nda oldu\u011fu gibi) estetik ya da erotizm ile eti\u011fin \u00e7at\u0131\u015fmas\u0131na bize bir aral\u0131ktan bakt\u0131r\u0131rken, ayn\u0131 zamanda bu \u00e7at\u0131\u015fman\u0131n kayna\u011f\u0131n\u0131 sorunsalla\u015ft\u0131rmaktad\u0131r. \u00c7at\u0131\u015fma, ku\u015fkusuz romandaki olay\u0131n kurgusuna aittir; fakat kurguyu da a\u015fmakta, bizi bu roman\u0131n do\u011frulukla ili\u015fkisi \u00fczerinde d\u00fc\u015f\u00fcnmeye \u00e7a\u011f\u0131rmaktad\u0131r. Edebiyat ya da roman do\u011fruyu s\u00f6yler mi, s\u00f6yleyebilir mi, \u00f6zellikle bu roman Mektup A\u015fklar\u0131 ise? (\u2026) Mektuplar ne varaca\u011f\u0131 yere varm\u0131\u015ft\u0131r ne de varmam\u0131\u015ft\u0131r ya da varmayacakt\u0131r; mektuplar yoldad\u0131r ve okuyan\u0131 \u00e7arpmaktad\u0131r. Tek do\u011fru, mektuplar\u0131n yolda ve elden ele ge\u00e7mekte oldu\u011fudur.\u201d                                                                                                                                                                                                                                                                                                                          \u00d6nay S\u00f6zer <\/p>\n","protected":false},"excerpt":{"rendered":"<p>\u201cErbil\u2019in \u00e7e\u015fitli ki\u015filerin birbirlerine yazd\u0131klar\u0131 \u00f6zel ya\u015fam itiraflar\u0131yla dolu mektuplardan olu\u015fan bu roman\u0131 (yazar\u0131n ba\u015fka bir\u00e7ok roman\u0131nda oldu\u011fu gibi) estetik ya da erotizm ile eti\u011fin \u00e7at\u0131\u015fmas\u0131na<span class=\"excerpt-hellip\"> [\u2026]<\/span><\/p>\n","protected":false},"featured_media":0,"template":"","meta":{"_monsterinsights_skip_tracking":false,"_monsterinsights_sitenote_active":false,"_monsterinsights_sitenote_note":"","_monsterinsights_sitenote_category":0},"product_brand":[],"product_cat":[12291,26797],"product_tag":[],"class_list":{"0":"post-729571","1":"product","2":"type-product","3":"status-publish","5":"product_cat-edebiyat","6":"product_cat-modern-klasikler","7":"pa_cilt-ciltli","8":"pa_tur-kitap","9":"pa_yayinevi-is-bankasi-kultur-yayinlari","10":"pa_yazar-leyla-erbil","12":"first","13":"instock","14":"sale","15":"shipping-taxable","16":"purchasable","17":"product-type-simple"},"_links":{"self":[{"href":"https:\/\/roveyayinevi.com.tr\/index.php\/wp-json\/wp\/v2\/product\/729571","targetHints":{"allow":["GET"]}}],"collection":[{"href":"https:\/\/roveyayinevi.com.tr\/index.php\/wp-json\/wp\/v2\/product"}],"about":[{"href":"https:\/\/roveyayinevi.com.tr\/index.php\/wp-json\/wp\/v2\/types\/product"}],"wp:attachment":[{"href":"https:\/\/roveyayinevi.com.tr\/index.php\/wp-json\/wp\/v2\/media?parent=729571"}],"wp:term":[{"taxonomy":"product_brand","embeddable":true,"href":"https:\/\/roveyayinevi.com.tr\/index.php\/wp-json\/wp\/v2\/product_brand?post=729571"},{"taxonomy":"product_cat","embeddable":true,"href":"https:\/\/roveyayinevi.com.tr\/index.php\/wp-json\/wp\/v2\/product_cat?post=729571"},{"taxonomy":"product_tag","embeddable":true,"href":"https:\/\/roveyayinevi.com.tr\/index.php\/wp-json\/wp\/v2\/product_tag?post=729571"}],"curies":[{"name":"wp","href":"https:\/\/api.w.org\/{rel}","templated":true}]}}