{"id":729569,"date":"2025-08-27T20:57:55","date_gmt":"2025-08-27T17:57:55","guid":{"rendered":"https:\/\/roveyayinevi.com.tr\/index.php\/urun\/osmanli-donemi-kisa-girit-tarihi\/"},"modified":"2026-04-16T02:37:13","modified_gmt":"2026-04-15T23:37:13","slug":"osmanli-donemi-kisa-girit-tarihi","status":"publish","type":"product","link":"https:\/\/roveyayinevi.com.tr\/index.php\/urun\/osmanli-donemi-kisa-girit-tarihi\/","title":{"rendered":"Osmanl\u0131 D\u00f6nemi K\u0131sa Girit Tarihi"},"content":{"rendered":"<p>Girit k\u00fclt\u00fcr\u00fc kendine \u00f6zg\u00fcd\u00fcr. \u0130\u00e7inde, eski d\u00f6nemlerden Miken, Minos, Roma, Hellen, Bizans ve biraz da Arap k\u00fclt\u00fcr\u00fc bar\u0131nd\u0131r\u0131r.  Orta\u00e7a\u011f ve hemen sonras\u0131nda, bu kadim k\u00fclt\u00fcr\u00fcn \u00fcst\u00fcne kal\u0131n bir Venedik k\u00fclt\u00fcr\u00fc katman\u0131 eklenmi\u015ftir. Bu senteze son olarak da Osmanl\u0131 k\u00fclt\u00fcr\u00fc kat\u0131ld\u0131. B\u00fct\u00fcn bunlar Akdeniz miras\u0131n\u0131n \u00f6zg\u00fcn bir par\u00e7as\u0131 haline gelen Girit k\u00fclt\u00fcr\u00fcn\u00fc olu\u015fturdu. De\u011ferli akademisyenler Ay\u015fe N\u00fckhet Ad\u0131yeke ve Nuri Ad\u0131yeke\u2019nin otuz y\u0131ll\u0131k Girit tarihi \u00e7al\u0131\u015fmalar\u0131n\u0131n son \u00fcr\u00fcn\u00fc olan Osmanl\u0131 D\u00f6nemi K\u0131sa Girit Tarihi \u2019nde, bu derin tarihsel hik\u00e2yenin Osmanl\u0131 k\u0131sm\u0131 ayr\u0131nt\u0131l\u0131 olarak inceleniyor. Yazarlar\u0131n Girit kad\u0131 sicillerini de kapsayan \u00e7ok geni\u015f bir ar\u015fiv, yazma ve belge taramas\u0131n\u0131n sonucu olan bu kitap, bilin\u00e7li pop\u00fcler tarih tercihiyle, ba\u015fta Giritliler olmak \u00fczere, Osmanl\u0131 d\u00f6nemi Girit tarihini merak eden t\u00fcm okuyuculara kolay okunan, ak\u0131c\u0131 bir anlat\u0131 sunuyor. <\/p>\n","protected":false},"excerpt":{"rendered":"<p>Girit k\u00fclt\u00fcr\u00fc kendine \u00f6zg\u00fcd\u00fcr. \u0130\u00e7inde, eski d\u00f6nemlerden Miken, Minos, Roma, Hellen, Bizans ve biraz da Arap k\u00fclt\u00fcr\u00fc bar\u0131nd\u0131r\u0131r. Orta\u00e7a\u011f ve hemen sonras\u0131nda, bu kadim k\u00fclt\u00fcr\u00fcn \u00fcst\u00fcne<span class=\"excerpt-hellip\"> [\u2026]<\/span><\/p>\n","protected":false},"featured_media":0,"template":"","meta":{"_monsterinsights_skip_tracking":false,"_monsterinsights_sitenote_active":false,"_monsterinsights_sitenote_note":"","_monsterinsights_sitenote_category":0},"product_brand":[],"product_cat":[13517,12304],"product_tag":[],"class_list":{"0":"post-729569","1":"product","2":"type-product","3":"status-publish","5":"product_cat-osmanli-tarihi","6":"product_cat-tarih","7":"pa_cilt-ciltsiz","8":"pa_tur-kitap","9":"pa_yayinevi-is-bankasi-kultur-yayinlari","10":"pa_yazar-ayse-nukhet-adiyeke-nuri-adiyeke","12":"first","13":"instock","14":"sale","15":"shipping-taxable","16":"purchasable","17":"product-type-simple"},"_links":{"self":[{"href":"https:\/\/roveyayinevi.com.tr\/index.php\/wp-json\/wp\/v2\/product\/729569","targetHints":{"allow":["GET"]}}],"collection":[{"href":"https:\/\/roveyayinevi.com.tr\/index.php\/wp-json\/wp\/v2\/product"}],"about":[{"href":"https:\/\/roveyayinevi.com.tr\/index.php\/wp-json\/wp\/v2\/types\/product"}],"wp:attachment":[{"href":"https:\/\/roveyayinevi.com.tr\/index.php\/wp-json\/wp\/v2\/media?parent=729569"}],"wp:term":[{"taxonomy":"product_brand","embeddable":true,"href":"https:\/\/roveyayinevi.com.tr\/index.php\/wp-json\/wp\/v2\/product_brand?post=729569"},{"taxonomy":"product_cat","embeddable":true,"href":"https:\/\/roveyayinevi.com.tr\/index.php\/wp-json\/wp\/v2\/product_cat?post=729569"},{"taxonomy":"product_tag","embeddable":true,"href":"https:\/\/roveyayinevi.com.tr\/index.php\/wp-json\/wp\/v2\/product_tag?post=729569"}],"curies":[{"name":"wp","href":"https:\/\/api.w.org\/{rel}","templated":true}]}}