{"id":729567,"date":"2025-08-27T20:57:53","date_gmt":"2025-08-27T17:57:53","guid":{"rendered":"https:\/\/roveyayinevi.com.tr\/index.php\/urun\/kankalar-kus-ogretmeni\/"},"modified":"2026-04-03T02:44:38","modified_gmt":"2026-04-02T23:44:38","slug":"kankalar-kus-ogretmeni","status":"publish","type":"product","link":"https:\/\/roveyayinevi.com.tr\/index.php\/urun\/kankalar-kus-ogretmeni\/","title":{"rendered":"Kankalar &#8211; Ku\u015f \u00d6\u011fretmeni"},"content":{"rendered":"<p>Bu iki arkada\u015f her zaman \u00e7ok e\u011fleniyor. . . G\u00fcne\u015fli bir g\u00fcnde Aylin trambolinde \u0130NANILMAZ z\u0131play\u0131\u015flar yap\u0131yor, Aykut da bu g\u00f6steriyi kaydediyordu. Ancak videoyu seyrettiklerinde, arka planda ba\u015fka bir \u015fey oldu\u011funu fark ettiler. Evlerinin \u00f6n\u00fcndeki sokakta ya\u015fayan sevimli kedi Lokum tuhaf bir \u015fey yap\u0131yordu. Hemen yan\u0131na ko\u015ftular, ama \u00e7ok ge\u00e7 kalm\u0131\u015flard\u0131. Lokum\u2019un ba\u015flatt\u0131\u011f\u0131 olay, k\u00f6t\u00fc bir \u015fekilde sonu\u00e7lanabilirdi. Art\u0131k her \u015fey iki arkada\u015f\u0131n bilgi ve yeteneklerine ba\u011fl\u0131yd\u0131. <\/p>\n","protected":false},"excerpt":{"rendered":"<p>Bu iki arkada\u015f her zaman \u00e7ok e\u011fleniyor. . . G\u00fcne\u015fli bir g\u00fcnde Aylin trambolinde \u0130NANILMAZ z\u0131play\u0131\u015flar yap\u0131yor, Aykut da bu g\u00f6steriyi kaydediyordu. Ancak videoyu seyrettiklerinde, arka<span class=\"excerpt-hellip\"> [\u2026]<\/span><\/p>\n","protected":false},"featured_media":0,"template":"","meta":{"_monsterinsights_skip_tracking":false,"_monsterinsights_sitenote_active":false,"_monsterinsights_sitenote_note":"","_monsterinsights_sitenote_category":0},"product_brand":[],"product_cat":[12275,12274],"product_tag":[],"class_list":{"0":"post-729567","1":"product","2":"type-product","3":"status-publish","5":"product_cat-6-12-yas-kitaplari","6":"product_cat-cocuk-ve-genclik-kitaplari","7":"pa_cilt-ciltsiz","8":"pa_tur-kitap","9":"pa_yayinevi-is-bankasi-kultur-yayinlari","10":"pa_yazar-felice-arena","12":"first","13":"instock","14":"sale","15":"shipping-taxable","16":"purchasable","17":"product-type-simple"},"_links":{"self":[{"href":"https:\/\/roveyayinevi.com.tr\/index.php\/wp-json\/wp\/v2\/product\/729567","targetHints":{"allow":["GET"]}}],"collection":[{"href":"https:\/\/roveyayinevi.com.tr\/index.php\/wp-json\/wp\/v2\/product"}],"about":[{"href":"https:\/\/roveyayinevi.com.tr\/index.php\/wp-json\/wp\/v2\/types\/product"}],"wp:attachment":[{"href":"https:\/\/roveyayinevi.com.tr\/index.php\/wp-json\/wp\/v2\/media?parent=729567"}],"wp:term":[{"taxonomy":"product_brand","embeddable":true,"href":"https:\/\/roveyayinevi.com.tr\/index.php\/wp-json\/wp\/v2\/product_brand?post=729567"},{"taxonomy":"product_cat","embeddable":true,"href":"https:\/\/roveyayinevi.com.tr\/index.php\/wp-json\/wp\/v2\/product_cat?post=729567"},{"taxonomy":"product_tag","embeddable":true,"href":"https:\/\/roveyayinevi.com.tr\/index.php\/wp-json\/wp\/v2\/product_tag?post=729567"}],"curies":[{"name":"wp","href":"https:\/\/api.w.org\/{rel}","templated":true}]}}