{"id":729564,"date":"2025-08-27T20:57:51","date_gmt":"2025-08-27T17:57:51","guid":{"rendered":"https:\/\/roveyayinevi.com.tr\/index.php\/urun\/kale-gezisi-eglenceli-tarih\/"},"modified":"2026-04-16T02:37:13","modified_gmt":"2026-04-15T23:37:13","slug":"kale-gezisi-eglenceli-tarih","status":"publish","type":"product","link":"https:\/\/roveyayinevi.com.tr\/index.php\/urun\/kale-gezisi-eglenceli-tarih\/","title":{"rendered":"Kale Gezisi &#8211; E\u011flenceli Tarih"},"content":{"rendered":"<p>Konrad, babas\u0131n\u0131n y\u00f6netti\u011fi bir kalede ya\u015f\u0131yordu. Bir g\u00fcn kaleye, kom\u015fu k\u00f6y\u00fcn sahibi oldu\u011funu iddia eden bir \u015f\u00f6valye geldi. Kral k\u00f6y\u00fcn tapusunu Konrad\u2019\u0131n babas\u0131na vermi\u015fti. Ancak bu tapu belgesini bir t\u00fcrl\u00fc bulam\u0131yorlard\u0131. Eski zamanlarda bir kalede ya\u015fanan hayattan izler ta\u015f\u0131yan tarihi bir \u00f6yk\u00fc. <\/p>\n","protected":false},"excerpt":{"rendered":"<p>Konrad, babas\u0131n\u0131n y\u00f6netti\u011fi bir kalede ya\u015f\u0131yordu. Bir g\u00fcn kaleye, kom\u015fu k\u00f6y\u00fcn sahibi oldu\u011funu iddia eden bir \u015f\u00f6valye geldi. Kral k\u00f6y\u00fcn tapusunu Konrad\u2019\u0131n babas\u0131na vermi\u015fti. Ancak bu<span class=\"excerpt-hellip\"> [\u2026]<\/span><\/p>\n","protected":false},"featured_media":0,"template":"","meta":{"_monsterinsights_skip_tracking":false,"_monsterinsights_sitenote_active":false,"_monsterinsights_sitenote_note":"","_monsterinsights_sitenote_category":0},"product_brand":[],"product_cat":[12274,12518],"product_tag":[],"class_list":{"0":"post-729564","1":"product","2":"type-product","3":"status-publish","5":"product_cat-cocuk-ve-genclik-kitaplari","6":"product_cat-okul-oncesi-kitaplar","7":"pa_cilt-ciltsiz","8":"pa_tur-kitap","9":"pa_yayinevi-is-bankasi-kultur-yayinlari","10":"pa_yazar-christa-holtei","12":"first","13":"instock","14":"sale","15":"shipping-taxable","16":"purchasable","17":"product-type-simple"},"_links":{"self":[{"href":"https:\/\/roveyayinevi.com.tr\/index.php\/wp-json\/wp\/v2\/product\/729564","targetHints":{"allow":["GET"]}}],"collection":[{"href":"https:\/\/roveyayinevi.com.tr\/index.php\/wp-json\/wp\/v2\/product"}],"about":[{"href":"https:\/\/roveyayinevi.com.tr\/index.php\/wp-json\/wp\/v2\/types\/product"}],"wp:attachment":[{"href":"https:\/\/roveyayinevi.com.tr\/index.php\/wp-json\/wp\/v2\/media?parent=729564"}],"wp:term":[{"taxonomy":"product_brand","embeddable":true,"href":"https:\/\/roveyayinevi.com.tr\/index.php\/wp-json\/wp\/v2\/product_brand?post=729564"},{"taxonomy":"product_cat","embeddable":true,"href":"https:\/\/roveyayinevi.com.tr\/index.php\/wp-json\/wp\/v2\/product_cat?post=729564"},{"taxonomy":"product_tag","embeddable":true,"href":"https:\/\/roveyayinevi.com.tr\/index.php\/wp-json\/wp\/v2\/product_tag?post=729564"}],"curies":[{"name":"wp","href":"https:\/\/api.w.org\/{rel}","templated":true}]}}