{"id":729563,"date":"2025-08-27T20:57:50","date_gmt":"2025-08-27T17:57:50","guid":{"rendered":"https:\/\/roveyayinevi.com.tr\/index.php\/urun\/kucuk-kazin-sonbahari\/"},"modified":"2026-04-16T02:37:13","modified_gmt":"2026-04-15T23:37:13","slug":"kucuk-kazin-sonbahari","status":"publish","type":"product","link":"https:\/\/roveyayinevi.com.tr\/index.php\/urun\/kucuk-kazin-sonbahari\/","title":{"rendered":"K\u00fc\u00e7\u00fck Kaz\u0131n Sonbahar\u0131"},"content":{"rendered":"<p>Yaz\u0131n renkleri solup mevsim sonbahara d\u00f6nerken, k\u00fc\u00e7\u00fck kaz havadaki de\u011fi\u015fimi sezer ve sorar kendine: \u201cYapmam gereken \u00f6nemli bir i\u015f var, bunu hissediyorum. Ama ne olabilir acaba? Ah i\u015fte onu bilmiyorum!\u201d D\u00fcnyadaki yerim nedir sorusuna cevap ararken, ne\u015felendiren moral y\u00fckselten m\u00fckemmel bir mevsim \u00f6yk\u00fcs\u00fc. \u00dcnl\u00fc yazar Elli Woollard ve s\u0131ra d\u0131\u015f\u0131 yetenek Briony May Smith\u2019ten bir ba\u015fyap\u0131t. <\/p>\n","protected":false},"excerpt":{"rendered":"<p>Yaz\u0131n renkleri solup mevsim sonbahara d\u00f6nerken, k\u00fc\u00e7\u00fck kaz havadaki de\u011fi\u015fimi sezer ve sorar kendine: \u201cYapmam gereken \u00f6nemli bir i\u015f var, bunu hissediyorum. Ama ne olabilir acaba?<span class=\"excerpt-hellip\"> [\u2026]<\/span><\/p>\n","protected":false},"featured_media":0,"template":"","meta":{"_monsterinsights_skip_tracking":false,"_monsterinsights_sitenote_active":false,"_monsterinsights_sitenote_note":"","_monsterinsights_sitenote_category":0},"product_brand":[],"product_cat":[12274,12518],"product_tag":[],"class_list":{"0":"post-729563","1":"product","2":"type-product","3":"status-publish","5":"product_cat-cocuk-ve-genclik-kitaplari","6":"product_cat-okul-oncesi-kitaplar","7":"pa_cilt-ciltsiz","8":"pa_tur-kitap","9":"pa_yayinevi-is-bankasi-kultur-yayinlari","10":"pa_yazar-elli-woollard","12":"first","13":"instock","14":"sale","15":"shipping-taxable","16":"purchasable","17":"product-type-simple"},"_links":{"self":[{"href":"https:\/\/roveyayinevi.com.tr\/index.php\/wp-json\/wp\/v2\/product\/729563","targetHints":{"allow":["GET"]}}],"collection":[{"href":"https:\/\/roveyayinevi.com.tr\/index.php\/wp-json\/wp\/v2\/product"}],"about":[{"href":"https:\/\/roveyayinevi.com.tr\/index.php\/wp-json\/wp\/v2\/types\/product"}],"wp:attachment":[{"href":"https:\/\/roveyayinevi.com.tr\/index.php\/wp-json\/wp\/v2\/media?parent=729563"}],"wp:term":[{"taxonomy":"product_brand","embeddable":true,"href":"https:\/\/roveyayinevi.com.tr\/index.php\/wp-json\/wp\/v2\/product_brand?post=729563"},{"taxonomy":"product_cat","embeddable":true,"href":"https:\/\/roveyayinevi.com.tr\/index.php\/wp-json\/wp\/v2\/product_cat?post=729563"},{"taxonomy":"product_tag","embeddable":true,"href":"https:\/\/roveyayinevi.com.tr\/index.php\/wp-json\/wp\/v2\/product_tag?post=729563"}],"curies":[{"name":"wp","href":"https:\/\/api.w.org\/{rel}","templated":true}]}}