{"id":729562,"date":"2025-08-27T20:57:49","date_gmt":"2025-08-27T17:57:49","guid":{"rendered":"https:\/\/roveyayinevi.com.tr\/index.php\/urun\/iste-butun-hikaye-bu\/"},"modified":"2026-04-16T02:37:13","modified_gmt":"2026-04-15T23:37:13","slug":"iste-butun-hikaye-bu","status":"publish","type":"product","link":"https:\/\/roveyayinevi.com.tr\/index.php\/urun\/iste-butun-hikaye-bu\/","title":{"rendered":"\u0130\u015fte B\u00fct\u00fcn Hikaye Bu"},"content":{"rendered":"<p>&#8220;Biz devrimciler tarihin her d\u00f6neminde ya\u015fad\u0131\u011f\u0131m\u0131z ko\u015fullar\u0131n nesnesi de\u011fil, \u00f6znesi olduk. Tarihi yazan de\u011fil yapan olduk. Ve tarih bizlerin m\u00fccadeleleriyle, kaybettiklerimiz kadar kazand\u0131klar\u0131m\u0131zla doludur. Hayat bize hep sorular\u0131 \u00e7al\u0131\u015fmad\u0131\u011f\u0131m\u0131z yerden sorduysa da yine de o sorular\u0131 yan\u0131tlamas\u0131n\u0131 bildik. \u201cBirlikte yola \u00e7\u0131kt\u0131klar\u0131m\u0131z\u0131, yolda bulduklar\u0131m\u0131za de\u011fi\u015fmedik\u201d Ve biz hakl\u0131y\u0131z, inan\u0131yoruz ve bizimle beraber y\u00fcr\u00fcyenlere diyoruz ki hakl\u0131y\u0131z kazanaca\u011f\u0131z!\u201d<\/p>\n","protected":false},"excerpt":{"rendered":"<p>&#8220;Biz devrimciler tarihin her d\u00f6neminde ya\u015fad\u0131\u011f\u0131m\u0131z ko\u015fullar\u0131n nesnesi de\u011fil, \u00f6znesi olduk. Tarihi yazan de\u011fil yapan olduk. Ve tarih bizlerin m\u00fccadeleleriyle, kaybettiklerimiz kadar kazand\u0131klar\u0131m\u0131zla doludur. Hayat bize<span class=\"excerpt-hellip\"> [\u2026]<\/span><\/p>\n","protected":false},"featured_media":0,"template":"","meta":{"_monsterinsights_skip_tracking":false,"_monsterinsights_sitenote_active":false,"_monsterinsights_sitenote_note":"","_monsterinsights_sitenote_category":0},"product_brand":[],"product_cat":[18545,12291],"product_tag":[],"class_list":{"0":"post-729562","1":"product","2":"type-product","3":"status-publish","5":"product_cat-anlati","6":"product_cat-edebiyat","7":"pa_cilt-ciltsiz","8":"pa_tur-kitap","9":"pa_yayinevi-klaros-yayinlari","10":"pa_yazar-hasan-kul","12":"first","13":"instock","14":"sale","15":"shipping-taxable","16":"purchasable","17":"product-type-simple"},"_links":{"self":[{"href":"https:\/\/roveyayinevi.com.tr\/index.php\/wp-json\/wp\/v2\/product\/729562","targetHints":{"allow":["GET"]}}],"collection":[{"href":"https:\/\/roveyayinevi.com.tr\/index.php\/wp-json\/wp\/v2\/product"}],"about":[{"href":"https:\/\/roveyayinevi.com.tr\/index.php\/wp-json\/wp\/v2\/types\/product"}],"wp:attachment":[{"href":"https:\/\/roveyayinevi.com.tr\/index.php\/wp-json\/wp\/v2\/media?parent=729562"}],"wp:term":[{"taxonomy":"product_brand","embeddable":true,"href":"https:\/\/roveyayinevi.com.tr\/index.php\/wp-json\/wp\/v2\/product_brand?post=729562"},{"taxonomy":"product_cat","embeddable":true,"href":"https:\/\/roveyayinevi.com.tr\/index.php\/wp-json\/wp\/v2\/product_cat?post=729562"},{"taxonomy":"product_tag","embeddable":true,"href":"https:\/\/roveyayinevi.com.tr\/index.php\/wp-json\/wp\/v2\/product_tag?post=729562"}],"curies":[{"name":"wp","href":"https:\/\/api.w.org\/{rel}","templated":true}]}}