{"id":729561,"date":"2025-08-27T20:57:48","date_gmt":"2025-08-27T17:57:48","guid":{"rendered":"https:\/\/roveyayinevi.com.tr\/index.php\/urun\/zaman-carki-9-cilt-kisin-yuregi\/"},"modified":"2026-04-16T02:37:13","modified_gmt":"2026-04-15T23:37:13","slug":"zaman-carki-9-cilt-kisin-yuregi","status":"publish","type":"product","link":"https:\/\/roveyayinevi.com.tr\/index.php\/urun\/zaman-carki-9-cilt-kisin-yuregi\/","title":{"rendered":"Zaman \u00c7ark\u0131 9. Cilt: K\u0131\u015f\u0131n Y\u00fcre\u011fi"},"content":{"rendered":"<p>Zaman \u00c7ark\u0131 Serisi B\u00fcy\u00fck Bir Heyecanla Devam Ediyor&#8230;Aes Sedailerin b\u00f6l\u00fcnd\u00fc\u011f\u00fc yetmiyormu\u015f gibi, Beyaz Kule&#8217;de de Elaida&#8217;n\u0131n h\u00fckm\u00fcnden ku\u015fku duyanlar \u00e7o\u011falmaktad\u0131r.Asilerin Amyrlin Makam\u0131 olan Egwene Aes Sedaileri \u00fczerinde h\u00fck\u00fcmranl\u0131k kurmaya \u00e7al\u0131\u015fmaktad\u0131r. Elayne Aslan Taht\u0131&#8217;na resmi olarak oturmak i\u00e7in ilk ad\u0131mlar\u0131 atar. Seanchanlar fetihlerine \u015fehir \u015fehir, \u00fclke \u00fclke devam etmektedirler. Her yerde Kara Aes Sedailer, Karanl\u0131kdostu Asha&#8217;manlar gizlidir. Kaos ve deh\u015fet yery\u00fcz\u00fcn\u00fc sararken Rand bu \u00c7a\u011f&#8217;\u0131n bilgisini koruyacak tohumlar ekmeye \u00e7al\u0131\u015f\u0131r.Kimin dost, kimin d\u00fc\u015fman oldu\u011fu bilinmeyen, Karanl\u0131k ile I\u015f\u0131k aras\u0131ndaki bu sava\u015fta bu sefer kimin galip gelece\u011fini g\u00f6rmek i\u00e7in soluklar tutulmu\u015ftur.<\/p>\n","protected":false},"excerpt":{"rendered":"<p>Zaman \u00c7ark\u0131 Serisi B\u00fcy\u00fck Bir Heyecanla Devam Ediyor&#8230;Aes Sedailerin b\u00f6l\u00fcnd\u00fc\u011f\u00fc yetmiyormu\u015f gibi, Beyaz Kule&#8217;de de Elaida&#8217;n\u0131n h\u00fckm\u00fcnden ku\u015fku duyanlar \u00e7o\u011falmaktad\u0131r.Asilerin Amyrlin Makam\u0131 olan Egwene Aes Sedaileri<span class=\"excerpt-hellip\"> [\u2026]<\/span><\/p>\n","protected":false},"featured_media":0,"template":"","meta":{"_monsterinsights_skip_tracking":false,"_monsterinsights_sitenote_active":false,"_monsterinsights_sitenote_note":"","_monsterinsights_sitenote_category":0},"product_brand":[],"product_cat":[12291,14777],"product_tag":[],"class_list":{"0":"post-729561","1":"product","2":"type-product","3":"status-publish","5":"product_cat-edebiyat","6":"product_cat-fantastik","7":"pa_cilt-ciltli","8":"pa_tur-kitap","9":"pa_yayinevi-ithaki-yayinlari","10":"pa_yazar-kolektif","12":"first","13":"instock","14":"sale","15":"shipping-taxable","16":"purchasable","17":"product-type-simple"},"_links":{"self":[{"href":"https:\/\/roveyayinevi.com.tr\/index.php\/wp-json\/wp\/v2\/product\/729561","targetHints":{"allow":["GET"]}}],"collection":[{"href":"https:\/\/roveyayinevi.com.tr\/index.php\/wp-json\/wp\/v2\/product"}],"about":[{"href":"https:\/\/roveyayinevi.com.tr\/index.php\/wp-json\/wp\/v2\/types\/product"}],"wp:attachment":[{"href":"https:\/\/roveyayinevi.com.tr\/index.php\/wp-json\/wp\/v2\/media?parent=729561"}],"wp:term":[{"taxonomy":"product_brand","embeddable":true,"href":"https:\/\/roveyayinevi.com.tr\/index.php\/wp-json\/wp\/v2\/product_brand?post=729561"},{"taxonomy":"product_cat","embeddable":true,"href":"https:\/\/roveyayinevi.com.tr\/index.php\/wp-json\/wp\/v2\/product_cat?post=729561"},{"taxonomy":"product_tag","embeddable":true,"href":"https:\/\/roveyayinevi.com.tr\/index.php\/wp-json\/wp\/v2\/product_tag?post=729561"}],"curies":[{"name":"wp","href":"https:\/\/api.w.org\/{rel}","templated":true}]}}