{"id":729558,"date":"2025-08-27T20:57:45","date_gmt":"2025-08-27T17:57:45","guid":{"rendered":"https:\/\/roveyayinevi.com.tr\/index.php\/urun\/dusunen-ada\/"},"modified":"2026-04-16T02:37:12","modified_gmt":"2026-04-15T23:37:12","slug":"dusunen-ada","status":"publish","type":"product","link":"https:\/\/roveyayinevi.com.tr\/index.php\/urun\/dusunen-ada\/","title":{"rendered":"D\u00fc\u015f\u00fcnen Ada"},"content":{"rendered":"<p>\u0130li\u015fkilerinde bir t\u00fcrl\u00fc y\u00fcz\u00fc g\u00fclmeyen, duygusal ini\u015f \u00e7\u0131k\u0131\u015flar\u0131 bitmeyen Ya\u011fmur, 30\u2019lar\u0131n\u0131n ortas\u0131na geldi\u011fi halde hayat\u0131nda istedi\u011fi d\u00fczeni kuramam\u0131\u015ft\u0131r. Dibe vurdu\u011fu d\u00f6nemlerden birinde dertlerinden uzakla\u015fmak i\u00e7in hep yapt\u0131\u011f\u0131 gibi Burgazada\u2019ya do\u011fru yola \u00e7\u0131kar. Etraf\u0131nda g\u00fcvenebilece\u011fi bir dostu kalmad\u0131\u011f\u0131 i\u00e7in yan\u0131na ald\u0131\u011f\u0131 karde\u015fi Deniz\u2019in patavats\u0131zl\u0131klar\u0131na ra\u011fmen rit\u00fcelini tamamlay\u0131p \u015fehre yenilenmi\u015f olarak d\u00f6nebilecek midir? Yoksa ada onun i\u00e7in ba\u015fka bir yol mu d\u00fc\u015f\u00fcnmektedir? Adalar gibi izole oldu\u011funu d\u00fc\u015f\u00fcnen bir kad\u0131n, var oldu\u011funu d\u00fc\u015f\u00fcnen bir ada ve eski sevgiliye benzeyen mart\u0131n\u0131n hik\u00e2yesi.<\/p>\n","protected":false},"excerpt":{"rendered":"<p>\u0130li\u015fkilerinde bir t\u00fcrl\u00fc y\u00fcz\u00fc g\u00fclmeyen, duygusal ini\u015f \u00e7\u0131k\u0131\u015flar\u0131 bitmeyen Ya\u011fmur, 30\u2019lar\u0131n\u0131n ortas\u0131na geldi\u011fi halde hayat\u0131nda istedi\u011fi d\u00fczeni kuramam\u0131\u015ft\u0131r. Dibe vurdu\u011fu d\u00f6nemlerden birinde dertlerinden uzakla\u015fmak i\u00e7in hep<span class=\"excerpt-hellip\"> [\u2026]<\/span><\/p>\n","protected":false},"featured_media":0,"template":"","meta":{"_monsterinsights_skip_tracking":false,"_monsterinsights_sitenote_active":false,"_monsterinsights_sitenote_note":"","_monsterinsights_sitenote_category":0},"product_brand":[],"product_cat":[12416,12291],"product_tag":[],"class_list":{"0":"post-729558","1":"product","2":"type-product","3":"status-publish","5":"product_cat-cizgi-roman","6":"product_cat-edebiyat","7":"pa_cilt-ciltsiz","8":"pa_tur-kitap","9":"pa_yayinevi-kara-karga-yayinlari","10":"pa_yazar-tolga-hirsova","12":"first","13":"instock","14":"sale","15":"shipping-taxable","16":"purchasable","17":"product-type-simple"},"_links":{"self":[{"href":"https:\/\/roveyayinevi.com.tr\/index.php\/wp-json\/wp\/v2\/product\/729558","targetHints":{"allow":["GET"]}}],"collection":[{"href":"https:\/\/roveyayinevi.com.tr\/index.php\/wp-json\/wp\/v2\/product"}],"about":[{"href":"https:\/\/roveyayinevi.com.tr\/index.php\/wp-json\/wp\/v2\/types\/product"}],"wp:attachment":[{"href":"https:\/\/roveyayinevi.com.tr\/index.php\/wp-json\/wp\/v2\/media?parent=729558"}],"wp:term":[{"taxonomy":"product_brand","embeddable":true,"href":"https:\/\/roveyayinevi.com.tr\/index.php\/wp-json\/wp\/v2\/product_brand?post=729558"},{"taxonomy":"product_cat","embeddable":true,"href":"https:\/\/roveyayinevi.com.tr\/index.php\/wp-json\/wp\/v2\/product_cat?post=729558"},{"taxonomy":"product_tag","embeddable":true,"href":"https:\/\/roveyayinevi.com.tr\/index.php\/wp-json\/wp\/v2\/product_tag?post=729558"}],"curies":[{"name":"wp","href":"https:\/\/api.w.org\/{rel}","templated":true}]}}