{"id":729557,"date":"2025-08-27T20:57:44","date_gmt":"2025-08-27T17:57:44","guid":{"rendered":"https:\/\/roveyayinevi.com.tr\/index.php\/urun\/irmina\/"},"modified":"2026-04-16T02:37:12","modified_gmt":"2026-04-15T23:37:12","slug":"irmina","status":"publish","type":"product","link":"https:\/\/roveyayinevi.com.tr\/index.php\/urun\/irmina\/","title":{"rendered":"\u0130rmina"},"content":{"rendered":"<p>&#8211; B\u0130R MODERN TAR\u0130H H\u0130K\u00c2YES\u0130 &#8211;   1930\u2019lar\u0131n ortas\u0131nda, Irmina adl\u0131 gen\u00e7 ve h\u0131rsl\u0131 bir Alman, Londra\u2019ya yerle\u015fir. Bir kokteylde, Oxford\u2019a giren ilk siyahi \u00f6\u011frenci olan ve t\u0131pk\u0131 Irmina gibi kendi ba\u011f\u0131ms\u0131z varl\u0131\u011f\u0131n\u0131 ya\u015famaya \u00e7al\u0131\u015fan Howard Green ile tan\u0131\u015f\u0131r. Ancak ili\u015fkileri, Irmina\u2019n\u0131n Hitler Almanyas\u0131na d\u00f6nmek zorunda kalmas\u0131 y\u00fcz\u00fcnden beklenmedik bir \u015fekilde sonlan\u0131r. Sava\u015f \u00e7\u0131k\u0131p Howard\u2019la ileti\u015fimi tamamen kopunca, Irmina arad\u0131\u011f\u0131 refaha kavu\u015fmak i\u00e7in hayallerinden vazge\u00e7mekten ba\u015fka \u00e7aresinin kalmad\u0131\u011f\u0131n\u0131 anlar. Barbara Yelin, \u00f6d\u00fcll\u00fc \u00e7izgiroman\u0131 Irmina\u2019da ger\u00e7ek bir hik\u00e2yeye dayanarak olaylara geni\u015f a\u00e7\u0131dan bakabilmeyi ba\u015far\u0131yor. E\u015fsiz bir sanat eseri olan bu eser, sava\u015f zaman\u0131 Almanyas\u0131n\u0131n bask\u0131c\u0131 atmosferini m\u00fckemmel bir \u015fekilde yans\u0131t\u0131yor ve \u015fu can al\u0131c\u0131 sorunun izinden gidiyor: Hayaller kuran, mutluluk p\u0131r\u0131lt\u0131lar\u0131 ta\u015f\u0131yan s\u0131radan insanlar, nas\u0131l oldu da bu katil sisteme g\u00f6z yummakla kalmay\u0131p onun hayata ge\u00e7mesine olanak sa\u011flad\u0131? <\/p>\n","protected":false},"excerpt":{"rendered":"<p>&#8211; B\u0130R MODERN TAR\u0130H H\u0130K\u00c2YES\u0130 &#8211; 1930\u2019lar\u0131n ortas\u0131nda, Irmina adl\u0131 gen\u00e7 ve h\u0131rsl\u0131 bir Alman, Londra\u2019ya yerle\u015fir. Bir kokteylde, Oxford\u2019a giren ilk siyahi \u00f6\u011frenci olan ve<span class=\"excerpt-hellip\"> [\u2026]<\/span><\/p>\n","protected":false},"featured_media":0,"template":"","meta":{"_monsterinsights_skip_tracking":false,"_monsterinsights_sitenote_active":false,"_monsterinsights_sitenote_note":"","_monsterinsights_sitenote_category":0},"product_brand":[],"product_cat":[12416,12291],"product_tag":[],"class_list":{"0":"post-729557","1":"product","2":"type-product","3":"status-publish","5":"product_cat-cizgi-roman","6":"product_cat-edebiyat","7":"pa_cilt-ciltsiz","8":"pa_tur-kitap","9":"pa_yayinevi-kara-karga-yayinlari","10":"pa_yazar-barbara-yelin","12":"first","13":"instock","14":"sale","15":"shipping-taxable","16":"purchasable","17":"product-type-simple"},"_links":{"self":[{"href":"https:\/\/roveyayinevi.com.tr\/index.php\/wp-json\/wp\/v2\/product\/729557","targetHints":{"allow":["GET"]}}],"collection":[{"href":"https:\/\/roveyayinevi.com.tr\/index.php\/wp-json\/wp\/v2\/product"}],"about":[{"href":"https:\/\/roveyayinevi.com.tr\/index.php\/wp-json\/wp\/v2\/types\/product"}],"wp:attachment":[{"href":"https:\/\/roveyayinevi.com.tr\/index.php\/wp-json\/wp\/v2\/media?parent=729557"}],"wp:term":[{"taxonomy":"product_brand","embeddable":true,"href":"https:\/\/roveyayinevi.com.tr\/index.php\/wp-json\/wp\/v2\/product_brand?post=729557"},{"taxonomy":"product_cat","embeddable":true,"href":"https:\/\/roveyayinevi.com.tr\/index.php\/wp-json\/wp\/v2\/product_cat?post=729557"},{"taxonomy":"product_tag","embeddable":true,"href":"https:\/\/roveyayinevi.com.tr\/index.php\/wp-json\/wp\/v2\/product_tag?post=729557"}],"curies":[{"name":"wp","href":"https:\/\/api.w.org\/{rel}","templated":true}]}}