{"id":729556,"date":"2025-08-27T20:57:43","date_gmt":"2025-08-27T17:57:43","guid":{"rendered":"https:\/\/roveyayinevi.com.tr\/index.php\/urun\/yurekten-damlalar\/"},"modified":"2026-04-16T02:37:12","modified_gmt":"2026-04-15T23:37:12","slug":"yurekten-damlalar","status":"publish","type":"product","link":"https:\/\/roveyayinevi.com.tr\/index.php\/urun\/yurekten-damlalar\/","title":{"rendered":"Y\u00fcrekten Damlalar"},"content":{"rendered":"<p>Kitab\u0131m\u0131z \u00fc\u00e7 b\u00f6l\u00fcmden  olu\u015fmaktad\u0131r. Birinci b\u00f6l\u00fcm  konular\u0131  Genel. \u0130kinci  b\u00f6l\u00fcm  konular\u0131  Aileyle ilgili.  \u00dc\u00e7\u00fcnc\u00fc  b\u00f6l\u00fcm konular\u0131ysa  Memleketle  ilgili. Her insan\u0131n  duygular\u0131,   ifade  bi\u00e7imi, tarz\u0131  farkl\u0131d\u0131r.  Acizane   bizim  de  duygular\u0131m\u0131z  farkl\u0131d\u0131r. Hislerimi  ben  bu  tarzda   ifade  ettim. Ancak  ayn\u0131 \u015fiirleri  ba\u015fka  \u015fairler,  daha  farkl\u0131   kelimelerle, y\u00f6ntemlerle de ifade  edebilirler. \u015eunu s\u00f6yleyebilirim ki  yaz\u0131lanlar  i\u00e7imden  geldi\u011fi  gibi  oldu. Yani  \u00f6zg\u00fcn  diyebilirim. Gelecek  nesillerimize \u00f6rnek olsun, bir  hat\u0131ra  bir  ar\u015fiv olsun, hat\u0131rlans\u0131n  diye  yazd\u0131\u011f\u0131m\u0131z  bu  \u015fiirler,  umar\u0131m   siz  okuyucu  karde\u015flerimizin  ilgisini  \u00e7eker, faydal\u0131 olur. B\u00fct\u00fcn  hayat\u0131m\u0131z\u0131n  \u015fiir  gibi  \u00f6l\u00e7\u00fcl\u00fc  ve  ahenkli  s\u00fcrmesi, hi\u00e7bir olumsuzlu\u011fun, d\u00fczensizli\u011fin ya\u015fanmamas\u0131 dileklerimle  Sayg\u0131lar\u0131m\u0131  sunar\u0131m&#8230;       Kadir  OLCAY<\/p>\n","protected":false},"excerpt":{"rendered":"<p>Kitab\u0131m\u0131z \u00fc\u00e7 b\u00f6l\u00fcmden olu\u015fmaktad\u0131r. Birinci b\u00f6l\u00fcm konular\u0131 Genel. \u0130kinci b\u00f6l\u00fcm konular\u0131 Aileyle ilgili. \u00dc\u00e7\u00fcnc\u00fc b\u00f6l\u00fcm konular\u0131ysa Memleketle ilgili. Her insan\u0131n duygular\u0131, ifade bi\u00e7imi, tarz\u0131 farkl\u0131d\u0131r. Acizane<span class=\"excerpt-hellip\"> [\u2026]<\/span><\/p>\n","protected":false},"featured_media":0,"template":"","meta":{"_monsterinsights_skip_tracking":false,"_monsterinsights_sitenote_active":false,"_monsterinsights_sitenote_note":"","_monsterinsights_sitenote_category":0},"product_brand":[],"product_cat":[12291,12509],"product_tag":[],"class_list":{"0":"post-729556","1":"product","2":"type-product","3":"status-publish","5":"product_cat-edebiyat","6":"product_cat-siir","7":"pa_cilt-ciltsiz","8":"pa_tur-kitap","9":"pa_yayinevi-gulnar-yayinlari","10":"pa_yazar-kadir-olcay","12":"first","13":"instock","14":"sale","15":"shipping-taxable","16":"purchasable","17":"product-type-simple"},"_links":{"self":[{"href":"https:\/\/roveyayinevi.com.tr\/index.php\/wp-json\/wp\/v2\/product\/729556","targetHints":{"allow":["GET"]}}],"collection":[{"href":"https:\/\/roveyayinevi.com.tr\/index.php\/wp-json\/wp\/v2\/product"}],"about":[{"href":"https:\/\/roveyayinevi.com.tr\/index.php\/wp-json\/wp\/v2\/types\/product"}],"wp:attachment":[{"href":"https:\/\/roveyayinevi.com.tr\/index.php\/wp-json\/wp\/v2\/media?parent=729556"}],"wp:term":[{"taxonomy":"product_brand","embeddable":true,"href":"https:\/\/roveyayinevi.com.tr\/index.php\/wp-json\/wp\/v2\/product_brand?post=729556"},{"taxonomy":"product_cat","embeddable":true,"href":"https:\/\/roveyayinevi.com.tr\/index.php\/wp-json\/wp\/v2\/product_cat?post=729556"},{"taxonomy":"product_tag","embeddable":true,"href":"https:\/\/roveyayinevi.com.tr\/index.php\/wp-json\/wp\/v2\/product_tag?post=729556"}],"curies":[{"name":"wp","href":"https:\/\/api.w.org\/{rel}","templated":true}]}}