{"id":729553,"date":"2025-08-27T20:57:41","date_gmt":"2025-08-27T17:57:41","guid":{"rendered":"https:\/\/roveyayinevi.com.tr\/index.php\/urun\/eser-sozlesmesinde-ceza-kosulu\/"},"modified":"2026-04-16T02:37:12","modified_gmt":"2026-04-15T23:37:12","slug":"eser-sozlesmesinde-ceza-kosulu","status":"publish","type":"product","link":"https:\/\/roveyayinevi.com.tr\/index.php\/urun\/eser-sozlesmesinde-ceza-kosulu\/","title":{"rendered":"Eser S\u00f6zle\u015fmesinde Ceza Ko\u015fulu"},"content":{"rendered":"<p>\u0130\u00e7indekiler 1-Eser S\u00f6zle\u015fmesi Kavram\u0131 ve Unsurlar\u0131 2- Benzer Nitelikteki S\u00f6zle\u015fmelerle Kar\u015f\u0131la\u015ft\u0131r\u0131lmas\u0131 3- Eser S\u00f6zle\u015fmesinde Genel Olarak Taraflar\u0131n Bor\u00e7lar\u0131 4- Eser S\u00f6zle\u015fmesinin Sona Ermesi 5-  Ceza Ko\u015fulu 6-  Eser S\u00f6zle\u015fmesinde Ceza Ko\u015fulu 7- Y\u00fcklenicinin Temerr\u00fcd\u00fc Nedeni ile Ceza Ko\u015fulu 8- \u0130\u015fsahibinin Borca Ayk\u0131r\u0131l\u0131\u011f\u0131 Dolay\u0131s\u0131yla Ceza Ko\u015fulu 9- S\u00f6zle\u015fmeden D\u00f6nme veya S\u00f6zle\u015fmenin Feshi Halinde Ceza Ko\u015fulu <\/p>\n","protected":false},"excerpt":{"rendered":"<p>\u0130\u00e7indekiler 1-Eser S\u00f6zle\u015fmesi Kavram\u0131 ve Unsurlar\u0131 2- Benzer Nitelikteki S\u00f6zle\u015fmelerle Kar\u015f\u0131la\u015ft\u0131r\u0131lmas\u0131 3- Eser S\u00f6zle\u015fmesinde Genel Olarak Taraflar\u0131n Bor\u00e7lar\u0131 4- Eser S\u00f6zle\u015fmesinin Sona Ermesi 5- Ceza Ko\u015fulu<span class=\"excerpt-hellip\"> [\u2026]<\/span><\/p>\n","protected":false},"featured_media":0,"template":"","meta":{"_monsterinsights_skip_tracking":false,"_monsterinsights_sitenote_active":false,"_monsterinsights_sitenote_note":"","_monsterinsights_sitenote_category":0},"product_brand":[],"product_cat":[15350,17602],"product_tag":[],"class_list":{"0":"post-729553","1":"product","2":"type-product","3":"status-publish","5":"product_cat-hukuk","6":"product_cat-hukuk-uzerine","7":"pa_cilt-ciltsiz","8":"pa_tur-kitap","9":"pa_yayinevi-gazi-kitabevi","10":"pa_yazar-ahmet-pektas","12":"first","13":"instock","14":"sale","15":"shipping-taxable","16":"purchasable","17":"product-type-simple"},"_links":{"self":[{"href":"https:\/\/roveyayinevi.com.tr\/index.php\/wp-json\/wp\/v2\/product\/729553","targetHints":{"allow":["GET"]}}],"collection":[{"href":"https:\/\/roveyayinevi.com.tr\/index.php\/wp-json\/wp\/v2\/product"}],"about":[{"href":"https:\/\/roveyayinevi.com.tr\/index.php\/wp-json\/wp\/v2\/types\/product"}],"wp:attachment":[{"href":"https:\/\/roveyayinevi.com.tr\/index.php\/wp-json\/wp\/v2\/media?parent=729553"}],"wp:term":[{"taxonomy":"product_brand","embeddable":true,"href":"https:\/\/roveyayinevi.com.tr\/index.php\/wp-json\/wp\/v2\/product_brand?post=729553"},{"taxonomy":"product_cat","embeddable":true,"href":"https:\/\/roveyayinevi.com.tr\/index.php\/wp-json\/wp\/v2\/product_cat?post=729553"},{"taxonomy":"product_tag","embeddable":true,"href":"https:\/\/roveyayinevi.com.tr\/index.php\/wp-json\/wp\/v2\/product_tag?post=729553"}],"curies":[{"name":"wp","href":"https:\/\/api.w.org\/{rel}","templated":true}]}}