{"id":729552,"date":"2025-08-27T20:57:41","date_gmt":"2025-08-27T17:57:41","guid":{"rendered":"https:\/\/roveyayinevi.com.tr\/index.php\/urun\/kontrolsuz-guc-vergilerimiz-nerede\/"},"modified":"2026-04-16T02:37:12","modified_gmt":"2026-04-15T23:37:12","slug":"kontrolsuz-guc-vergilerimiz-nerede","status":"publish","type":"product","link":"https:\/\/roveyayinevi.com.tr\/index.php\/urun\/kontrolsuz-guc-vergilerimiz-nerede\/","title":{"rendered":"Kontrols\u00fcz G\u00fc\u00e7 &#8211;  Vergilerimiz Nerede?"},"content":{"rendered":"<p>Sadece son on be\u015f y\u0131lda 5,58 trilyon lira vergi \u00f6dedik. Bu kadar vergi \u00f6deyiGe\u00e7sek de ge\u00e7mesek de yola-k\u00f6pr\u00fcye tekrar para \u00f6d\u00fcyorsak, \u0130zlemedi\u011fimiz bir televizyon kanal\u0131n\u0131 bizler finanse ediyorsak, Muayene katk\u0131 pay\u0131 \u00f6demeye devam ediyorsak, Devletin okuluna kay\u0131t yapt\u0131r\u0131rken kay\u0131t paras\u0131 \u00f6demek zorunda kal\u0131yorsak, Soka\u011f\u0131m\u0131zdaki asfalta kat\u0131l\u0131m pay\u0131 \u00f6d\u00fcyorsak, Garantili hastaneleri biz y\u00fckleniyorsak, Harc\u0131n\u0131 \u00f6dedi\u011fimiz hizmete bir de d\u00f6ner sermaye bedeli \u00f6d\u00fcyorsak, \u0130\u015fsizlik maa\u015f\u0131na bile damga vergisi \u00f6d\u00fcyorsak, \u0130smini dahi bilmedi\u011fimiz nice paylar, fonlar, hizmet bedelleri ile kar\u015f\u0131la\u015f\u0131yorsak, Ve bir sosyal devlette e\u015fit ve \u00fccretsiz almam\u0131z gereken neredeyse t\u00fcm hizmetlere tekrar bu kadar para \u00f6d\u00fcyorsak; O zaman soru \u015fu: VERG\u0130LER\u0130M\u0130Z NEREDE? Her bir vatanda\u015f bu soruyu mutlaka sormal\u0131d\u0131r. \u00c7\u00fcnk\u00fc bu \u00fclkeye ger\u00e7ek demokrasi; neye ne kadar vergi \u00f6dedi\u011fini bilen, bunun fark\u0131nda olan ve \u00f6dedi\u011fi her kuru\u015f verginin nerelere harcand\u0131\u011f\u0131n\u0131n hesab\u0131n\u0131 soran bir toplum ile gelecektir.<\/p>\n","protected":false},"excerpt":{"rendered":"<p>Sadece son on be\u015f y\u0131lda 5,58 trilyon lira vergi \u00f6dedik. Bu kadar vergi \u00f6deyiGe\u00e7sek de ge\u00e7mesek de yola-k\u00f6pr\u00fcye tekrar para \u00f6d\u00fcyorsak, \u0130zlemedi\u011fimiz bir televizyon kanal\u0131n\u0131 bizler<span class=\"excerpt-hellip\"> [\u2026]<\/span><\/p>\n","protected":false},"featured_media":0,"template":"","meta":{"_monsterinsights_skip_tracking":false,"_monsterinsights_sitenote_active":false,"_monsterinsights_sitenote_note":"","_monsterinsights_sitenote_category":0},"product_brand":[],"product_cat":[13043,14144],"product_tag":[],"class_list":{"0":"post-729552","1":"product","2":"type-product","3":"status-publish","5":"product_cat-ekonomi","6":"product_cat-turkiye-ekonomisi","7":"pa_cilt-ciltsiz","8":"pa_tur-kitap","9":"pa_yayinevi-sia-kitap","10":"pa_yazar-ozan-bingol","12":"first","13":"instock","14":"sale","15":"shipping-taxable","16":"purchasable","17":"product-type-simple"},"_links":{"self":[{"href":"https:\/\/roveyayinevi.com.tr\/index.php\/wp-json\/wp\/v2\/product\/729552","targetHints":{"allow":["GET"]}}],"collection":[{"href":"https:\/\/roveyayinevi.com.tr\/index.php\/wp-json\/wp\/v2\/product"}],"about":[{"href":"https:\/\/roveyayinevi.com.tr\/index.php\/wp-json\/wp\/v2\/types\/product"}],"wp:attachment":[{"href":"https:\/\/roveyayinevi.com.tr\/index.php\/wp-json\/wp\/v2\/media?parent=729552"}],"wp:term":[{"taxonomy":"product_brand","embeddable":true,"href":"https:\/\/roveyayinevi.com.tr\/index.php\/wp-json\/wp\/v2\/product_brand?post=729552"},{"taxonomy":"product_cat","embeddable":true,"href":"https:\/\/roveyayinevi.com.tr\/index.php\/wp-json\/wp\/v2\/product_cat?post=729552"},{"taxonomy":"product_tag","embeddable":true,"href":"https:\/\/roveyayinevi.com.tr\/index.php\/wp-json\/wp\/v2\/product_tag?post=729552"}],"curies":[{"name":"wp","href":"https:\/\/api.w.org\/{rel}","templated":true}]}}