{"id":729550,"date":"2025-08-27T20:57:39","date_gmt":"2025-08-27T17:57:39","guid":{"rendered":"https:\/\/roveyayinevi.com.tr\/index.php\/urun\/futbolikler-3-hayalet-kalecinin-gizemi-ciltli\/"},"modified":"2026-04-16T02:37:12","modified_gmt":"2026-04-15T23:37:12","slug":"futbolikler-3-hayalet-kalecinin-gizemi-ciltli","status":"publish","type":"product","link":"https:\/\/roveyayinevi.com.tr\/index.php\/urun\/futbolikler-3-hayalet-kalecinin-gizemi-ciltli\/","title":{"rendered":"Futbolikler 3: Hayalet Kalecinin Gizemi (Ciltli)"},"content":{"rendered":"<p>Okul y\u0131l\u0131 ba\u015flad\u0131 ve s\u0131n\u0131fa yeni biri geldi. \u00c7in\u2019in Tianjin \u015fehrinden Deng Wao. Bir matematik dehas\u0131. Hatta baz\u0131lar\u0131na g\u00f6re d\u00fc\u015f\u00fcnce bile okuyabiliyor. As\u0131l mesele \u015fu: Soto Alto tak\u0131m\u0131n\u0131n se\u00e7melerine kat\u0131ld\u0131. Alt\u0131 di\u011fer \u00e7ocukla birlikte. Ama tak\u0131m sadece dokuz ki\u015filikti. Dahas\u0131, Soto Alto\u2019nun ligdeki yeri acayip bir iddia y\u00fcz\u00fcnden tehlikedeydi. Yoksa bu, futboliklerin sonu mu olacakt\u0131? <\/p>\n","protected":false},"excerpt":{"rendered":"<p>Okul y\u0131l\u0131 ba\u015flad\u0131 ve s\u0131n\u0131fa yeni biri geldi. \u00c7in\u2019in Tianjin \u015fehrinden Deng Wao. Bir matematik dehas\u0131. Hatta baz\u0131lar\u0131na g\u00f6re d\u00fc\u015f\u00fcnce bile okuyabiliyor. As\u0131l mesele \u015fu: Soto<span class=\"excerpt-hellip\"> [\u2026]<\/span><\/p>\n","protected":false},"featured_media":0,"template":"","meta":{"_monsterinsights_skip_tracking":false,"_monsterinsights_sitenote_active":false,"_monsterinsights_sitenote_note":"","_monsterinsights_sitenote_category":0},"product_brand":[],"product_cat":[12275,12274],"product_tag":[],"class_list":{"0":"post-729550","1":"product","2":"type-product","3":"status-publish","5":"product_cat-6-12-yas-kitaplari","6":"product_cat-cocuk-ve-genclik-kitaplari","7":"pa_cilt-ciltli","8":"pa_tur-kitap","9":"pa_yayinevi-epsilon-yayinlari","10":"pa_yazar-roberto-santiago","12":"first","13":"instock","14":"sale","15":"shipping-taxable","16":"purchasable","17":"product-type-simple"},"_links":{"self":[{"href":"https:\/\/roveyayinevi.com.tr\/index.php\/wp-json\/wp\/v2\/product\/729550","targetHints":{"allow":["GET"]}}],"collection":[{"href":"https:\/\/roveyayinevi.com.tr\/index.php\/wp-json\/wp\/v2\/product"}],"about":[{"href":"https:\/\/roveyayinevi.com.tr\/index.php\/wp-json\/wp\/v2\/types\/product"}],"wp:attachment":[{"href":"https:\/\/roveyayinevi.com.tr\/index.php\/wp-json\/wp\/v2\/media?parent=729550"}],"wp:term":[{"taxonomy":"product_brand","embeddable":true,"href":"https:\/\/roveyayinevi.com.tr\/index.php\/wp-json\/wp\/v2\/product_brand?post=729550"},{"taxonomy":"product_cat","embeddable":true,"href":"https:\/\/roveyayinevi.com.tr\/index.php\/wp-json\/wp\/v2\/product_cat?post=729550"},{"taxonomy":"product_tag","embeddable":true,"href":"https:\/\/roveyayinevi.com.tr\/index.php\/wp-json\/wp\/v2\/product_tag?post=729550"}],"curies":[{"name":"wp","href":"https:\/\/api.w.org\/{rel}","templated":true}]}}