{"id":729549,"date":"2025-08-27T20:57:38","date_gmt":"2025-08-27T17:57:38","guid":{"rendered":"https:\/\/roveyayinevi.com.tr\/index.php\/urun\/gumus-serce\/"},"modified":"2026-04-16T02:37:12","modified_gmt":"2026-04-15T23:37:12","slug":"gumus-serce","status":"publish","type":"product","link":"https:\/\/roveyayinevi.com.tr\/index.php\/urun\/gumus-serce\/","title":{"rendered":"G\u00fcm\u00fc\u015f Ser\u00e7e"},"content":{"rendered":"<p>Karanl\u0131klar\u0131 ancak sevginin \u0131\u015f\u0131\u011f\u0131 ayd\u0131nlatabilir\u2026   Mireille, Claire ve Vivienne\u2026 Sava\u015fla pen\u00e7ele\u015fen Paris\u2019in ortas\u0131ndaki bir moda evinde kaderin bir araya getirdi\u011fi bu \u00fc\u00e7 gen\u00e7 terzi, her \u015feye ra\u011fmen normal hayatlar\u0131na devam etmeye ve hayallerine tutunmaya \u00e7al\u0131\u015fmaktad\u0131r. Fakat sava\u015f ac\u0131mas\u0131z y\u00fcz\u00fcn\u00fc onlara da g\u00f6sterdi\u011finde hepsi birer se\u00e7im yapmak zorunda kal\u0131r. Mireille, \u015fahit olduklar\u0131na daha fazla katlanamayarak gizli faaliyetler y\u00fcr\u00fcten Direni\u015f\u2019e kat\u0131l\u0131rken Claire, g\u00f6nl\u00fcn\u00fc d\u00fc\u015fmana, bir Alman askerine kapt\u0131r\u0131r. Vivienne ise \u00f6yle bir s\u0131r sakl\u0131yordur ki bildiklerini en yak\u0131n dostlar\u0131yla bile payla\u015famaz. \u00d6te yandan vakti geldi\u011finde, h\u0131zla d\u00fcnyalar\u0131n\u0131 sarmakta olan karanl\u0131\u011f\u0131 ayd\u0131nlatmak i\u00e7in dostlu\u011fun, ba\u011fl\u0131l\u0131\u011f\u0131n ve sevginin \u0131\u015f\u0131\u011f\u0131na g\u00fcvenmek zorunda kalacaklard\u0131r.   Y\u0131llar sonra ise Claire\u2019in torunu Harriet, \u015fans eseri kendisini Paris\u2019te, \u00fcstelik b\u00fcy\u00fckannesinin y\u0131llar \u00f6nce ya\u015fam\u0131\u015f oldu\u011fu binada bulur. Fakat ailesi hakk\u0131ndaki ger\u00e7eklerden olu\u015fan bulmacay\u0131 \u00e7\u00f6zerek yaln\u0131zl\u0131\u011f\u0131n\u0131, \u00e7aresizli\u011fini ge\u00e7mi\u015fine ait herhangi bir par\u00e7ayla doldurabilmeyi umarken, sand\u0131\u011f\u0131ndan \u00e7ok daha karanl\u0131k ve ac\u0131 dolu bir hik\u00e2yeyle kar\u015f\u0131la\u015f\u0131r.   Washington Post, Wall Street Journal ve Amazon olmak \u00fczere bir\u00e7ok \u00e7ok satanlar listesinde ad\u0131ndan s\u00f6z ettiren G\u00fcm\u00fc\u015f Ser\u00e7e, ger\u00e7ek hayatlardan esinlenen kurgusuyla kalplerde ve haf\u0131zalarda silinmeyecek izler b\u0131rakmaya aday. <\/p>\n","protected":false},"excerpt":{"rendered":"<p>Karanl\u0131klar\u0131 ancak sevginin \u0131\u015f\u0131\u011f\u0131 ayd\u0131nlatabilir\u2026 Mireille, Claire ve Vivienne\u2026 Sava\u015fla pen\u00e7ele\u015fen Paris\u2019in ortas\u0131ndaki bir moda evinde kaderin bir araya getirdi\u011fi bu \u00fc\u00e7 gen\u00e7 terzi, her \u015feye<span class=\"excerpt-hellip\"> [\u2026]<\/span><\/p>\n","protected":false},"featured_media":0,"template":"","meta":{"_monsterinsights_skip_tracking":false,"_monsterinsights_sitenote_active":false,"_monsterinsights_sitenote_note":"","_monsterinsights_sitenote_category":0},"product_brand":[],"product_cat":[12291,12711],"product_tag":[],"class_list":{"0":"post-729549","1":"product","2":"type-product","3":"status-publish","5":"product_cat-edebiyat","6":"product_cat-roman-oyku","7":"pa_cilt-ciltsiz","8":"pa_tur-kitap","9":"pa_yayinevi-arkadya-yayinlari","10":"pa_yazar-fiona-valpy","12":"first","13":"instock","14":"sale","15":"shipping-taxable","16":"purchasable","17":"product-type-simple"},"_links":{"self":[{"href":"https:\/\/roveyayinevi.com.tr\/index.php\/wp-json\/wp\/v2\/product\/729549","targetHints":{"allow":["GET"]}}],"collection":[{"href":"https:\/\/roveyayinevi.com.tr\/index.php\/wp-json\/wp\/v2\/product"}],"about":[{"href":"https:\/\/roveyayinevi.com.tr\/index.php\/wp-json\/wp\/v2\/types\/product"}],"wp:attachment":[{"href":"https:\/\/roveyayinevi.com.tr\/index.php\/wp-json\/wp\/v2\/media?parent=729549"}],"wp:term":[{"taxonomy":"product_brand","embeddable":true,"href":"https:\/\/roveyayinevi.com.tr\/index.php\/wp-json\/wp\/v2\/product_brand?post=729549"},{"taxonomy":"product_cat","embeddable":true,"href":"https:\/\/roveyayinevi.com.tr\/index.php\/wp-json\/wp\/v2\/product_cat?post=729549"},{"taxonomy":"product_tag","embeddable":true,"href":"https:\/\/roveyayinevi.com.tr\/index.php\/wp-json\/wp\/v2\/product_tag?post=729549"}],"curies":[{"name":"wp","href":"https:\/\/api.w.org\/{rel}","templated":true}]}}