{"id":729544,"date":"2025-08-27T20:57:34","date_gmt":"2025-08-27T17:57:34","guid":{"rendered":"https:\/\/roveyayinevi.com.tr\/index.php\/urun\/1-avuc-sair-1-avuc-siir-bir-avuc-siir-grubu-2\/"},"modified":"2026-04-16T02:37:12","modified_gmt":"2026-04-15T23:37:12","slug":"1-avuc-sair-1-avuc-siir-bir-avuc-siir-grubu-2","status":"publish","type":"product","link":"https:\/\/roveyayinevi.com.tr\/index.php\/urun\/1-avuc-sair-1-avuc-siir-bir-avuc-siir-grubu-2\/","title":{"rendered":"1 Avu\u00e7 \u015eair 1 Avu\u00e7 \u015eiir &#8211; Bir Avu\u00e7 \u015eiir Grubu-2"},"content":{"rendered":"<p>Merhaba sevgili okurlar\u0131m\u0131z; \u00d6ncelikle \u015funu belirtmeliyim ki, bu kitaba ba\u015flarken, birinci kitab\u0131m\u0131za ba\u015flarken duydu\u011fum heyecan ve co\u015fkuyu yeniden ya\u015fad\u0131m. \u00d6yle ya! Yeni \u015fairler, yeni kalemler. yeni dostlarla yola \u00e7\u0131k\u0131yorduk. Bu yolculukta ki temel anlay\u0131\u015f\u0131m\u0131z&#8221; Hepimiz birimiz, birimiz hepimiz i\u00e7indi&#8221; Bu kitab\u0131n siz okurlara ula\u015fmas\u0131nda b\u00fcy\u00fck eme\u011fi olan grup  y\u00f6neticimiz \u015eair, yorumcu Ali TURGUT beye yine \u00e7al\u0131\u015fmalar\u0131m\u0131zda deste\u011fini esirgemeyen yorumcu, \u015fair grup y\u00f6neticimiz sevgili Suna T\u00fcrkmen G\u00dcNG\u00d6R han\u0131ma sonsuz te\u015fekk\u00fcrlerimi sunar, t\u00fcm okurlar\u0131m\u0131za sevgi ve sayg\u0131lar\u0131m\u0131zla taktim ederiz\u2026   Bir Avu\u00e7 \u015eiir Grubu Ad\u0131na <\/p>\n","protected":false},"excerpt":{"rendered":"<p>Merhaba sevgili okurlar\u0131m\u0131z; \u00d6ncelikle \u015funu belirtmeliyim ki, bu kitaba ba\u015flarken, birinci kitab\u0131m\u0131za ba\u015flarken duydu\u011fum heyecan ve co\u015fkuyu yeniden ya\u015fad\u0131m. \u00d6yle ya! Yeni \u015fairler, yeni kalemler. yeni<span class=\"excerpt-hellip\"> [\u2026]<\/span><\/p>\n","protected":false},"featured_media":0,"template":"","meta":{"_monsterinsights_skip_tracking":false,"_monsterinsights_sitenote_active":false,"_monsterinsights_sitenote_note":"","_monsterinsights_sitenote_category":0},"product_brand":[],"product_cat":[12291,12509],"product_tag":[],"class_list":{"0":"post-729544","1":"product","2":"type-product","3":"status-publish","5":"product_cat-edebiyat","6":"product_cat-siir","7":"pa_cilt-ciltsiz","8":"pa_tur-kitap","9":"pa_yayinevi-gulnar-yayinlari","10":"pa_yazar-gulnar-yayinlari-kolektif","12":"first","13":"instock","14":"sale","15":"shipping-taxable","16":"purchasable","17":"product-type-simple"},"_links":{"self":[{"href":"https:\/\/roveyayinevi.com.tr\/index.php\/wp-json\/wp\/v2\/product\/729544","targetHints":{"allow":["GET"]}}],"collection":[{"href":"https:\/\/roveyayinevi.com.tr\/index.php\/wp-json\/wp\/v2\/product"}],"about":[{"href":"https:\/\/roveyayinevi.com.tr\/index.php\/wp-json\/wp\/v2\/types\/product"}],"wp:attachment":[{"href":"https:\/\/roveyayinevi.com.tr\/index.php\/wp-json\/wp\/v2\/media?parent=729544"}],"wp:term":[{"taxonomy":"product_brand","embeddable":true,"href":"https:\/\/roveyayinevi.com.tr\/index.php\/wp-json\/wp\/v2\/product_brand?post=729544"},{"taxonomy":"product_cat","embeddable":true,"href":"https:\/\/roveyayinevi.com.tr\/index.php\/wp-json\/wp\/v2\/product_cat?post=729544"},{"taxonomy":"product_tag","embeddable":true,"href":"https:\/\/roveyayinevi.com.tr\/index.php\/wp-json\/wp\/v2\/product_tag?post=729544"}],"curies":[{"name":"wp","href":"https:\/\/api.w.org\/{rel}","templated":true}]}}