{"id":729543,"date":"2025-08-27T20:57:33","date_gmt":"2025-08-27T17:57:33","guid":{"rendered":"https:\/\/roveyayinevi.com.tr\/index.php\/urun\/1-avuc-sair-1-avuc-siir-bir-avuc-siir-grubu-3\/"},"modified":"2026-04-16T02:37:12","modified_gmt":"2026-04-15T23:37:12","slug":"1-avuc-sair-1-avuc-siir-bir-avuc-siir-grubu-3","status":"publish","type":"product","link":"https:\/\/roveyayinevi.com.tr\/index.php\/urun\/1-avuc-sair-1-avuc-siir-bir-avuc-siir-grubu-3\/","title":{"rendered":"1 Avu\u00e7 \u015eair 1 Avu\u00e7 \u015eiir &#8211; Bir Avu\u00e7 \u015eiir Grubu 3"},"content":{"rendered":"<p>Merhaba sevgili okurlar\u0131m\u0131z; \u00d6ncelikle \u015funu belirtmeliyiz ki, bu yola \u00e7\u0131karken 1. ve 2. Antolojiden sonra, 3. Antolojimizi Edebiyata kazand\u0131rabilmenin heyecan\u0131 sarm\u0131\u015ft\u0131. Birbirinden de\u011ferli \u015fairlerin kalemleri ile yol almak bizlerde muhte\u015fem bir haz uyand\u0131rd\u0131 ve bu \u015fevkle ba\u015flad\u0131k \u00e7al\u0131\u015fmalar\u0131m\u0131za. Tabi ki;  yeni yol arkada\u015flar\u0131, yeni \u015fairler ve g\u00fczel kalemler ile tekrar y\u00fcr\u00fcmek bizlerin sonsuz gururumuz ve mutlulu\u011fumuz oldu.  Bu yolculuktaki temel anlay\u0131\u015f\u0131m\u0131z  \u201cBirimiz hepimiz, hepimiz birimiz i\u00e7indi \u201d\u2026 Bu kitab\u0131n siz okurlara ula\u015fmas\u0131nda b\u00fcy\u00fck eme\u011fi olan grup y\u00f6neticimiz \u015fair, yorumcu Ali TURGUT beye yine \u00e7al\u0131\u015fmalar\u0131m\u0131zda deste\u011fini esirgemeyen yorumcu, \u015fair grup y\u00f6neticimiz sevgili Suna T\u00fcrkmen G\u00dcNG\u00d6R han\u0131ma sonsuz te\u015fekk\u00fcrlerimi sunar, t\u00fcm okurlar\u0131m\u0131za sevgi ve sayg\u0131lar\u0131m\u0131zla taktim ederiz\u2026 <\/p>\n","protected":false},"excerpt":{"rendered":"<p>Merhaba sevgili okurlar\u0131m\u0131z; \u00d6ncelikle \u015funu belirtmeliyiz ki, bu yola \u00e7\u0131karken 1. ve 2. Antolojiden sonra, 3. Antolojimizi Edebiyata kazand\u0131rabilmenin heyecan\u0131 sarm\u0131\u015ft\u0131. Birbirinden de\u011ferli \u015fairlerin kalemleri ile<span class=\"excerpt-hellip\"> [\u2026]<\/span><\/p>\n","protected":false},"featured_media":0,"template":"","meta":{"_monsterinsights_skip_tracking":false,"_monsterinsights_sitenote_active":false,"_monsterinsights_sitenote_note":"","_monsterinsights_sitenote_category":0},"product_brand":[],"product_cat":[12291,12509],"product_tag":[],"class_list":{"0":"post-729543","1":"product","2":"type-product","3":"status-publish","5":"product_cat-edebiyat","6":"product_cat-siir","7":"pa_cilt-ciltsiz","8":"pa_tur-kitap","9":"pa_yayinevi-gulnar-yayinlari","10":"pa_yazar-gulnar-yayinlari-kolektif","12":"first","13":"instock","14":"sale","15":"shipping-taxable","16":"purchasable","17":"product-type-simple"},"_links":{"self":[{"href":"https:\/\/roveyayinevi.com.tr\/index.php\/wp-json\/wp\/v2\/product\/729543","targetHints":{"allow":["GET"]}}],"collection":[{"href":"https:\/\/roveyayinevi.com.tr\/index.php\/wp-json\/wp\/v2\/product"}],"about":[{"href":"https:\/\/roveyayinevi.com.tr\/index.php\/wp-json\/wp\/v2\/types\/product"}],"wp:attachment":[{"href":"https:\/\/roveyayinevi.com.tr\/index.php\/wp-json\/wp\/v2\/media?parent=729543"}],"wp:term":[{"taxonomy":"product_brand","embeddable":true,"href":"https:\/\/roveyayinevi.com.tr\/index.php\/wp-json\/wp\/v2\/product_brand?post=729543"},{"taxonomy":"product_cat","embeddable":true,"href":"https:\/\/roveyayinevi.com.tr\/index.php\/wp-json\/wp\/v2\/product_cat?post=729543"},{"taxonomy":"product_tag","embeddable":true,"href":"https:\/\/roveyayinevi.com.tr\/index.php\/wp-json\/wp\/v2\/product_tag?post=729543"}],"curies":[{"name":"wp","href":"https:\/\/api.w.org\/{rel}","templated":true}]}}