{"id":729539,"date":"2025-08-27T20:57:29","date_gmt":"2025-08-27T17:57:29","guid":{"rendered":"https:\/\/roveyayinevi.com.tr\/index.php\/urun\/yasamin-sifresini-degistirmek\/"},"modified":"2026-04-16T02:37:12","modified_gmt":"2026-04-15T23:37:12","slug":"yasamin-sifresini-degistirmek","status":"publish","type":"product","link":"https:\/\/roveyayinevi.com.tr\/index.php\/urun\/yasamin-sifresini-degistirmek\/","title":{"rendered":"Ya\u015fam\u0131n \u015eifresini De\u011fi\u015ftirmek"},"content":{"rendered":"<p>Arka Kapak Yaz\u0131s\u0131 Biz insanlar binlerce y\u0131l \u00f6nce baz\u0131 bitki ve hayvan t\u00fcrlerini evcille\u015ftirmeye giri\u015ferek uygarl\u0131\u011f\u0131n temelini att\u0131k. Evcille\u015ftirirken asl\u0131nda bu canl\u0131 t\u00fcrlerinin \u201cgenleriyle oynad\u0131k\u201d. \u00d6nce uygun bireyleri se\u00e7ip \u00e7iftle\u015ftirerek, daha \u00e7ok tane veren bu\u011fday ba\u015faklar\u0131, daha \u00e7ok s\u00fct veren koyunlar elde ettik, kurdu k\u00f6pe\u011fe d\u00f6n\u00fc\u015ft\u00fcrd\u00fck. Daha sonra modern bilim sayesinde bu canl\u0131lar\u0131n genetik \u015fifrelerine do\u011frudan m\u00fcdahale etmeye ba\u015flad\u0131k. Bug\u00fcnse insan sa\u011fl\u0131\u011f\u0131na zararl\u0131 olabilecek bu geneti\u011fi de\u011fi\u015ftirme tekniklerinin yerine \u201cgen d\u00fczenleme\u201d ad\u0131 verilen g\u00fcvenilir tekni\u011fi kullan\u0131yoruz. Bu teknik sayesinde, besin kayna\u011f\u0131m\u0131z olan bitki ve hayvan t\u00fcrlerini \u0131slah ediyor; genetik hastal\u0131klar\u0131 iyile\u015ftiriyor; zararl\u0131 bitki ve hayvan t\u00fcrleriyle m\u00fccadele ediyoruz. Ya\u015fam\u0131n \u015eifresini De\u011fi\u015ftirmek \u201cgenetikle oynama\u201d konusunda akl\u0131n\u0131za tak\u0131lan t\u00fcm sorular\u0131 yan\u0131tlayacak.  \u201cCarey\u2019nin [gen d\u00fczenlemenin] potansiyel uygulama alanlar\u0131n\u0131 inceleyi\u015fi olduk\u00e7a \u00f6\u011fretici. Odaklanmay\u0131 ihmal etmeden yepyeni bir d\u00fcnyan\u0131n \u015fip\u015fak foto\u011fraf\u0131n\u0131 \u00e7ekiyor.\u201d \u2014Nature <\/p>\n","protected":false},"excerpt":{"rendered":"<p>Arka Kapak Yaz\u0131s\u0131 Biz insanlar binlerce y\u0131l \u00f6nce baz\u0131 bitki ve hayvan t\u00fcrlerini evcille\u015ftirmeye giri\u015ferek uygarl\u0131\u011f\u0131n temelini att\u0131k. Evcille\u015ftirirken asl\u0131nda bu canl\u0131 t\u00fcrlerinin \u201cgenleriyle oynad\u0131k\u201d. \u00d6nce<span class=\"excerpt-hellip\"> [\u2026]<\/span><\/p>\n","protected":false},"featured_media":0,"template":"","meta":{"_monsterinsights_skip_tracking":false,"_monsterinsights_sitenote_active":false,"_monsterinsights_sitenote_note":"","_monsterinsights_sitenote_category":0},"product_brand":[],"product_cat":[13005,13006],"product_tag":[],"class_list":{"0":"post-729539","1":"product","2":"type-product","3":"status-publish","5":"product_cat-bilim-muhendislik","6":"product_cat-populer-bilim","7":"pa_cilt-ciltsiz","8":"pa_tur-kitap","9":"pa_yayinevi-say-yayinlari","10":"pa_yazar-nessa-carey","12":"first","13":"instock","14":"sale","15":"shipping-taxable","16":"purchasable","17":"product-type-simple"},"_links":{"self":[{"href":"https:\/\/roveyayinevi.com.tr\/index.php\/wp-json\/wp\/v2\/product\/729539","targetHints":{"allow":["GET"]}}],"collection":[{"href":"https:\/\/roveyayinevi.com.tr\/index.php\/wp-json\/wp\/v2\/product"}],"about":[{"href":"https:\/\/roveyayinevi.com.tr\/index.php\/wp-json\/wp\/v2\/types\/product"}],"wp:attachment":[{"href":"https:\/\/roveyayinevi.com.tr\/index.php\/wp-json\/wp\/v2\/media?parent=729539"}],"wp:term":[{"taxonomy":"product_brand","embeddable":true,"href":"https:\/\/roveyayinevi.com.tr\/index.php\/wp-json\/wp\/v2\/product_brand?post=729539"},{"taxonomy":"product_cat","embeddable":true,"href":"https:\/\/roveyayinevi.com.tr\/index.php\/wp-json\/wp\/v2\/product_cat?post=729539"},{"taxonomy":"product_tag","embeddable":true,"href":"https:\/\/roveyayinevi.com.tr\/index.php\/wp-json\/wp\/v2\/product_tag?post=729539"}],"curies":[{"name":"wp","href":"https:\/\/api.w.org\/{rel}","templated":true}]}}