{"id":729538,"date":"2025-08-27T20:57:28","date_gmt":"2025-08-27T17:57:28","guid":{"rendered":"https:\/\/roveyayinevi.com.tr\/index.php\/urun\/turkce-cevirileriyle-farsca-oykuler\/"},"modified":"2026-04-16T02:37:12","modified_gmt":"2026-04-15T23:37:12","slug":"turkce-cevirileriyle-farsca-oykuler","status":"publish","type":"product","link":"https:\/\/roveyayinevi.com.tr\/index.php\/urun\/turkce-cevirileriyle-farsca-oykuler\/","title":{"rendered":"T\u00fcrk\u00e7e \u00c7evirileriyle Fars\u00e7a \u00d6yk\u00fcler"},"content":{"rendered":"<p>Fars\u00e7a \u00f6yk\u00fclerine ve destanlar\u0131na ilgi duyanlar i\u00e7in faydal\u0131 olaca\u011f\u0131n\u0131 d\u00fc\u015f\u00fcnd\u00fc\u011f\u00fcm\u00fcz bu kitap i\u00e7inde ge\u00e7en b\u00fct\u00fcn \u00f6yk\u00fclerin T\u00fcrk\u00e7e terc\u00fcmesi yap\u0131lm\u0131\u015f olup ayr\u0131ca yanlar\u0131nda fars\u00e7a metni \u00f6\u011frenme a\u00e7\u0131s\u0131ndan \u00f6\u011frencilerimize ve ilgi duyanlara katk\u0131 sa\u011flayacakt\u0131r. <\/p>\n","protected":false},"excerpt":{"rendered":"<p>Fars\u00e7a \u00f6yk\u00fclerine ve destanlar\u0131na ilgi duyanlar i\u00e7in faydal\u0131 olaca\u011f\u0131n\u0131 d\u00fc\u015f\u00fcnd\u00fc\u011f\u00fcm\u00fcz bu kitap i\u00e7inde ge\u00e7en b\u00fct\u00fcn \u00f6yk\u00fclerin T\u00fcrk\u00e7e terc\u00fcmesi yap\u0131lm\u0131\u015f olup ayr\u0131ca yanlar\u0131nda fars\u00e7a metni \u00f6\u011frenme a\u00e7\u0131s\u0131ndan<span class=\"excerpt-hellip\"> [\u2026]<\/span><\/p>\n","protected":false},"featured_media":0,"template":"","meta":{"_monsterinsights_skip_tracking":false,"_monsterinsights_sitenote_active":false,"_monsterinsights_sitenote_note":"","_monsterinsights_sitenote_category":0},"product_brand":[],"product_cat":[25522,14597,12566],"product_tag":[],"class_list":{"0":"post-729538","1":"product","2":"type-product","3":"status-publish","5":"product_cat-diger-diller","6":"product_cat-dil-ogrenimi","7":"product_cat-egitim","8":"pa_cilt-ciltsiz","9":"pa_tur-kitap","10":"pa_yayinevi-altinordu-yayinlari","11":"pa_yazar-shahed-parvizikhosroshahi","13":"first","14":"instock","15":"sale","16":"shipping-taxable","17":"purchasable","18":"product-type-simple"},"_links":{"self":[{"href":"https:\/\/roveyayinevi.com.tr\/index.php\/wp-json\/wp\/v2\/product\/729538","targetHints":{"allow":["GET"]}}],"collection":[{"href":"https:\/\/roveyayinevi.com.tr\/index.php\/wp-json\/wp\/v2\/product"}],"about":[{"href":"https:\/\/roveyayinevi.com.tr\/index.php\/wp-json\/wp\/v2\/types\/product"}],"wp:attachment":[{"href":"https:\/\/roveyayinevi.com.tr\/index.php\/wp-json\/wp\/v2\/media?parent=729538"}],"wp:term":[{"taxonomy":"product_brand","embeddable":true,"href":"https:\/\/roveyayinevi.com.tr\/index.php\/wp-json\/wp\/v2\/product_brand?post=729538"},{"taxonomy":"product_cat","embeddable":true,"href":"https:\/\/roveyayinevi.com.tr\/index.php\/wp-json\/wp\/v2\/product_cat?post=729538"},{"taxonomy":"product_tag","embeddable":true,"href":"https:\/\/roveyayinevi.com.tr\/index.php\/wp-json\/wp\/v2\/product_tag?post=729538"}],"curies":[{"name":"wp","href":"https:\/\/api.w.org\/{rel}","templated":true}]}}